{"id":745896,"date":"2025-08-28T02:30:22","date_gmt":"2025-08-27T23:30:22","guid":{"rendered":"https:\/\/roveyayinevi.com.tr\/index.php\/urun\/fureya-koral-sanat-ulkesi-2-ciltli\/"},"modified":"2026-04-16T02:58:23","modified_gmt":"2026-04-15T23:58:23","slug":"fureya-koral-sanat-ulkesi-2-ciltli","status":"publish","type":"product","link":"https:\/\/roveyayinevi.com.tr\/index.php\/urun\/fureya-koral-sanat-ulkesi-2-ciltli\/","title":{"rendered":"F\u00fcreya Koral &#8211; Sanat \u00dclkesi 2 (Ciltli)"},"content":{"rendered":"<p>Sanat \u00dclkesi serisi, \u00e7ocuklara T\u00fcrkiye\u2019nin sanat\u00e7\u0131lar\u0131n\u0131 tan\u0131tmay\u0131 ve onlar\u0131n zihinlerinde bu \u00fclkenin \u00e7izgilerine dair bir imge olu\u015fturmay\u0131 ama\u00e7l\u0131yor. \u0130lkay Canan Okkal\u0131 taraf\u0131ndan kaleme al\u0131nan serinin ikinci kitab\u0131, T\u00fcrkiye&#8217;nin ilk kad\u0131n seramik sanat\u00e7\u0131s\u0131 F\u00fcreya Koral&#8217;\u0131n hayat\u0131n\u0131 anlat\u0131yor.   <\/p>\n","protected":false},"excerpt":{"rendered":"<p>Sanat \u00dclkesi serisi, \u00e7ocuklara T\u00fcrkiye\u2019nin sanat\u00e7\u0131lar\u0131n\u0131 tan\u0131tmay\u0131 ve onlar\u0131n zihinlerinde bu \u00fclkenin \u00e7izgilerine dair bir imge olu\u015fturmay\u0131 ama\u00e7l\u0131yor. \u0130lkay Canan Okkal\u0131 taraf\u0131ndan kaleme al\u0131nan serinin ikinci<span class=\"excerpt-hellip\"> [\u2026]<\/span><\/p>\n","protected":false},"featured_media":0,"template":"","meta":{"_monsterinsights_skip_tracking":false,"_monsterinsights_sitenote_active":false,"_monsterinsights_sitenote_note":"","_monsterinsights_sitenote_category":0},"product_brand":[],"product_cat":[12274,12631],"product_tag":[],"class_list":{"0":"post-745896","1":"product","2":"type-product","3":"status-publish","5":"product_cat-cocuk-ve-genclik-kitaplari","6":"product_cat-diger-cocuk-ve-genclik-kitaplari","7":"pa_cilt-ciltli","8":"pa_tur-kitap","9":"pa_yayinevi-ketebe-yayinlari","10":"pa_yazar-ilkay-canan-okkali","12":"first","13":"instock","14":"sale","15":"shipping-taxable","16":"purchasable","17":"product-type-simple"},"_links":{"self":[{"href":"https:\/\/roveyayinevi.com.tr\/index.php\/wp-json\/wp\/v2\/product\/745896","targetHints":{"allow":["GET"]}}],"collection":[{"href":"https:\/\/roveyayinevi.com.tr\/index.php\/wp-json\/wp\/v2\/product"}],"about":[{"href":"https:\/\/roveyayinevi.com.tr\/index.php\/wp-json\/wp\/v2\/types\/product"}],"wp:attachment":[{"href":"https:\/\/roveyayinevi.com.tr\/index.php\/wp-json\/wp\/v2\/media?parent=745896"}],"wp:term":[{"taxonomy":"product_brand","embeddable":true,"href":"https:\/\/roveyayinevi.com.tr\/index.php\/wp-json\/wp\/v2\/product_brand?post=745896"},{"taxonomy":"product_cat","embeddable":true,"href":"https:\/\/roveyayinevi.com.tr\/index.php\/wp-json\/wp\/v2\/product_cat?post=745896"},{"taxonomy":"product_tag","embeddable":true,"href":"https:\/\/roveyayinevi.com.tr\/index.php\/wp-json\/wp\/v2\/product_tag?post=745896"}],"curies":[{"name":"wp","href":"https:\/\/api.w.org\/{rel}","templated":true}]}}