{"id":745895,"date":"2025-08-28T02:30:21","date_gmt":"2025-08-27T23:30:21","guid":{"rendered":"https:\/\/roveyayinevi.com.tr\/index.php\/urun\/eglenceli-labirentler\/"},"modified":"2026-04-16T02:58:23","modified_gmt":"2026-04-15T23:58:23","slug":"eglenceli-labirentler","status":"publish","type":"product","link":"https:\/\/roveyayinevi.com.tr\/index.php\/urun\/eglenceli-labirentler\/","title":{"rendered":"E\u011flenceli Labirentler"},"content":{"rendered":"<p>Labirentleri sever misin? Hani \u015fu karmakar\u0131\u015f\u0131k yollardan olu\u015fan ve \u00e7\u0131k\u0131\u015f yolunu bulmaya \u00e7al\u0131\u015ft\u0131\u011f\u0131m\u0131z labirentler. \u0130\u015fte bu kitapta labirentleri ge\u00e7erek bazen bir \u00e7i\u00e7ek bah\u00e7esine bazen de bir \u00e7iftli\u011fe gidece\u011fiz. Bazense bir yavruyu annesine kavu\u015fturarak kahramanlar\u0131m\u0131za yard\u0131m edece\u011fiz. A\u011fa\u00e7ta, su ve toprak alt\u0131nda, g\u00f6ky\u00fcz\u00fcnde ve kutuplarda\u2026 K\u0131sacas\u0131 labirentler her yerde. Sensiz olmaz. Haydi, e\u011flenceli labirentlerde \u00e7\u0131k\u0131\u015f yolunu birlikte bulal\u0131m.<\/p>\n","protected":false},"excerpt":{"rendered":"<p>Labirentleri sever misin? Hani \u015fu karmakar\u0131\u015f\u0131k yollardan olu\u015fan ve \u00e7\u0131k\u0131\u015f yolunu bulmaya \u00e7al\u0131\u015ft\u0131\u011f\u0131m\u0131z labirentler. \u0130\u015fte bu kitapta labirentleri ge\u00e7erek bazen bir \u00e7i\u00e7ek bah\u00e7esine bazen de bir<span class=\"excerpt-hellip\"> [\u2026]<\/span><\/p>\n","protected":false},"featured_media":0,"template":"","meta":{"_monsterinsights_skip_tracking":false,"_monsterinsights_sitenote_active":false,"_monsterinsights_sitenote_note":"","_monsterinsights_sitenote_category":0},"product_brand":[],"product_cat":[12913,12274],"product_tag":[],"class_list":{"0":"post-745895","1":"product","2":"type-product","3":"status-publish","5":"product_cat-3-6-yas-kitaplari","6":"product_cat-cocuk-ve-genclik-kitaplari","7":"pa_cilt-ciltsiz","8":"pa_tur-kitap","9":"pa_yayinevi-ketebe-yayinlari","10":"pa_yazar-esma-genc","12":"first","13":"instock","14":"sale","15":"shipping-taxable","16":"purchasable","17":"product-type-simple"},"_links":{"self":[{"href":"https:\/\/roveyayinevi.com.tr\/index.php\/wp-json\/wp\/v2\/product\/745895","targetHints":{"allow":["GET"]}}],"collection":[{"href":"https:\/\/roveyayinevi.com.tr\/index.php\/wp-json\/wp\/v2\/product"}],"about":[{"href":"https:\/\/roveyayinevi.com.tr\/index.php\/wp-json\/wp\/v2\/types\/product"}],"wp:attachment":[{"href":"https:\/\/roveyayinevi.com.tr\/index.php\/wp-json\/wp\/v2\/media?parent=745895"}],"wp:term":[{"taxonomy":"product_brand","embeddable":true,"href":"https:\/\/roveyayinevi.com.tr\/index.php\/wp-json\/wp\/v2\/product_brand?post=745895"},{"taxonomy":"product_cat","embeddable":true,"href":"https:\/\/roveyayinevi.com.tr\/index.php\/wp-json\/wp\/v2\/product_cat?post=745895"},{"taxonomy":"product_tag","embeddable":true,"href":"https:\/\/roveyayinevi.com.tr\/index.php\/wp-json\/wp\/v2\/product_tag?post=745895"}],"curies":[{"name":"wp","href":"https:\/\/api.w.org\/{rel}","templated":true}]}}