{"id":745894,"date":"2025-08-28T02:30:20","date_gmt":"2025-08-27T23:30:20","guid":{"rendered":"https:\/\/roveyayinevi.com.tr\/index.php\/urun\/mekanizmalar-ticari-finansman-yatirimi-hardcover-ciltli\/"},"modified":"2026-04-16T02:58:23","modified_gmt":"2026-04-15T23:58:23","slug":"mekanizmalar-ticari-finansman-yatirimi-hardcover-ciltli","status":"publish","type":"product","link":"https:\/\/roveyayinevi.com.tr\/index.php\/urun\/mekanizmalar-ticari-finansman-yatirimi-hardcover-ciltli\/","title":{"rendered":"Mekanizmalar: Ticari Finansman Yat\u0131r\u0131m\u0131 (Hardcover, Ciltli)"},"content":{"rendered":"<p>Mekanizmalar: Ticari Finansman Yat\u0131r\u0131m\u0131 kitab\u0131, finansa ilgi duyan gerek bu alanda \u00e7al\u0131\u015fan uzmanlar gerekse daha fazlas\u0131n\u0131 \u00f6\u011frenmek isteyen okurlar i\u00e7in basit ve anla\u015f\u0131l\u0131r bir dille ustaca kaleme al\u0131nm\u0131\u015ft\u0131r. Andreas Schweitzer, ticaret ve finans alanlar\u0131nda du\u0308nyan\u0131n bir\u00e7ok noktas\u0131nda g\u00f6rev alm\u0131\u015ft\u0131r. Schweitzer bu kitapta, tecru\u0308belerini ve iki y\u0131l su\u0308ren yo\u011fun ara\u015ft\u0131rmas\u0131n\u0131n sonu\u00e7lar\u0131n\u0131 finansla ilgilenen okurlar\u0131yla payla\u015f\u0131yor ve ticari finansman\u0131n neden bu kadar \u00e7ekici bir varl\u0131k s\u0131n\u0131f\u0131 oldu\u011funun anla\u015f\u0131lmas\u0131n\u0131 sa\u011fl\u0131yor. Uluslararas\u0131 bir ekip taraf\u0131ndan yap\u0131lan derin bir ara\u015ft\u0131rmaya dayanan ve zekice yaz\u0131lm\u0131\u015f bu kitap, okura, belki de fark\u0131nda bile olmad\u0131\u011f\u0131 bir yat\u0131r\u0131m f\u0131rsat\u0131n\u0131 sunuyor: Ticari finansmana yat\u0131r\u0131m yapmay\u0131 du\u0308\u015fu\u0308nmu\u0308yorsan\u0131z bile, bilinmelisiniz ki ticaret i\u015fe yar\u0131yor! Kapsaml\u0131 s\u00f6zlu\u0308\u011fu\u0308yle ve finans tarihine h\u0131zl\u0131 bir bak\u0131\u015f atarak nelerin yanl\u0131\u015f gitti\u011fine -ve e\u011fer gelecekte yanl\u0131\u015f giderse, bunun nas\u0131l \u00f6nlenebilece\u011fine- dair de\u011ferlendirmeleriyle, okurlar kendilerini tarihsel bir yolculuk i\u00e7inde bulacak. \u00b7         Yat\u0131r\u0131m se\u00e7enekleri aras\u0131nda neden ticari finansman\u0131n kendine yer bulmas\u0131 gerekti\u011fini anlamak, \u00b7         Piyasalar hakk\u0131nda en gu\u0308ncel bilgileri \u00f6\u011frenmek ve \u00b7         Orta Asya ve Avrupa\u2019da su\u0308regiden 30 y\u0131ll\u0131k bir tecru\u0308benin faydalanmak i\u00e7in bu kitab\u0131 okumal\u0131s\u0131n\u0131z! Bu kitab\u0131 bu\u0308tu\u0308n di\u011fer yat\u0131r\u0131m kitaplar\u0131na benzer beklentilerle ald\u0131m ama Schweitzer\u2019in sundu\u011fu bilgilere hayran kald\u0131m. Tamara Nall\/The Leading Niche Y\u00f6netim Kurulu Ba\u015fkan\u0131 ve Kurucusu Schweitzer, ticaret ve sermaye arac\u0131l\u0131\u011f\u0131yla gu\u0308\u00e7lendirilmi\u015f yat\u0131r\u0131mlar\u0131n, hem s\u0131radan hem de deneyimli yat\u0131r\u0131mc\u0131lar i\u00e7in ne kadar faydal\u0131 bir se\u00e7enek oldu\u011funu vurguluyor. Ger\u00e7ekten de istisnai bir okuma. Paul L. Gunn, Jr.\/KUOG Corporation\u2019\u0131n Kurucusu Andreas Schweitzer, yat\u0131r\u0131m yapmay\u0131 \u00f6\u011frenen herkese yard\u0131m\u0131 dokunabilecek bir tarzda kendi yat\u0131r\u0131m \u00f6yku\u0308su\u0308nu\u0308 anlat\u0131yor. Glenn Hopper\/Sandline Global\u2019in Mali \u0130\u015fler Mu\u0308du\u0308ru\u0308; \u00e7ok satan Deep Finance adl\u0131 kitab\u0131n yazar\u0131<\/p>\n","protected":false},"excerpt":{"rendered":"<p>Mekanizmalar: Ticari Finansman Yat\u0131r\u0131m\u0131 kitab\u0131, finansa ilgi duyan gerek bu alanda \u00e7al\u0131\u015fan uzmanlar gerekse daha fazlas\u0131n\u0131 \u00f6\u011frenmek isteyen okurlar i\u00e7in basit ve anla\u015f\u0131l\u0131r bir dille ustaca<span class=\"excerpt-hellip\"> [\u2026]<\/span><\/p>\n","protected":false},"featured_media":0,"template":"","meta":{"_monsterinsights_skip_tracking":false,"_monsterinsights_sitenote_active":false,"_monsterinsights_sitenote_note":"","_monsterinsights_sitenote_category":0},"product_brand":[],"product_cat":[17249,13043],"product_tag":[],"class_list":{"0":"post-745894","1":"product","2":"type-product","3":"status-publish","5":"product_cat-borsa-finans","6":"product_cat-ekonomi","7":"pa_cilt-ciltli","8":"pa_tur-kitap","9":"pa_yayinevi-efil-yayinevi","10":"pa_yazar-andreas-schweitzer","12":"first","13":"instock","14":"sale","15":"shipping-taxable","16":"purchasable","17":"product-type-simple"},"_links":{"self":[{"href":"https:\/\/roveyayinevi.com.tr\/index.php\/wp-json\/wp\/v2\/product\/745894","targetHints":{"allow":["GET"]}}],"collection":[{"href":"https:\/\/roveyayinevi.com.tr\/index.php\/wp-json\/wp\/v2\/product"}],"about":[{"href":"https:\/\/roveyayinevi.com.tr\/index.php\/wp-json\/wp\/v2\/types\/product"}],"wp:attachment":[{"href":"https:\/\/roveyayinevi.com.tr\/index.php\/wp-json\/wp\/v2\/media?parent=745894"}],"wp:term":[{"taxonomy":"product_brand","embeddable":true,"href":"https:\/\/roveyayinevi.com.tr\/index.php\/wp-json\/wp\/v2\/product_brand?post=745894"},{"taxonomy":"product_cat","embeddable":true,"href":"https:\/\/roveyayinevi.com.tr\/index.php\/wp-json\/wp\/v2\/product_cat?post=745894"},{"taxonomy":"product_tag","embeddable":true,"href":"https:\/\/roveyayinevi.com.tr\/index.php\/wp-json\/wp\/v2\/product_tag?post=745894"}],"curies":[{"name":"wp","href":"https:\/\/api.w.org\/{rel}","templated":true}]}}