{"id":745893,"date":"2025-08-28T02:30:18","date_gmt":"2025-08-27T23:30:18","guid":{"rendered":"https:\/\/roveyayinevi.com.tr\/index.php\/urun\/her-kusursuz-sey\/"},"modified":"2026-04-16T02:58:23","modified_gmt":"2026-04-15T23:58:23","slug":"her-kusursuz-sey","status":"publish","type":"product","link":"https:\/\/roveyayinevi.com.tr\/index.php\/urun\/her-kusursuz-sey\/","title":{"rendered":"Her Kusursuz \u015eey"},"content":{"rendered":"<p>\u201cZorbalar\u0131n pe\u015finde oldu\u011fu \u015fey bu muydu acaba?Herkesin i\u00e7indeki iyili\u011fi s\u00f6k\u00fcp atmak m\u0131 istiyorlard\u0131?\u201dNanette O\u2019Hare kendini bildi bileli futbol tak\u0131m\u0131n\u0131n y\u0131ld\u0131z\u0131yd\u0131 ve derslerinde \u00e7ok ba\u015far\u0131l\u0131yd\u0131. Fakat i\u00e7ten i\u00e7e bir \u015feylerin eksik oldu\u011funu biliyordu. Herkes gibi olmak ad\u0131na neden kendini feda etmesi gerekti\u011fini bir t\u00fcrl\u00fc anlayam\u0131yordu.\u00c7ok sevdi\u011fi bir \u00f6\u011fretmeni ona Sak\u0131z Bi\u00e7ici ad\u0131nda gizemli, art\u0131k bask\u0131s\u0131 bulunmayan bir kitab\u0131n y\u0131pranm\u0131\u015f bir kopyas\u0131n\u0131 hediye etti\u011finde, Nanette\u2019in i\u00e7indeki asi uyanacakt\u0131. Bu yeni ve laf\u0131n\u0131 esirgemeyen h\u00e2li b\u00fcy\u00fck bir co\u015fkuyla ger\u00e7ek benli\u011fini d\u00fcnyaya kabul ettirmeye \u00e7al\u0131\u015f\u0131rken beklenmedik arkada\u015fl\u0131klar ve sorumluluklarla kar\u015f\u0131la\u015facakt\u0131.Farkl\u0131 hisseden ve bunu kabul etmeye cesareti olanlar\u0131n \u00f6\u011frenmesi gereken bir \u015fey vard\u0131: Kendini bulmak i\u00e7in \u00f6nce kaybolmak gerekirdi ve bu ac\u0131mas\u0131z yol herkese g\u00f6re de\u011fildi.\u201cYazar\u0131n ak\u0131c\u0131 bir dille kaleme ald\u0131\u011f\u0131 hik\u00e2ye, on sekiz ya\u015f\u0131ndaki hassas bir k\u0131z\u0131n \u00e7evresindeki s\u0131\u011fl\u0131kla m\u00fccadele ederken d\u00fc\u015f\u00fcnd\u00fcklerini ve hissettiklerini i\u00e7eriyor\u2026\u201d \u2014VOYA, starred review\u201cBundan \u00f6nceki asi ve uyumsuz gen\u00e7 kitaplar\u0131 gibi, bu da kendine gen\u00e7ler aras\u0131nda sad\u0131k okurlar bulacak.\u201d \u2014School Library Journal, starred review\u201cQuick, uyumsuzlu\u011fa dair d\u00fc\u015f\u00fcnd\u00fcr\u00fcc\u00fc metinlerde ustala\u015fmaya devam ediyor ve b\u00fcy\u00fcmenin deneme yan\u0131lma evresinden ge\u00e7en sempatik bir gencin portresini m\u00fcthi\u015f bir inand\u0131r\u0131c\u0131l\u0131kla \u00e7iziyor.\u201d \u2014Publishers Weekly, starred review\u201cQuick\u2019in hik\u00e2yesi tuhaf gen\u00e7lere hitap ediyor: yaln\u0131zlara, asilere ve yarat\u0131c\u0131 tiplere; Booker\u2019\u0131n Bukowski ve Neruda okuma \u00f6nerisine uyacaklara; de\u011fi\u015fime haz\u0131r olanlara.\u201d \u2014The Horn Book\u201cG\u00fc\u00e7l\u00fc, iyi yaz\u0131lm\u0131\u015f kad\u0131n ba\u015fkahraman\u0131 bu gen\u00e7lik roman\u0131n\u0131 di\u011ferlerinden ay\u0131r\u0131yor.\u201d \u2014Kirkus\u201c\u0130\u011fneleyici g\u00f6zlemler ve anlaml\u0131 duygular\u0131n \u00e7e\u015fitlili\u011fiyle zenginle\u015fen hik\u00e2ye, zaman zaman insan\u0131 bo\u011fan ergenlik d\u00f6nemindeki bir gencin zihnine muazzam bir bak\u0131\u015f.\u201d \u2014Booklist\u201cQuick, Nanette\u2019in ayr\u0131cal\u0131kl\u0131 huzursuzlu\u011fundan duydu\u011fu endi\u015feye e\u015flik eden okurlara d\u00fc\u015f\u00fcnecekleri pek \u00e7ok \u015fey veriyor.\u201d \u2014BCCB\u201cHer Kusursuz \u015eey tam da bekledi\u011fim gibi\u2026 Quick\u2019in o muazzam karakteri Nanette\u2019in pe\u015finden s\u00fcr\u00fcklenmek isteyeceksiniz.\u201d \u2014Bustle<\/p>\n","protected":false},"excerpt":{"rendered":"<p>\u201cZorbalar\u0131n pe\u015finde oldu\u011fu \u015fey bu muydu acaba?Herkesin i\u00e7indeki iyili\u011fi s\u00f6k\u00fcp atmak m\u0131 istiyorlard\u0131?\u201dNanette O\u2019Hare kendini bildi bileli futbol tak\u0131m\u0131n\u0131n y\u0131ld\u0131z\u0131yd\u0131 ve derslerinde \u00e7ok ba\u015far\u0131l\u0131yd\u0131. Fakat i\u00e7ten<span class=\"excerpt-hellip\"> [\u2026]<\/span><\/p>\n","protected":false},"featured_media":0,"template":"","meta":{"_monsterinsights_skip_tracking":false,"_monsterinsights_sitenote_active":false,"_monsterinsights_sitenote_note":"","_monsterinsights_sitenote_category":0},"product_brand":[],"product_cat":[12291,12711],"product_tag":[],"class_list":{"0":"post-745893","1":"product","2":"type-product","3":"status-publish","5":"product_cat-edebiyat","6":"product_cat-roman-oyku","7":"pa_cilt-ciltsiz","8":"pa_tur-kitap","9":"pa_yayinevi-yabanci-yayinevi","10":"pa_yazar-matthew-quick","12":"first","13":"instock","14":"sale","15":"shipping-taxable","16":"purchasable","17":"product-type-simple"},"_links":{"self":[{"href":"https:\/\/roveyayinevi.com.tr\/index.php\/wp-json\/wp\/v2\/product\/745893","targetHints":{"allow":["GET"]}}],"collection":[{"href":"https:\/\/roveyayinevi.com.tr\/index.php\/wp-json\/wp\/v2\/product"}],"about":[{"href":"https:\/\/roveyayinevi.com.tr\/index.php\/wp-json\/wp\/v2\/types\/product"}],"wp:attachment":[{"href":"https:\/\/roveyayinevi.com.tr\/index.php\/wp-json\/wp\/v2\/media?parent=745893"}],"wp:term":[{"taxonomy":"product_brand","embeddable":true,"href":"https:\/\/roveyayinevi.com.tr\/index.php\/wp-json\/wp\/v2\/product_brand?post=745893"},{"taxonomy":"product_cat","embeddable":true,"href":"https:\/\/roveyayinevi.com.tr\/index.php\/wp-json\/wp\/v2\/product_cat?post=745893"},{"taxonomy":"product_tag","embeddable":true,"href":"https:\/\/roveyayinevi.com.tr\/index.php\/wp-json\/wp\/v2\/product_tag?post=745893"}],"curies":[{"name":"wp","href":"https:\/\/api.w.org\/{rel}","templated":true}]}}