{"id":745892,"date":"2025-08-28T02:30:17","date_gmt":"2025-08-27T23:30:17","guid":{"rendered":"https:\/\/roveyayinevi.com.tr\/index.php\/urun\/olumlamalarla-bilincaltini-kodla\/"},"modified":"2026-04-15T03:08:37","modified_gmt":"2026-04-15T00:08:37","slug":"olumlamalarla-bilincaltini-kodla","status":"publish","type":"product","link":"https:\/\/roveyayinevi.com.tr\/index.php\/urun\/olumlamalarla-bilincaltini-kodla\/","title":{"rendered":"Olumlamalarla Bilin\u00e7alt\u0131n\u0131 Kodla"},"content":{"rendered":"<p>Bilmeniz ve hep hat\u0131rlaman\u0131z gereken \u015fey:S\u0130H\u0130R S\u0130ZS\u0130N\u0130Z! \u00d6yleyse DE\u011e\u0130\u015e\u0130M BA\u015eLASIN\u2026Unutmay\u0131n, bilin\u00e7alt\u0131 sahibi ne isterse onu vermeye odakl\u0131d\u0131r.Herkesin dilindeki olumlamalar nedir? Nas\u0131l yap\u0131l\u0131r, etkisi nedir?Soru sorman\u0131n g\u00fcc\u00fc ve evrenin cevaplama \u015fekli nas\u0131ld\u0131r?Niyet tekni\u011fi nedir? Hangi c\u00fcmleler niyetimizin kap\u0131lar\u0131n\u0131 a\u00e7ar?\u00c7akralar\u0131n t\u0131kan\u0131kl\u0131\u011f\u0131 nas\u0131l anla\u015f\u0131l\u0131r? Olumlamayla \u00e7akra temizli\u011fi nas\u0131l yap\u0131l\u0131r?Hayal panosu nedir ve nas\u0131l haz\u0131rlan\u0131r?Kendi \u00fczerinizde \u00e7al\u0131\u015fabilece\u011finiz, h\u0131zl\u0131 sonu\u00e7 veren teknikler nelerdir?Sizin bu hayatta ger\u00e7ekten istedi\u011finiz \u015feyler neler?Ba\u015far\u0131, zenginlik, mutluluk, sa\u011fl\u0131k, a\u015fk, g\u00fczellik\u2026De\u011fi\u015fim istiyorsan\u0131z, hep ayn\u0131 d\u00f6ng\u00fcn\u00fcn i\u00e7inde olmaktan yorulduysan\u0131z bu kitap tam size g\u00f6re. Kitapta verilen teknikleri ve olumlamalar\u0131 uygulamaya ba\u015flad\u0131\u011f\u0131n\u0131zda t\u00fcm hayat\u0131n\u0131z\u0131n k\u00fc\u00e7\u00fck mucizelerle de\u011fi\u015fti\u011fini g\u00f6zlemleyeceksiniz.Ebru Karakan \u201cOlumlamalarla Bilin\u00e7alt\u0131n\u0131 Kodla\u201d kitab\u0131nda, bilin\u00e7alt\u0131 g\u00fcc\u00fcm\u00fcz\u00fc harekete ge\u00e7irerek i\u00e7 ve d\u0131\u015f d\u00fcnyam\u0131z\u0131 daha sa\u011fl\u0131kl\u0131 h\u00e2le getirmenin anahtar\u0131n\u0131 sunuyor bizlere.<\/p>\n","protected":false},"excerpt":{"rendered":"<p>Bilmeniz ve hep hat\u0131rlaman\u0131z gereken \u015fey:S\u0130H\u0130R S\u0130ZS\u0130N\u0130Z! \u00d6yleyse DE\u011e\u0130\u015e\u0130M BA\u015eLASIN\u2026Unutmay\u0131n, bilin\u00e7alt\u0131 sahibi ne isterse onu vermeye odakl\u0131d\u0131r.Herkesin dilindeki olumlamalar nedir? Nas\u0131l yap\u0131l\u0131r, etkisi nedir?Soru sorman\u0131n g\u00fcc\u00fc<span class=\"excerpt-hellip\"> [\u2026]<\/span><\/p>\n","protected":false},"featured_media":0,"template":"","meta":{"_monsterinsights_skip_tracking":false,"_monsterinsights_sitenote_active":false,"_monsterinsights_sitenote_note":"","_monsterinsights_sitenote_category":0},"product_brand":[],"product_cat":[12364,12376],"product_tag":[],"class_list":{"0":"post-745892","1":"product","2":"type-product","3":"status-publish","5":"product_cat-genel-konular","6":"product_cat-kisisel-gelisim","7":"pa_cilt-ciltsiz","8":"pa_tur-kitap","9":"pa_yayinevi-muptela-yayinevi","10":"pa_yazar-ebru-karakan","12":"first","13":"instock","14":"sale","15":"shipping-taxable","16":"purchasable","17":"product-type-simple"},"_links":{"self":[{"href":"https:\/\/roveyayinevi.com.tr\/index.php\/wp-json\/wp\/v2\/product\/745892","targetHints":{"allow":["GET"]}}],"collection":[{"href":"https:\/\/roveyayinevi.com.tr\/index.php\/wp-json\/wp\/v2\/product"}],"about":[{"href":"https:\/\/roveyayinevi.com.tr\/index.php\/wp-json\/wp\/v2\/types\/product"}],"wp:attachment":[{"href":"https:\/\/roveyayinevi.com.tr\/index.php\/wp-json\/wp\/v2\/media?parent=745892"}],"wp:term":[{"taxonomy":"product_brand","embeddable":true,"href":"https:\/\/roveyayinevi.com.tr\/index.php\/wp-json\/wp\/v2\/product_brand?post=745892"},{"taxonomy":"product_cat","embeddable":true,"href":"https:\/\/roveyayinevi.com.tr\/index.php\/wp-json\/wp\/v2\/product_cat?post=745892"},{"taxonomy":"product_tag","embeddable":true,"href":"https:\/\/roveyayinevi.com.tr\/index.php\/wp-json\/wp\/v2\/product_tag?post=745892"}],"curies":[{"name":"wp","href":"https:\/\/api.w.org\/{rel}","templated":true}]}}