{"id":745891,"date":"2025-08-28T02:30:16","date_gmt":"2025-08-27T23:30:16","guid":{"rendered":"https:\/\/roveyayinevi.com.tr\/index.php\/urun\/karanliktir\/"},"modified":"2026-04-16T02:58:23","modified_gmt":"2026-04-15T23:58:23","slug":"karanliktir","status":"publish","type":"product","link":"https:\/\/roveyayinevi.com.tr\/index.php\/urun\/karanliktir\/","title":{"rendered":"Karanl\u0131kt\u0131r"},"content":{"rendered":"<p>bu sanatlara bu kitaplara bu foto\u011fraflara bakmak \u00e7ok daha \u00e7ok neyi \u00f6\u011frenmek istiyorum ki ben hangi teredd\u00fcd\u00fcn hangi varman\u0131n kayg\u0131s\u0131 bu \u015fiiri de ba\u011f\u0131\u015flanm\u0131\u015f bir biyoloji kitab\u0131ndan kapt\u0131m zaten \u00fcst\u00fcme o zamanlar b\u00fcy\u00fck gelen.   <\/p>\n","protected":false},"excerpt":{"rendered":"<p>bu sanatlara bu kitaplara bu foto\u011fraflara bakmak \u00e7ok daha \u00e7ok neyi \u00f6\u011frenmek istiyorum ki ben hangi teredd\u00fcd\u00fcn hangi varman\u0131n kayg\u0131s\u0131 bu \u015fiiri de ba\u011f\u0131\u015flanm\u0131\u015f bir biyoloji<span class=\"excerpt-hellip\"> [\u2026]<\/span><\/p>\n","protected":false},"featured_media":0,"template":"","meta":{"_monsterinsights_skip_tracking":false,"_monsterinsights_sitenote_active":false,"_monsterinsights_sitenote_note":"","_monsterinsights_sitenote_category":0},"product_brand":[],"product_cat":[12291,12509],"product_tag":[],"class_list":{"0":"post-745891","1":"product","2":"type-product","3":"status-publish","5":"product_cat-edebiyat","6":"product_cat-siir","7":"pa_cilt-ciltsiz","8":"pa_tur-kitap","9":"pa_yayinevi-ithaki-yayinlari","10":"pa_yazar-gokhan-bakar","12":"first","13":"instock","14":"sale","15":"shipping-taxable","16":"purchasable","17":"product-type-simple"},"_links":{"self":[{"href":"https:\/\/roveyayinevi.com.tr\/index.php\/wp-json\/wp\/v2\/product\/745891","targetHints":{"allow":["GET"]}}],"collection":[{"href":"https:\/\/roveyayinevi.com.tr\/index.php\/wp-json\/wp\/v2\/product"}],"about":[{"href":"https:\/\/roveyayinevi.com.tr\/index.php\/wp-json\/wp\/v2\/types\/product"}],"wp:attachment":[{"href":"https:\/\/roveyayinevi.com.tr\/index.php\/wp-json\/wp\/v2\/media?parent=745891"}],"wp:term":[{"taxonomy":"product_brand","embeddable":true,"href":"https:\/\/roveyayinevi.com.tr\/index.php\/wp-json\/wp\/v2\/product_brand?post=745891"},{"taxonomy":"product_cat","embeddable":true,"href":"https:\/\/roveyayinevi.com.tr\/index.php\/wp-json\/wp\/v2\/product_cat?post=745891"},{"taxonomy":"product_tag","embeddable":true,"href":"https:\/\/roveyayinevi.com.tr\/index.php\/wp-json\/wp\/v2\/product_tag?post=745891"}],"curies":[{"name":"wp","href":"https:\/\/api.w.org\/{rel}","templated":true}]}}