{"id":745890,"date":"2025-08-28T02:30:15","date_gmt":"2025-08-27T23:30:15","guid":{"rendered":"https:\/\/roveyayinevi.com.tr\/index.php\/urun\/ve-sinem-1-cilt\/"},"modified":"2026-04-16T02:58:23","modified_gmt":"2026-04-15T23:58:23","slug":"ve-sinem-1-cilt","status":"publish","type":"product","link":"https:\/\/roveyayinevi.com.tr\/index.php\/urun\/ve-sinem-1-cilt\/","title":{"rendered":"Ve Sinem 1. Cilt"},"content":{"rendered":"<p>Ve Sinem raflara d\u00f6n\u00fcyor!   H\u0131zl\u0131 ve kalbur\u00fcst\u00fc ya\u015fam tarz\u0131n\u0131n yan\u0131 s\u0131ra y\u00fcksek bir \u00f6zg\u00fcvene sahip Sinem, v\u00fccut geli\u015ftirme tak\u0131nt\u0131l\u0131 sevgilisi Alper, evlilik hayalleriyle ya\u015fayan ablas\u0131 Ebru, ayr\u0131l\u0131k hayalleriyle ya\u015fayan eni\u015ftesi Engin, Engin\u2019in i\u015fe yaramaz karde\u015fi Utku ve onun daha da i\u015fe yaramaz arkada\u015flar\u0131\u2026 Bir yandan \u0130stanbul\u2019un renkli ve zengin ortamlar\u0131, di\u011fer yandan iflah olmaz varo\u015flar\u0131\u2026 Hepsi Ve Sinem \u00e7izgi \u00f6yk\u00fclerinde.   \u201cVe Sinem, ilgin\u00e7 ve ba\u015far\u0131l\u0131 bir \u00e7izgi roman, yar\u0131n da hat\u0131rlanacak. Orta s\u0131n\u0131flara, metropole, \u015fimdiki zamana bu kadar yak\u0131ndan bakan yerli bir \u00e7al\u0131\u015fma konu\u015fulmay\u0131 hak ediyor.\u201d \u2013Levent Cantek     <\/p>\n","protected":false},"excerpt":{"rendered":"<p>Ve Sinem raflara d\u00f6n\u00fcyor! H\u0131zl\u0131 ve kalbur\u00fcst\u00fc ya\u015fam tarz\u0131n\u0131n yan\u0131 s\u0131ra y\u00fcksek bir \u00f6zg\u00fcvene sahip Sinem, v\u00fccut geli\u015ftirme tak\u0131nt\u0131l\u0131 sevgilisi Alper, evlilik hayalleriyle ya\u015fayan ablas\u0131 Ebru,<span class=\"excerpt-hellip\"> [\u2026]<\/span><\/p>\n","protected":false},"featured_media":0,"template":"","meta":{"_monsterinsights_skip_tracking":false,"_monsterinsights_sitenote_active":false,"_monsterinsights_sitenote_note":"","_monsterinsights_sitenote_category":0},"product_brand":[],"product_cat":[12689,12274],"product_tag":[],"class_list":{"0":"post-745890","1":"product","2":"type-product","3":"status-publish","5":"product_cat-cizgi-roman-cocuk-ve-genclik-kitaplari","6":"product_cat-cocuk-ve-genclik-kitaplari","7":"pa_cilt-ciltsiz","8":"pa_tur-kitap","9":"pa_yayinevi-ithaki-yayinlari","10":"pa_yazar-cihan-kilic","12":"first","13":"instock","14":"sale","15":"shipping-taxable","16":"purchasable","17":"product-type-simple"},"_links":{"self":[{"href":"https:\/\/roveyayinevi.com.tr\/index.php\/wp-json\/wp\/v2\/product\/745890","targetHints":{"allow":["GET"]}}],"collection":[{"href":"https:\/\/roveyayinevi.com.tr\/index.php\/wp-json\/wp\/v2\/product"}],"about":[{"href":"https:\/\/roveyayinevi.com.tr\/index.php\/wp-json\/wp\/v2\/types\/product"}],"wp:attachment":[{"href":"https:\/\/roveyayinevi.com.tr\/index.php\/wp-json\/wp\/v2\/media?parent=745890"}],"wp:term":[{"taxonomy":"product_brand","embeddable":true,"href":"https:\/\/roveyayinevi.com.tr\/index.php\/wp-json\/wp\/v2\/product_brand?post=745890"},{"taxonomy":"product_cat","embeddable":true,"href":"https:\/\/roveyayinevi.com.tr\/index.php\/wp-json\/wp\/v2\/product_cat?post=745890"},{"taxonomy":"product_tag","embeddable":true,"href":"https:\/\/roveyayinevi.com.tr\/index.php\/wp-json\/wp\/v2\/product_tag?post=745890"}],"curies":[{"name":"wp","href":"https:\/\/api.w.org\/{rel}","templated":true}]}}