{"id":745889,"date":"2025-08-28T02:30:13","date_gmt":"2025-08-27T23:30:13","guid":{"rendered":"https:\/\/roveyayinevi.com.tr\/index.php\/urun\/galateia-bir-oyku\/"},"modified":"2026-04-16T02:58:23","modified_gmt":"2026-04-15T23:58:23","slug":"galateia-bir-oyku","status":"publish","type":"product","link":"https:\/\/roveyayinevi.com.tr\/index.php\/urun\/galateia-bir-oyku\/","title":{"rendered":"Galateia: Bir \u00d6yk\u00fc"},"content":{"rendered":"<p>Ben, Kirke ve Akhilleus\u2019un \u015eark\u0131s\u0131\u2019n\u0131n yazar\u0131 Madeline Miller\u2019dan mitolojik bir \u00f6yk\u00fc\u2026Ben eskiden ta\u015ft\u0131m. G\u00fczeldim g\u00fczel olmas\u0131na ama mutlulu\u011fu, ka\u00e7\u0131\u015f\u0131 elinden al\u0131nm\u0131\u015f bir g\u00fczellik neye yarar? Tek arzum biraz d\u0131\u015far\u0131 \u00e7\u0131k\u0131p g\u00fcne\u015fin alt\u0131nda y\u00fcr\u00fcmekti\u2026 k\u0131z\u0131mla beraber. \u201cMuhta\u00e7s\u0131n,\u201d derdi bana yarat\u0131c\u0131m, \u201cutanman da yok \u00fcstelik, y\u00fcz\u00fcn bile k\u0131zarm\u0131yor\u2026Heykelt\u0131ra\u015f\u0131 ve sonra da kocas\u0131 Pygmalion\u2019un elinde hayat bulan Galateia esaretine al\u0131\u015fm\u0131\u015ft\u0131r \u00e2deta. Ama k\u0131z\u0131 Paphos\u2019un da ayn\u0131 kadere s\u00fcr\u00fcklendi\u011fini fark edince \u00f6zg\u00fcrl\u00fc\u011f\u00fcne bir an evvel ula\u015fmak ad\u0131na ba\u015fka bir ihtimalin pe\u015fine d\u00fc\u015fmeye karar verir.Edebiyattan sinemaya bir\u00e7ok esere ilham veren, kad\u0131n\u0131n ba\u015ftan yarat\u0131lmas\u0131 \u00fczerine temel bir anlat\u0131 olan Galateia efsanesi bu defa bir kad\u0131n\u0131n elinde yeniden hayat buluyor.\u201cBir \u00f6yk\u00fcl\u00fc\u011f\u00fcne de olsa Madeline Miller\u2019\u0131n mitolojik anlat\u0131lara d\u00f6n\u00fc\u015f\u00fcn\u00fc g\u00f6rmek harika.\u201d \u2014Library JournalAmbra Garlaschelli\u2019nin ill\u00fcstrasyonlar\u0131yla.<\/p>\n","protected":false},"excerpt":{"rendered":"<p>Ben, Kirke ve Akhilleus\u2019un \u015eark\u0131s\u0131\u2019n\u0131n yazar\u0131 Madeline Miller\u2019dan mitolojik bir \u00f6yk\u00fc\u2026Ben eskiden ta\u015ft\u0131m. G\u00fczeldim g\u00fczel olmas\u0131na ama mutlulu\u011fu, ka\u00e7\u0131\u015f\u0131 elinden al\u0131nm\u0131\u015f bir g\u00fczellik neye yarar? Tek<span class=\"excerpt-hellip\"> [\u2026]<\/span><\/p>\n","protected":false},"featured_media":0,"template":"","meta":{"_monsterinsights_skip_tracking":false,"_monsterinsights_sitenote_active":false,"_monsterinsights_sitenote_note":"","_monsterinsights_sitenote_category":0},"product_brand":[],"product_cat":[12291,14777],"product_tag":[],"class_list":{"0":"post-745889","1":"product","2":"type-product","3":"status-publish","5":"product_cat-edebiyat","6":"product_cat-fantastik","7":"pa_cilt-ciltsiz","8":"pa_tur-kitap","9":"pa_yayinevi-ithaki-yayinlari","10":"pa_yazar-madeline-miller","12":"first","13":"instock","14":"sale","15":"shipping-taxable","16":"purchasable","17":"product-type-simple"},"_links":{"self":[{"href":"https:\/\/roveyayinevi.com.tr\/index.php\/wp-json\/wp\/v2\/product\/745889","targetHints":{"allow":["GET"]}}],"collection":[{"href":"https:\/\/roveyayinevi.com.tr\/index.php\/wp-json\/wp\/v2\/product"}],"about":[{"href":"https:\/\/roveyayinevi.com.tr\/index.php\/wp-json\/wp\/v2\/types\/product"}],"wp:attachment":[{"href":"https:\/\/roveyayinevi.com.tr\/index.php\/wp-json\/wp\/v2\/media?parent=745889"}],"wp:term":[{"taxonomy":"product_brand","embeddable":true,"href":"https:\/\/roveyayinevi.com.tr\/index.php\/wp-json\/wp\/v2\/product_brand?post=745889"},{"taxonomy":"product_cat","embeddable":true,"href":"https:\/\/roveyayinevi.com.tr\/index.php\/wp-json\/wp\/v2\/product_cat?post=745889"},{"taxonomy":"product_tag","embeddable":true,"href":"https:\/\/roveyayinevi.com.tr\/index.php\/wp-json\/wp\/v2\/product_tag?post=745889"}],"curies":[{"name":"wp","href":"https:\/\/api.w.org\/{rel}","templated":true}]}}