{"id":745888,"date":"2025-08-28T02:30:12","date_gmt":"2025-08-27T23:30:12","guid":{"rendered":"https:\/\/roveyayinevi.com.tr\/index.php\/urun\/80-gunde-dunya-turu-3\/"},"modified":"2026-04-16T02:58:23","modified_gmt":"2026-04-15T23:58:23","slug":"80-gunde-dunya-turu-3","status":"publish","type":"product","link":"https:\/\/roveyayinevi.com.tr\/index.php\/urun\/80-gunde-dunya-turu-3\/","title":{"rendered":"80 G\u00fcnde D\u00fcnya Turu"},"content":{"rendered":"<p>\u00c7ocuklar i\u00e7in d\u00fcnya klasikleri l\u00fcks, ciltli \u00f6zel tasar\u0131mlar\u0131yla&#8230; Yaln\u0131z ya\u015fayan zengin \u0130ngiliz centilmeni Phileas Fogg, \u00fcyesi oldu\u011fu Londra Reform Kul\u00fcp\u2019te, ger\u00e7ekle\u015ftirilmesi imk\u00e2ns\u0131z g\u00f6r\u00fcnen bir konuda arkada\u015flar\u0131yla iddiaya girer: D\u00fcnyan\u0131n \u00e7evresini 80 g\u00fcnde dola\u015facakt\u0131r. Arkada\u015flar\u0131na d\u00f6n\u00fcp \u201cTam 80 g\u00fcn sonra 21 Aral\u0131k\u2019ta ayn\u0131 saatte beni burada bekleyin\u201d diyerek kul\u00fcpten ayr\u0131lan Bay Fogg, yard\u0131mc\u0131s\u0131 Paspartu ile birlikte tren, gemi, k\u0131zak hatta fil bile kullanaca\u011f\u0131 zorlu bir yolculu\u011fa \u00e7\u0131kar. Jules Verne bu \u00fcnl\u00fc macera roman\u0131n\u0131, 19. y\u00fczy\u0131lda ya\u015fanan teknik geli\u015fmelerin \u00f6nc\u00fcl\u00fck etti\u011fi S\u00fcvey\u015f Kanal\u0131 ve Trans Amerika demiryolu gibi yeni ula\u015f\u0131m olanaklar\u0131n\u0131n seyahat etmeyi daha kolayla\u015ft\u0131rmas\u0131ndan esinlenerek yazm\u0131\u015ft\u0131r. <\/p>\n","protected":false},"excerpt":{"rendered":"<p>\u00c7ocuklar i\u00e7in d\u00fcnya klasikleri l\u00fcks, ciltli \u00f6zel tasar\u0131mlar\u0131yla&#8230; Yaln\u0131z ya\u015fayan zengin \u0130ngiliz centilmeni Phileas Fogg, \u00fcyesi oldu\u011fu Londra Reform Kul\u00fcp\u2019te, ger\u00e7ekle\u015ftirilmesi imk\u00e2ns\u0131z g\u00f6r\u00fcnen bir konuda arkada\u015flar\u0131yla<span class=\"excerpt-hellip\"> [\u2026]<\/span><\/p>\n","protected":false},"featured_media":0,"template":"","meta":{"_monsterinsights_skip_tracking":false,"_monsterinsights_sitenote_active":false,"_monsterinsights_sitenote_note":"","_monsterinsights_sitenote_category":0},"product_brand":[],"product_cat":[12274,12467],"product_tag":[],"class_list":{"0":"post-745888","1":"product","2":"type-product","3":"status-publish","5":"product_cat-cocuk-ve-genclik-kitaplari","6":"product_cat-dunya-klasikleri","7":"pa_cilt-ciltsiz","8":"pa_tur-kitap","9":"pa_yayinevi-remzi-kitabevi","10":"pa_yazar-jules-verne","12":"first","13":"instock","14":"sale","15":"shipping-taxable","16":"purchasable","17":"product-type-simple"},"_links":{"self":[{"href":"https:\/\/roveyayinevi.com.tr\/index.php\/wp-json\/wp\/v2\/product\/745888","targetHints":{"allow":["GET"]}}],"collection":[{"href":"https:\/\/roveyayinevi.com.tr\/index.php\/wp-json\/wp\/v2\/product"}],"about":[{"href":"https:\/\/roveyayinevi.com.tr\/index.php\/wp-json\/wp\/v2\/types\/product"}],"wp:attachment":[{"href":"https:\/\/roveyayinevi.com.tr\/index.php\/wp-json\/wp\/v2\/media?parent=745888"}],"wp:term":[{"taxonomy":"product_brand","embeddable":true,"href":"https:\/\/roveyayinevi.com.tr\/index.php\/wp-json\/wp\/v2\/product_brand?post=745888"},{"taxonomy":"product_cat","embeddable":true,"href":"https:\/\/roveyayinevi.com.tr\/index.php\/wp-json\/wp\/v2\/product_cat?post=745888"},{"taxonomy":"product_tag","embeddable":true,"href":"https:\/\/roveyayinevi.com.tr\/index.php\/wp-json\/wp\/v2\/product_tag?post=745888"}],"curies":[{"name":"wp","href":"https:\/\/api.w.org\/{rel}","templated":true}]}}