{"id":745886,"date":"2025-08-28T02:30:09","date_gmt":"2025-08-27T23:30:09","guid":{"rendered":"https:\/\/roveyayinevi.com.tr\/index.php\/urun\/yabanci-bir-ilahi\/"},"modified":"2026-04-13T03:04:33","modified_gmt":"2026-04-13T00:04:33","slug":"yabanci-bir-ilahi","status":"publish","type":"product","link":"https:\/\/roveyayinevi.com.tr\/index.php\/urun\/yabanci-bir-ilahi\/","title":{"rendered":"Yabanc\u0131 Bir \u0130lahi"},"content":{"rendered":"<p>Callypso Lillis, Deli Kral Karnon\u2019\u0131n hapishanesinden kurtulur ancak k\u00e2buslar\u0131 sona ermez. Callie tutsak edildi\u011fi g\u00fcnlerin hat\u0131rlat\u0131c\u0131s\u0131n\u0131 art\u0131k bedeninde ta\u015f\u0131maktad\u0131r. Ruh H\u0131rs\u0131z\u0131 ise h\u00e2l\u00e2 d\u0131\u015far\u0131da bir yerlerdedir. Callie ve Desmond peri d\u00fcnyas\u0131nda bar\u0131\u015f\u0131n temsili olarak kabul edilen G\u00fcnd\u00f6n\u00fcm\u00fc kutlamalar\u0131 i\u00e7in Flora Krall\u0131\u011f\u0131\u2019na gittiklerinde, d\u00f6rt bir yan\u0131 yemye\u015fil, b\u00fcy\u00fcleyici \u00e7i\u00e7ekler ve parlak peri \u0131\u015f\u0131klarla \u00e7evrili saraya ad\u0131mlar\u0131n\u0131 atar atmaz, kutlamalardan daha acil sorunlarla u\u011fra\u015fmak zorunda kal\u0131rlar. Hi\u00e7bir yer perilerin devasa balo salonlar\u0131ndan daha tehlikeli de\u011fildir. Hi\u00e7bir g\u00fc\u00e7 Callie\u2019yi kraliyet entrikalar\u0131ndan koruyamaz. Periler tehlikeli yarat\u0131klard\u0131r, oyun oynamay\u0131 severler. Baz\u0131lar\u0131 a\u015fk baz\u0131lar\u0131 intikam ister, baz\u0131lar\u0131 kan baz\u0131lar\u0131 dile getirilemeyecek \u015feyler ister. Kesin olan tek \u015fey hi\u00e7birinin g\u00f6r\u00fcnd\u00fc\u011f\u00fc gibi olmad\u0131\u011f\u0131d\u0131r. S\u0131rlar\u0131na her ge\u00e7en g\u00fcn yenilerini ekleyerek daha gizemli birine d\u00f6n\u00fc\u015fen Des bile. Flora Krall\u0131\u011f\u0131\u2019nda entrikalarla dolu balolar ve kutlamalar devam ederken saray topraklar\u0131nda u\u011fursuz bir \u015feyler dolanmaya ba\u015flar. Ve Callie e\u011fer dikkatli olmazsa, bu \u015fey sevdi\u011fi herkesi ve her \u015feyi yok edecektir. <\/p>\n","protected":false},"excerpt":{"rendered":"<p>Callypso Lillis, Deli Kral Karnon\u2019\u0131n hapishanesinden kurtulur ancak k\u00e2buslar\u0131 sona ermez. Callie tutsak edildi\u011fi g\u00fcnlerin hat\u0131rlat\u0131c\u0131s\u0131n\u0131 art\u0131k bedeninde ta\u015f\u0131maktad\u0131r. Ruh H\u0131rs\u0131z\u0131 ise h\u00e2l\u00e2 d\u0131\u015far\u0131da bir yerlerdedir.<span class=\"excerpt-hellip\"> [\u2026]<\/span><\/p>\n","protected":false},"featured_media":0,"template":"","meta":{"_monsterinsights_skip_tracking":false,"_monsterinsights_sitenote_active":false,"_monsterinsights_sitenote_note":"","_monsterinsights_sitenote_category":0},"product_brand":[],"product_cat":[12291,14777],"product_tag":[],"class_list":{"0":"post-745886","1":"product","2":"type-product","3":"status-publish","5":"product_cat-edebiyat","6":"product_cat-fantastik","7":"pa_cilt-ciltsiz","8":"pa_tur-kitap","9":"pa_yayinevi-marti-yayinlari","10":"pa_yazar-laura-thalassa","12":"first","13":"instock","14":"sale","15":"shipping-taxable","16":"purchasable","17":"product-type-simple"},"_links":{"self":[{"href":"https:\/\/roveyayinevi.com.tr\/index.php\/wp-json\/wp\/v2\/product\/745886","targetHints":{"allow":["GET"]}}],"collection":[{"href":"https:\/\/roveyayinevi.com.tr\/index.php\/wp-json\/wp\/v2\/product"}],"about":[{"href":"https:\/\/roveyayinevi.com.tr\/index.php\/wp-json\/wp\/v2\/types\/product"}],"wp:attachment":[{"href":"https:\/\/roveyayinevi.com.tr\/index.php\/wp-json\/wp\/v2\/media?parent=745886"}],"wp:term":[{"taxonomy":"product_brand","embeddable":true,"href":"https:\/\/roveyayinevi.com.tr\/index.php\/wp-json\/wp\/v2\/product_brand?post=745886"},{"taxonomy":"product_cat","embeddable":true,"href":"https:\/\/roveyayinevi.com.tr\/index.php\/wp-json\/wp\/v2\/product_cat?post=745886"},{"taxonomy":"product_tag","embeddable":true,"href":"https:\/\/roveyayinevi.com.tr\/index.php\/wp-json\/wp\/v2\/product_tag?post=745886"}],"curies":[{"name":"wp","href":"https:\/\/api.w.org\/{rel}","templated":true}]}}