{"id":745885,"date":"2025-08-28T02:30:08","date_gmt":"2025-08-27T23:30:08","guid":{"rendered":"https:\/\/roveyayinevi.com.tr\/index.php\/urun\/ara-bul\/"},"modified":"2026-04-16T02:58:23","modified_gmt":"2026-04-15T23:58:23","slug":"ara-bul","status":"publish","type":"product","link":"https:\/\/roveyayinevi.com.tr\/index.php\/urun\/ara-bul\/","title":{"rendered":"Ara Bul"},"content":{"rendered":"<p>ARA-BUL-E\u011eLEN! Her sayfadaki k\u00fc\u00e7\u00fck resimleri ara, bul, e\u011flen! Okyanus, park, s\u0131n\u0131f ve deniz gibi daha pek \u00e7ok e\u011flenceli yer ke\u015ffetmeni bekliyor. \u00c7ocuklar\u0131n keyifle vakit ge\u00e7irmesi i\u00e7in haz\u0131rlanan bu kitap ayn\u0131 zamanda g\u00f6rsel alg\u0131 becerilerini ve dikkat geli\u015fimini de destekliyor. <\/p>\n","protected":false},"excerpt":{"rendered":"<p>ARA-BUL-E\u011eLEN! Her sayfadaki k\u00fc\u00e7\u00fck resimleri ara, bul, e\u011flen! Okyanus, park, s\u0131n\u0131f ve deniz gibi daha pek \u00e7ok e\u011flenceli yer ke\u015ffetmeni bekliyor. \u00c7ocuklar\u0131n keyifle vakit ge\u00e7irmesi i\u00e7in<span class=\"excerpt-hellip\"> [\u2026]<\/span><\/p>\n","protected":false},"featured_media":0,"template":"","meta":{"_monsterinsights_skip_tracking":false,"_monsterinsights_sitenote_active":false,"_monsterinsights_sitenote_note":"","_monsterinsights_sitenote_category":0},"product_brand":[],"product_cat":[12274,12284],"product_tag":[],"class_list":{"0":"post-745885","1":"product","2":"type-product","3":"status-publish","5":"product_cat-cocuk-ve-genclik-kitaplari","6":"product_cat-hikayeler","7":"pa_cilt-ciltsiz","8":"pa_tur-kitap","9":"pa_yayinevi-is-bankasi-kultur-yayinlari","10":"pa_yazar-kolektif","12":"first","13":"instock","14":"sale","15":"shipping-taxable","16":"purchasable","17":"product-type-simple"},"_links":{"self":[{"href":"https:\/\/roveyayinevi.com.tr\/index.php\/wp-json\/wp\/v2\/product\/745885","targetHints":{"allow":["GET"]}}],"collection":[{"href":"https:\/\/roveyayinevi.com.tr\/index.php\/wp-json\/wp\/v2\/product"}],"about":[{"href":"https:\/\/roveyayinevi.com.tr\/index.php\/wp-json\/wp\/v2\/types\/product"}],"wp:attachment":[{"href":"https:\/\/roveyayinevi.com.tr\/index.php\/wp-json\/wp\/v2\/media?parent=745885"}],"wp:term":[{"taxonomy":"product_brand","embeddable":true,"href":"https:\/\/roveyayinevi.com.tr\/index.php\/wp-json\/wp\/v2\/product_brand?post=745885"},{"taxonomy":"product_cat","embeddable":true,"href":"https:\/\/roveyayinevi.com.tr\/index.php\/wp-json\/wp\/v2\/product_cat?post=745885"},{"taxonomy":"product_tag","embeddable":true,"href":"https:\/\/roveyayinevi.com.tr\/index.php\/wp-json\/wp\/v2\/product_tag?post=745885"}],"curies":[{"name":"wp","href":"https:\/\/api.w.org\/{rel}","templated":true}]}}