{"id":745877,"date":"2025-08-28T02:29:57","date_gmt":"2025-08-27T23:29:57","guid":{"rendered":"https:\/\/roveyayinevi.com.tr\/index.php\/urun\/cahil-ciltli\/"},"modified":"2026-04-16T02:58:23","modified_gmt":"2026-04-15T23:58:23","slug":"cahil-ciltli","status":"publish","type":"product","link":"https:\/\/roveyayinevi.com.tr\/index.php\/urun\/cahil-ciltli\/","title":{"rendered":"Cahil (Ciltli)"},"content":{"rendered":"<p>Aptal, salak, gerzek, cahil&#8230; T\u00fcm bunlar yak\u0131n akrabad\u0131rlar. Bunlar\u0131n en yayg\u0131n\u0131, en tehlikelisi cahillerdir. \u00c7\u00fcnk\u00fc o her \u015feyi bilir. Do\u011fdu\u011funda, hatt\u00e2 do\u011fmadan \u00f6nce her \u015feyi \u00f6\u011frenmi\u015ftir. Bu anlamda Tanr\u0131\u2019n\u0131n se\u00e7kin kuludur. Yoluna \u00e7\u0131kmaya gelmez, sizi ezer ge\u00e7er. <\/p>\n","protected":false},"excerpt":{"rendered":"<p>Aptal, salak, gerzek, cahil&#8230; T\u00fcm bunlar yak\u0131n akrabad\u0131rlar. Bunlar\u0131n en yayg\u0131n\u0131, en tehlikelisi cahillerdir. \u00c7\u00fcnk\u00fc o her \u015feyi bilir. Do\u011fdu\u011funda, hatt\u00e2 do\u011fmadan \u00f6nce her \u015feyi \u00f6\u011frenmi\u015ftir.<span class=\"excerpt-hellip\"> [\u2026]<\/span><\/p>\n","protected":false},"featured_media":0,"template":"","meta":{"_monsterinsights_skip_tracking":false,"_monsterinsights_sitenote_active":false,"_monsterinsights_sitenote_note":"","_monsterinsights_sitenote_category":0},"product_brand":[],"product_cat":[12777,12291],"product_tag":[],"class_list":{"0":"post-745877","1":"product","2":"type-product","3":"status-publish","5":"product_cat-deneme","6":"product_cat-edebiyat","7":"pa_cilt-ciltli","8":"pa_tur-kitap","9":"pa_yayinevi-everest-yayinlari","10":"pa_yazar-ferit-edgu","12":"first","13":"instock","14":"sale","15":"shipping-taxable","16":"purchasable","17":"product-type-simple"},"_links":{"self":[{"href":"https:\/\/roveyayinevi.com.tr\/index.php\/wp-json\/wp\/v2\/product\/745877","targetHints":{"allow":["GET"]}}],"collection":[{"href":"https:\/\/roveyayinevi.com.tr\/index.php\/wp-json\/wp\/v2\/product"}],"about":[{"href":"https:\/\/roveyayinevi.com.tr\/index.php\/wp-json\/wp\/v2\/types\/product"}],"wp:attachment":[{"href":"https:\/\/roveyayinevi.com.tr\/index.php\/wp-json\/wp\/v2\/media?parent=745877"}],"wp:term":[{"taxonomy":"product_brand","embeddable":true,"href":"https:\/\/roveyayinevi.com.tr\/index.php\/wp-json\/wp\/v2\/product_brand?post=745877"},{"taxonomy":"product_cat","embeddable":true,"href":"https:\/\/roveyayinevi.com.tr\/index.php\/wp-json\/wp\/v2\/product_cat?post=745877"},{"taxonomy":"product_tag","embeddable":true,"href":"https:\/\/roveyayinevi.com.tr\/index.php\/wp-json\/wp\/v2\/product_tag?post=745877"}],"curies":[{"name":"wp","href":"https:\/\/api.w.org\/{rel}","templated":true}]}}