{"id":745870,"date":"2025-08-28T02:29:47","date_gmt":"2025-08-27T23:29:47","guid":{"rendered":"https:\/\/roveyayinevi.com.tr\/index.php\/urun\/turk-musikisi-ustadlariyla-musiki-uzerine-gorusmeler\/"},"modified":"2026-04-16T02:58:23","modified_gmt":"2026-04-15T23:58:23","slug":"turk-musikisi-ustadlariyla-musiki-uzerine-gorusmeler","status":"publish","type":"product","link":"https:\/\/roveyayinevi.com.tr\/index.php\/urun\/turk-musikisi-ustadlariyla-musiki-uzerine-gorusmeler\/","title":{"rendered":"T\u00fcrk Mus\u0131kisi \u00dcstadlar\u0131yla Mus\u0131ki \u00dczerine G\u00f6r\u00fc\u015fmeler"},"content":{"rendered":"<p>\u201cM\u00fbs\u0131k\u00ee sanat\u0131n\u0131n sosyoloji ile beraber et\u00fct edilmesi laz\u0131m. Yani toplum ya\u015fant\u0131s\u0131, toplumun ya\u015fam bi\u00e7imi m\u00fbs\u0131k\u00eeye de adeta \u015fekil veriyor. M\u00fbs\u0131k\u00ee zaman zaman toplumun ya\u015fam bi\u00e7imine, sosyal hareketlere g\u00f6re y\u00f6n kazanm\u0131\u015f, de\u011fi\u015fmelere de u\u011fram\u0131\u015ft\u0131r.\u201d Nevzat Atl\u0131\u011f \u201cT\u00fcrk m\u00fbs\u0131k\u00eesi, M\u00fczikalite itibar\u0131yla T\u00fcrk milletinin \u00f6v\u00fcn\u00fclecek bir vasf\u0131d\u0131r\u2026 T\u00fcrk M\u00fbs\u0131k\u00eesine bu millet gereken de\u011feri vermi\u015f ve as\u0131rlar boyunca g\u00f6n\u00fcl hanesine yerle\u015ftirmi\u015ftir&#8230; Bir bak\u0131yorsunuz en b\u00fcy\u00fck \u015fairin \u015fiirini alm\u0131\u015f, bir beste yapm\u0131\u015f; Konu\u015fuyor-lar birbirleriyle. Birisi \u015fiir dilinden konu\u015fuyor, bestek\u00e2r da bestesiyle konu\u015fuyor&#8230;\u201d Al\u00e2eddin Yava\u015f\u00e7a \u201cHer milletin bir m\u00fczik \u015fekli vard\u0131r. Bu m\u00fcziklerin birbirlerinden istifade etmedi\u011fini de d\u00fc\u015f\u00fcnm\u00fcyorum muhakkak ki alm\u0131\u015ft\u0131r. Belki diyorum, o (m\u00fczik) insan\u0131n ya\u015fad\u0131\u011f\u0131 hayat\u0131n melodisidir.\u201d Niyazi Say\u0131n \u201cBu hizmete eme\u011fi ge\u00e7enlere, ayr\u0131ca ben de te\u015fekk\u00fcr etmek isyorum. \u00c7\u00fcnk\u00fc bu bir k\u00fclt\u00fcr hizmetidir ve hele bu devirde \u00e7ok \u00f6nemli Bu kadar derin, bu kadar g\u00fczel, bu kadar esteti\u011fe sahip olan yaln\u0131z m\u00fczik de de\u011fil, genel anlamdaki T\u00fcrk k\u00fclt\u00fcr\u00fc, bug\u00fcn bilinmiyor&#8230;\u201d Erol Deran \u201cM\u00fczik, onun \u00f6yle bir g\u00fcc\u00fc var ki sanki onun tek dili var gibi. G\u00fczel bir m\u00fczi\u011fi, d\u00fcnya-n\u0131n d\u00f6rt bir k\u00f6\u015fesinde insanlar b\u00fcy\u00fck bir zevkle heyecanla dinliyor. M\u00fczi\u011fin \u00f6yle bir dili var ki edebiyattan, \u015fiirden biraz farkl\u0131\u2026Rahmetli Mes\u2019ut Cemil\u2019in de bir tabiri vard\u0131, ayn\u0131 dili konu\u015fmak, derdi. Ayn\u0131 dili konu\u015fmak derken bir g\u00f6n\u00fcl dilini  konu\u015f-mak&#8230;\u201d Necdet Ya\u015far \u201cBat\u0131 ya da T\u00fcrk klasik m\u00fczi\u011fi, ince duygular\u0131 \u00e7ok derindeki, insan\u0131n su y\u00fcz\u00fcne \u00e7\u0131kma-m\u0131\u015f. duygular\u0131n\u0131, hassas, ince bir anlat\u0131mla ortaya d\u00f6kme, ifade etme amac\u0131n\u0131 g\u00fcder\u2026 \u0130nsan\u0131n \u015fuur alt\u0131ndaki kendisinin dahi bilmedi\u011fi duygular\u0131n ifadesidir.\u201d \u0130hsan \u00d6zgen \u201cBizim bu projemizde yer almaktan ben ger\u00e7ekten \u00e7ok mutluyum. Bu tip projelerin m\u00fbs\u0131k\u00eemizi gelece\u011fe ta\u015f\u0131ma ad\u0131na b\u00fcy\u00fck \u00f6nemi var.  M\u00fbs\u0131k\u00eemizin, bu k\u00fclt\u00fcr\u00fcn do\u011fru ta\u015f\u0131nmas\u0131 gerekir gelece\u011fe. Onun i\u00e7in b\u00fct\u00fcn arkada\u015flar\u0131m\u0131z bu projeyi haz\u0131rlayanlar, projeye e\u015flik eden saz arkada\u015flar\u0131m\u0131z ve icrac\u0131lar. Hepimiz ayn\u0131 anlay\u0131\u015ftay\u0131z.\u201d  M\u00fcnip Utand\u0131 \u201cBat\u0131\u2019da hi\u00e7bir zaman modalite bizdeki kadar geli\u015fmemi\u015fr. Onlar m\u00fbs\u0131k\u00eeyi \u00e7okseslilik y\u00f6n\u00fcnde geli\u015ftirdiler, biz tek sesli olarak geli\u015ftirdik. Kesinlikle \u00e7ok incelmi\u015f bir tek seslilikr Osmanl\u0131 m\u00fbs\u0131k\u00eesi. \u00c7ok geli\u015fmi\u015f bir tek sesli m\u00fbs\u0131k\u00eedir.\u201d Fikret Karakaya <\/p>\n","protected":false},"excerpt":{"rendered":"<p>\u201cM\u00fbs\u0131k\u00ee sanat\u0131n\u0131n sosyoloji ile beraber et\u00fct edilmesi laz\u0131m. Yani toplum ya\u015fant\u0131s\u0131, toplumun ya\u015fam bi\u00e7imi m\u00fbs\u0131k\u00eeye de adeta \u015fekil veriyor. M\u00fbs\u0131k\u00ee zaman zaman toplumun ya\u015fam bi\u00e7imine, sosyal<span class=\"excerpt-hellip\"> [\u2026]<\/span><\/p>\n","protected":false},"featured_media":0,"template":"","meta":{"_monsterinsights_skip_tracking":false,"_monsterinsights_sitenote_active":false,"_monsterinsights_sitenote_note":"","_monsterinsights_sitenote_category":0},"product_brand":[],"product_cat":[12325,12324],"product_tag":[],"class_list":{"0":"post-745870","1":"product","2":"type-product","3":"status-publish","5":"product_cat-diger-sosyoloji","6":"product_cat-sosyoloji","7":"pa_cilt-ciltsiz","8":"pa_tur-kitap","9":"pa_yayinevi-bilge-kultur-sanat","10":"pa_yazar-halil-ibrahim-yuksel-goknur-bostanci-ege","12":"first","13":"instock","14":"sale","15":"shipping-taxable","16":"purchasable","17":"product-type-simple"},"_links":{"self":[{"href":"https:\/\/roveyayinevi.com.tr\/index.php\/wp-json\/wp\/v2\/product\/745870","targetHints":{"allow":["GET"]}}],"collection":[{"href":"https:\/\/roveyayinevi.com.tr\/index.php\/wp-json\/wp\/v2\/product"}],"about":[{"href":"https:\/\/roveyayinevi.com.tr\/index.php\/wp-json\/wp\/v2\/types\/product"}],"wp:attachment":[{"href":"https:\/\/roveyayinevi.com.tr\/index.php\/wp-json\/wp\/v2\/media?parent=745870"}],"wp:term":[{"taxonomy":"product_brand","embeddable":true,"href":"https:\/\/roveyayinevi.com.tr\/index.php\/wp-json\/wp\/v2\/product_brand?post=745870"},{"taxonomy":"product_cat","embeddable":true,"href":"https:\/\/roveyayinevi.com.tr\/index.php\/wp-json\/wp\/v2\/product_cat?post=745870"},{"taxonomy":"product_tag","embeddable":true,"href":"https:\/\/roveyayinevi.com.tr\/index.php\/wp-json\/wp\/v2\/product_tag?post=745870"}],"curies":[{"name":"wp","href":"https:\/\/api.w.org\/{rel}","templated":true}]}}