{"id":745868,"date":"2025-08-28T02:29:45","date_gmt":"2025-08-27T23:29:45","guid":{"rendered":"https:\/\/roveyayinevi.com.tr\/index.php\/urun\/senden-bir-tane-daha-yok\/"},"modified":"2026-04-16T02:58:23","modified_gmt":"2026-04-15T23:58:23","slug":"senden-bir-tane-daha-yok","status":"publish","type":"product","link":"https:\/\/roveyayinevi.com.tr\/index.php\/urun\/senden-bir-tane-daha-yok\/","title":{"rendered":"Senden Bir Tane Daha Yok"},"content":{"rendered":"<p>Varl\u0131\u011f\u0131n kendine arma\u011fan olsun, ba\u015fkalar\u0131na k\u00f6le de\u011fil.   \u0130nsanlar ve ya\u015fad\u0131klar\u0131n gelip gidecek senden. Her \u015feyin sonunda yine kendinle ba\u015f ba\u015fa kalacaks\u0131n. Ac\u0131lar\u0131nda, mutluluklar\u0131nda ve yaln\u0131zl\u0131klar\u0131nda kendini \u00e7ok daha iyi tan\u0131yacaks\u0131n. Verdi\u011fin eme\u011fin, g\u00f6sterdi\u011fin sevginin ve lay\u0131k oldu\u011fun de\u011ferin ne kadar k\u0131ymetli oldu\u011funu anlayacaks\u0131n.   \u0130\u015fte bu y\u00fczden sevmeye \u00f6nce kendinden ba\u015flayacaks\u0131n. \u00c7\u00fcnk\u00fc hayat\u0131n boyunca en uzun ve en de\u011ferli ili\u015fkini kendinle ya\u015fayacaks\u0131n. Ald\u0131\u011f\u0131n nefesin de ge\u00e7en g\u00fcn\u00fcn de tekrar\u0131 yok. \u015eu hayatta bir\u00e7ok \u015feyin alternatifini bulabilirsin. \u00c7ok \u015feyin yerini zamanla doldurabilirsin. Ama \u015funu sak\u0131n unutma: Senden Bir Tane Daha Yok\u2026 <\/p>\n","protected":false},"excerpt":{"rendered":"<p>Varl\u0131\u011f\u0131n kendine arma\u011fan olsun, ba\u015fkalar\u0131na k\u00f6le de\u011fil. \u0130nsanlar ve ya\u015fad\u0131klar\u0131n gelip gidecek senden. Her \u015feyin sonunda yine kendinle ba\u015f ba\u015fa kalacaks\u0131n. Ac\u0131lar\u0131nda, mutluluklar\u0131nda ve yaln\u0131zl\u0131klar\u0131nda kendini<span class=\"excerpt-hellip\"> [\u2026]<\/span><\/p>\n","protected":false},"featured_media":0,"template":"","meta":{"_monsterinsights_skip_tracking":false,"_monsterinsights_sitenote_active":false,"_monsterinsights_sitenote_note":"","_monsterinsights_sitenote_category":0},"product_brand":[],"product_cat":[12364,12376],"product_tag":[],"class_list":{"0":"post-745868","1":"product","2":"type-product","3":"status-publish","5":"product_cat-genel-konular","6":"product_cat-kisisel-gelisim","7":"pa_cilt-ciltsiz","8":"pa_tur-kitap","9":"pa_yayinevi-indigo-kitap","10":"pa_yazar-mirac-cagri-aktas","12":"first","13":"instock","14":"sale","15":"shipping-taxable","16":"purchasable","17":"product-type-simple"},"_links":{"self":[{"href":"https:\/\/roveyayinevi.com.tr\/index.php\/wp-json\/wp\/v2\/product\/745868","targetHints":{"allow":["GET"]}}],"collection":[{"href":"https:\/\/roveyayinevi.com.tr\/index.php\/wp-json\/wp\/v2\/product"}],"about":[{"href":"https:\/\/roveyayinevi.com.tr\/index.php\/wp-json\/wp\/v2\/types\/product"}],"wp:attachment":[{"href":"https:\/\/roveyayinevi.com.tr\/index.php\/wp-json\/wp\/v2\/media?parent=745868"}],"wp:term":[{"taxonomy":"product_brand","embeddable":true,"href":"https:\/\/roveyayinevi.com.tr\/index.php\/wp-json\/wp\/v2\/product_brand?post=745868"},{"taxonomy":"product_cat","embeddable":true,"href":"https:\/\/roveyayinevi.com.tr\/index.php\/wp-json\/wp\/v2\/product_cat?post=745868"},{"taxonomy":"product_tag","embeddable":true,"href":"https:\/\/roveyayinevi.com.tr\/index.php\/wp-json\/wp\/v2\/product_tag?post=745868"}],"curies":[{"name":"wp","href":"https:\/\/api.w.org\/{rel}","templated":true}]}}