{"id":745865,"date":"2025-08-28T02:29:41","date_gmt":"2025-08-27T23:29:41","guid":{"rendered":"https:\/\/roveyayinevi.com.tr\/index.php\/urun\/akilci-duygusal-davranisci-terapi\/"},"modified":"2026-04-16T02:58:23","modified_gmt":"2026-04-15T23:58:23","slug":"akilci-duygusal-davranisci-terapi","status":"publish","type":"product","link":"https:\/\/roveyayinevi.com.tr\/index.php\/urun\/akilci-duygusal-davranisci-terapi\/","title":{"rendered":"Ak\u0131lc\u0131 Duygusal Davran\u0131\u015f\u00e7\u0131 Terapi"},"content":{"rendered":"<p>Ak\u0131lc\u0131-Duygusal Davran\u0131\u015f\u00e7\u0131 Terapi, irrasyonel d\u00fc\u015f\u00fcnceye meydan okumay\u0131 i\u015faret etmektedir ve bireyi mutlu veya mutsuz edenin d\u0131\u015f ko\u015fullar de\u011fil, olaylar veya kendisi hakk\u0131nda i\u00e7sel d\u00fc\u015f\u00fcnceler oldu\u011fu basit fikrine dayanmaktad\u0131r. G\u00fcncellenmi\u015f klinik ara\u015ft\u0131rmalara dayanan bu kitap, Ak\u0131lc\u0131-Duygusal Davran\u0131\u015f\u00e7\u0131 Terapi ile Bili\u015fsel-Davran\u0131\u015f\u00e7\u0131 Terapi aras\u0131ndaki \u00f6nemli ayr\u0131mlar\u0131n kapsaml\u0131 bir incelemesini de i\u00e7ermektedir. Albert Ellis ve Debbie Joffe Ellis, Ak\u0131lc\u0131-Duygusal Davran\u0131\u015f\u00e7\u0131 Terapi\u2019nin nas\u0131l geli\u015fti\u011fini ve nas\u0131l kullan\u0131labilece\u011fini vaka \u00f6rnekleriyle g\u00f6steriyorlar; bu yakla\u015f\u0131m\u0131n deneyimli uygulay\u0131c\u0131lar i\u00e7in en kusursuz hale nas\u0131l gelebilece\u011fini ortaya koyuyorlar.   Ak\u0131lc\u0131-Duygusal Davran\u0131\u015f\u00e7\u0131 Terapi, Psikoterapi Kuramlar\u0131 Dizisi\u2019nin on \u00fc\u00e7\u00fcnc\u00fc kitab\u0131d\u0131r. APA bu diziyi, psikoterapistlerin g\u00fcn\u00fcm\u00fczde kulland\u0131\u011f\u0131 temel kuramsal modelleri anlamaya y\u00f6nelik bir kaynak olarak sunmaktad\u0131r. Dizinin kitaplar\u0131, farkl\u0131 dan\u0131\u015fan profillerini i\u00e7eren zengin vaka \u00f6rnekleriyle birlikte somut kuram ve bulgu temelli uygulamalar\u0131 anlatmaktad\u0131r. \u00d6yle ki, uygulamac\u0131lar ve \u00f6\u011frenciler bu kitaplar\u0131 bilginin ve esinin m\u00fccevherleri olarak g\u00f6recektir. Okuyan Us, bu dizide T\u00fcrk uzmanlar\u0131n \u00e7al\u0131\u015fmalar\u0131na da yer vermektedir.   *** Bu dizi, \u00e7\u0131\u011f\u0131r a\u00e7ma potansiyeli ta\u015f\u0131yor. Psikoterapiler aras\u0131ndaki ortak noktalar ve farkl\u0131l\u0131klar\u0131 ortaya koyarak, bu farkl\u0131l\u0131klarla dolu alanda birle\u015fme, basitle\u015fme ve b\u00fct\u00fcnle\u015fme i\u00e7in temel malzemeleri sunuyor. \u2014 Prof. Dr. Arthur Staats, Hawaii \u00dcniversitesi, Honolulu   Sa\u011flam kuramsal d\u00fc\u015f\u00fcnce ve zengin klinik malzeme \u00fczerinden temellendirilen bu dizi, psikoterapiye ilgi duyan herkes taraf\u0131ndan okunmal\u0131. Gerek deneyimsiz gerekse deneyimli klinisyenler i\u00e7in ise bir hazine niteli\u011finde. \u2014 Prof. Dr. Lillian Comas-Diaz, George Washington \u00dcniversitesi, Washington, Dc <\/p>\n","protected":false},"excerpt":{"rendered":"<p>Ak\u0131lc\u0131-Duygusal Davran\u0131\u015f\u00e7\u0131 Terapi, irrasyonel d\u00fc\u015f\u00fcnceye meydan okumay\u0131 i\u015faret etmektedir ve bireyi mutlu veya mutsuz edenin d\u0131\u015f ko\u015fullar de\u011fil, olaylar veya kendisi hakk\u0131nda i\u00e7sel d\u00fc\u015f\u00fcnceler oldu\u011fu basit<span class=\"excerpt-hellip\"> [\u2026]<\/span><\/p>\n","protected":false},"featured_media":0,"template":"","meta":{"_monsterinsights_skip_tracking":false,"_monsterinsights_sitenote_active":false,"_monsterinsights_sitenote_note":"","_monsterinsights_sitenote_category":0},"product_brand":[],"product_cat":[12357],"product_tag":[],"class_list":{"0":"post-745865","1":"product","2":"type-product","3":"status-publish","5":"product_cat-psikoloji","6":"pa_cilt-ciltsiz","7":"pa_tur-kitap","8":"pa_yayinevi-okuyan-us-yayin","9":"pa_yazar-albert-ellis-debbie-joffe-ellis","11":"first","12":"instock","13":"sale","14":"shipping-taxable","15":"purchasable","16":"product-type-simple"},"_links":{"self":[{"href":"https:\/\/roveyayinevi.com.tr\/index.php\/wp-json\/wp\/v2\/product\/745865","targetHints":{"allow":["GET"]}}],"collection":[{"href":"https:\/\/roveyayinevi.com.tr\/index.php\/wp-json\/wp\/v2\/product"}],"about":[{"href":"https:\/\/roveyayinevi.com.tr\/index.php\/wp-json\/wp\/v2\/types\/product"}],"wp:attachment":[{"href":"https:\/\/roveyayinevi.com.tr\/index.php\/wp-json\/wp\/v2\/media?parent=745865"}],"wp:term":[{"taxonomy":"product_brand","embeddable":true,"href":"https:\/\/roveyayinevi.com.tr\/index.php\/wp-json\/wp\/v2\/product_brand?post=745865"},{"taxonomy":"product_cat","embeddable":true,"href":"https:\/\/roveyayinevi.com.tr\/index.php\/wp-json\/wp\/v2\/product_cat?post=745865"},{"taxonomy":"product_tag","embeddable":true,"href":"https:\/\/roveyayinevi.com.tr\/index.php\/wp-json\/wp\/v2\/product_tag?post=745865"}],"curies":[{"name":"wp","href":"https:\/\/api.w.org\/{rel}","templated":true}]}}