{"id":745864,"date":"2025-08-28T02:29:40","date_gmt":"2025-08-27T23:29:40","guid":{"rendered":"https:\/\/roveyayinevi.com.tr\/index.php\/urun\/travma-gorunmez-salgin\/"},"modified":"2026-04-16T02:58:23","modified_gmt":"2026-04-15T23:58:23","slug":"travma-gorunmez-salgin","status":"publish","type":"product","link":"https:\/\/roveyayinevi.com.tr\/index.php\/urun\/travma-gorunmez-salgin\/","title":{"rendered":"Travma: G\u00f6r\u00fcnmez Salg\u0131n"},"content":{"rendered":"<p>Travman\u0131n Anla\u015f\u0131lmas\u0131, Etkin Tedavisi ve Toplumsal Boyutta \u00d6nlenmesi Amac\u0131yla \u00c7\u0131k\u0131lan Bir Yolculuk   Ba\u015fl\u0131 ba\u015f\u0131na ezber bozan bir kitap. Paul\u2019un kitab\u0131, travma hakk\u0131nda yaz\u0131lm\u0131\u015f di\u011fer kitaplardan farkl\u0131 olarak bizlere \u00e7ok say\u0131da \u00e7\u00f6z\u00fcm de sunuyor. Paul, \u00e7ok dikkatlice d\u00fc\u015f\u00fcnm\u00fc\u015f ve herkes\u00e7e rahat\u00e7a anla\u015f\u0131labilecek bir \u015fekilde yaz\u0131ya d\u00f6km\u00fc\u015f bu kitab\u0131. \u2014Tommy Hilfiger, giri\u015fimci, yazar ve hay\u0131rsever Dr. Paul Conti, kad\u0131nlar\u0131n hikayelerine ve i\u00e7lerinde ta\u015f\u0131d\u0131klar\u0131 travmalara inan\u0131yor. Bir de travman\u0131n belli bir demografiyle s\u0131n\u0131rl\u0131 olmad\u0131\u011f\u0131n\u0131, bunun b\u00fct\u00fcn insanl\u0131\u011f\u0131n sorunu oldu\u011funu da anl\u0131yor. Onu g\u00f6rmeye ba\u015flad\u0131ktan sonra iyile\u015fmenin m\u00fcmk\u00fcn oldu\u011funa ben de inand\u0131m. Ve ben h\u00e2l\u00e2 bu yolculu\u011fu yap\u0131yorum ve tabii art\u0131k sizler de. \u2014Lady Gaga, \u015fark\u0131c\u0131, \u015fark\u0131 s\u00f6z\u00fc yazar\u0131 ve oyuncu Travma aynay\u0131 karart\u0131p pencereleri b\u00fck\u00fcyor, \u00e7arp\u0131yor. O zaman kendimizi kendimiz gibi g\u00f6remiyoruz ve ba\u015fkalar\u0131 hakk\u0131nda, onlar\u0131n zararl\u0131 olduklar\u0131ndan ba\u015fka bir \u015fey d\u00fc\u015f\u00fcnemiyor, farkl\u0131l\u0131klar\u0131n\u0131 da anlayam\u0131yoruz. Ve art\u0131k bunun de\u011fi\u015fmesi gerek. \u2014Dr. Paul Conti Bir hastal\u0131k d\u00fc\u015f\u00fcn\u00fcn: D\u0131\u015far\u0131dan bak\u0131ld\u0131\u011f\u0131nda semptomlar\u0131 neredeyse hi\u00e7 belli olmuyor ama siz fark\u0131na varmadan b\u00fct\u00fcn v\u00fccudunuzu ele ge\u00e7iriyor, bir anneden ya da babadan \u00e7ocu\u011funa \u00e7ok kolayca ge\u00e7ebiliyor, tedavi edilmezse bir \u00f6m\u00fcr boyu devam ediyor. Dr. Paul Conti\u2019ye g\u00f6re, toplumun travmay\u0131 g\u00f6rmesi gereken bak\u0131\u015f a\u00e7\u0131s\u0131 tam olarak budur: Prognozu potansiyel olarak \u00f6l\u00fcmc\u00fcl olabilecek, kontrol edilemeyen bir salg\u0131n. Travma: G\u00f6r\u00fcnmez Salg\u0131n\u2019da Dr. Conti, travman\u0131n daha derin ve ayr\u0131nt\u0131l\u0131 bir resmini sunmak amac\u0131yla en yeni klinik ara\u015ft\u0131rmalar\u0131, en iyi uygulamalar\u0131 ve ger\u00e7ek hayattan al\u0131nma hikayeleri sizler i\u00e7in inceleyip derliyor. Travman\u0131n etkilerini hafifletebilmek ve gelecekte kar\u015f\u0131m\u0131za \u00e7\u0131kabilecek ba\u015fka travmalar\u0131 \u00f6nleyebilmek i\u00e7in gerek birey, gerekse de toplum olarak yapabilece\u011fimiz somut de\u011fi\u015fiklikleri ad\u0131m ad\u0131m takip ediyor. Hayat boyu s\u00fcr\u00fcp giden ve ba\u015fa \u00e7\u0131kmas\u0131 imkans\u0131z san\u0131lan bir hastal\u0131\u011f\u0131n hem tedavi edilebilir hem de \u00f6nlenebilir oldu\u011funu ortaya \u00e7\u0131kar\u0131yor. <\/p>\n","protected":false},"excerpt":{"rendered":"<p>Travman\u0131n Anla\u015f\u0131lmas\u0131, Etkin Tedavisi ve Toplumsal Boyutta \u00d6nlenmesi Amac\u0131yla \u00c7\u0131k\u0131lan Bir Yolculuk Ba\u015fl\u0131 ba\u015f\u0131na ezber bozan bir kitap. Paul\u2019un kitab\u0131, travma hakk\u0131nda yaz\u0131lm\u0131\u015f di\u011fer kitaplardan farkl\u0131<span class=\"excerpt-hellip\"> [\u2026]<\/span><\/p>\n","protected":false},"featured_media":0,"template":"","meta":{"_monsterinsights_skip_tracking":false,"_monsterinsights_sitenote_active":false,"_monsterinsights_sitenote_note":"","_monsterinsights_sitenote_category":0},"product_brand":[],"product_cat":[12357],"product_tag":[],"class_list":{"0":"post-745864","1":"product","2":"type-product","3":"status-publish","5":"product_cat-psikoloji","6":"pa_cilt-ciltsiz","7":"pa_tur-kitap","8":"pa_yayinevi-okuyan-us-yayin","9":"pa_yazar-paul-conti","11":"first","12":"instock","13":"sale","14":"shipping-taxable","15":"purchasable","16":"product-type-simple"},"_links":{"self":[{"href":"https:\/\/roveyayinevi.com.tr\/index.php\/wp-json\/wp\/v2\/product\/745864","targetHints":{"allow":["GET"]}}],"collection":[{"href":"https:\/\/roveyayinevi.com.tr\/index.php\/wp-json\/wp\/v2\/product"}],"about":[{"href":"https:\/\/roveyayinevi.com.tr\/index.php\/wp-json\/wp\/v2\/types\/product"}],"wp:attachment":[{"href":"https:\/\/roveyayinevi.com.tr\/index.php\/wp-json\/wp\/v2\/media?parent=745864"}],"wp:term":[{"taxonomy":"product_brand","embeddable":true,"href":"https:\/\/roveyayinevi.com.tr\/index.php\/wp-json\/wp\/v2\/product_brand?post=745864"},{"taxonomy":"product_cat","embeddable":true,"href":"https:\/\/roveyayinevi.com.tr\/index.php\/wp-json\/wp\/v2\/product_cat?post=745864"},{"taxonomy":"product_tag","embeddable":true,"href":"https:\/\/roveyayinevi.com.tr\/index.php\/wp-json\/wp\/v2\/product_tag?post=745864"}],"curies":[{"name":"wp","href":"https:\/\/api.w.org\/{rel}","templated":true}]}}