{"id":745863,"date":"2025-08-28T02:29:38","date_gmt":"2025-08-27T23:29:38","guid":{"rendered":"https:\/\/roveyayinevi.com.tr\/index.php\/urun\/adim-dogu\/"},"modified":"2026-04-16T02:58:23","modified_gmt":"2026-04-15T23:58:23","slug":"adim-dogu","status":"publish","type":"product","link":"https:\/\/roveyayinevi.com.tr\/index.php\/urun\/adim-dogu\/","title":{"rendered":"Ad\u0131m Do\u011fu"},"content":{"rendered":"<p>\u201c\u00c7ok hat\u0131ralar\u0131m\u0131z var\u2026 \u00c7ok renkli bir hayat ya\u015fad\u0131m. O anlamda s\u0131radan bir insan\u0131n hayat\u0131 de\u011fil, hem ideolojik hem siyasal anlamda. T\u00fcrkiye\u2019nin en se\u00e7kin ayd\u0131nlar\u0131yla beraber oldum. Be\u015f ku\u015fakla hapis yatan tek devrimciyim. Da\u011flarda dola\u015ft\u0131\u011f\u0131m d\u00f6nemler oldu. Hem toplumsal ve milli hareketin hem emek\u00e7i hareketinin ba\u015f\u0131nda oldum. Uluslararas\u0131 \u00e7ok tecr\u00fcbem var. 50 uzun y\u0131l i\u00e7inde o kadar \u00e7ok olay var ki unutulmayacak. Hepsi birbirinden daha derin derslerle dolu, gelecek ku\u015faklar\u0131n bilmesi gereken olaylar.\u201d   Gazeteci Asl\u0131han T\u00fcrel, her \u015feyi sordu, Ayd\u0131nl\u0131k hareketinin kurucusu, Vatan Partisi lideri Dr. Do\u011fu Perin\u00e7ek her \u015feyi yan\u0131tlad\u0131.   Ad\u0131m Do\u011fu, Perin\u00e7ek\u2019in \u00e7ocuklu\u011fundan ba\u015flayarak t\u00fcm ya\u015fam\u0131n\u0131, siyasi m\u00fccadelesini, i\u015fkenceleri, direni\u015fini, asla teslim olmamas\u0131n\u0131, dostluklar\u0131, ihanetleri, umudunu, ba\u011f\u0131ms\u0131zl\u0131k\u00e7\u0131 ve \u00f6zg\u00fcr ruhunu yans\u0131tan bir kitap. <\/p>\n","protected":false},"excerpt":{"rendered":"<p>\u201c\u00c7ok hat\u0131ralar\u0131m\u0131z var\u2026 \u00c7ok renkli bir hayat ya\u015fad\u0131m. O anlamda s\u0131radan bir insan\u0131n hayat\u0131 de\u011fil, hem ideolojik hem siyasal anlamda. T\u00fcrkiye\u2019nin en se\u00e7kin ayd\u0131nlar\u0131yla beraber oldum.<span class=\"excerpt-hellip\"> [\u2026]<\/span><\/p>\n","protected":false},"featured_media":0,"template":"","meta":{"_monsterinsights_skip_tracking":false,"_monsterinsights_sitenote_active":false,"_monsterinsights_sitenote_note":"","_monsterinsights_sitenote_category":0},"product_brand":[],"product_cat":[12291,30969],"product_tag":[],"class_list":{"0":"post-745863","1":"product","2":"type-product","3":"status-publish","5":"product_cat-edebiyat","6":"product_cat-soylesi-edebiyat","7":"pa_cilt-ciltsiz","8":"pa_tur-kitap","9":"pa_yayinevi-kaynak-yayinlari","10":"pa_yazar-aslihan-turel","12":"first","13":"instock","14":"sale","15":"shipping-taxable","16":"purchasable","17":"product-type-simple"},"_links":{"self":[{"href":"https:\/\/roveyayinevi.com.tr\/index.php\/wp-json\/wp\/v2\/product\/745863","targetHints":{"allow":["GET"]}}],"collection":[{"href":"https:\/\/roveyayinevi.com.tr\/index.php\/wp-json\/wp\/v2\/product"}],"about":[{"href":"https:\/\/roveyayinevi.com.tr\/index.php\/wp-json\/wp\/v2\/types\/product"}],"wp:attachment":[{"href":"https:\/\/roveyayinevi.com.tr\/index.php\/wp-json\/wp\/v2\/media?parent=745863"}],"wp:term":[{"taxonomy":"product_brand","embeddable":true,"href":"https:\/\/roveyayinevi.com.tr\/index.php\/wp-json\/wp\/v2\/product_brand?post=745863"},{"taxonomy":"product_cat","embeddable":true,"href":"https:\/\/roveyayinevi.com.tr\/index.php\/wp-json\/wp\/v2\/product_cat?post=745863"},{"taxonomy":"product_tag","embeddable":true,"href":"https:\/\/roveyayinevi.com.tr\/index.php\/wp-json\/wp\/v2\/product_tag?post=745863"}],"curies":[{"name":"wp","href":"https:\/\/api.w.org\/{rel}","templated":true}]}}