{"id":745862,"date":"2025-08-28T02:29:37","date_gmt":"2025-08-27T23:29:37","guid":{"rendered":"https:\/\/roveyayinevi.com.tr\/index.php\/urun\/mevlevilere-gore-mevlana-ve-mevlevilik-hakkinda-dogru-bilinen-elli-yanlis\/"},"modified":"2026-04-16T02:58:23","modified_gmt":"2026-04-15T23:58:23","slug":"mevlevilere-gore-mevlana-ve-mevlevilik-hakkinda-dogru-bilinen-elli-yanlis","status":"publish","type":"product","link":"https:\/\/roveyayinevi.com.tr\/index.php\/urun\/mevlevilere-gore-mevlana-ve-mevlevilik-hakkinda-dogru-bilinen-elli-yanlis\/","title":{"rendered":"Mevlev\u00eelere G\u00f6re Mevl\u00e2n\u00e2 ve Mevlev\u00eelik Hakk\u0131nda Do\u011fru Bilinen Elli Yanl\u0131\u015f"},"content":{"rendered":"<p>Mevl\u00e2n\u00e2&#8217;dan \u00fc\u00e7 y\u00fcz sene \u00f6nce ya\u015fam\u0131\u015f olan Ebu&#8217;l-Hasan B\u00fb\u015fenc\u00ee \u015f\u00f6yle demi\u015fti: \u201cD\u00fcn tasavvufun ad\u0131 yoktu ama hakikati vard\u0131. Bug\u00fcn ise ad\u0131 var, kendi yok.\u201d  Mevl\u00e2n\u00e2&#8217;n\u0131n me\u015fhur fil hik\u00e2yesi vard\u0131r. Herkes bu koca canl\u0131y\u0131 dokundu\u011fu organ\u0131na g\u00f6re tarif etmi\u015fti. Bu ger\u00e7ek, ya\u015fad\u0131\u011f\u0131m\u0131z y\u00fczy\u0131lda, genelde tasavvuf; \u00f6zelde Mevlev\u00eelik i\u00e7in yeniden sahneye \u00e7\u0131kt\u0131. \u00d6zellikle 1925 tarihinde tasavvuf\u00ee e\u011fitimin kurumu olan tekkeler kapat\u0131l\u0131p ilgili kelimeler dahi yasaklan\u0131nca olan oldu. Cahil, \u00e7\u0131karc\u0131, takiyyeci ve istismarc\u0131lar i\u00e7in kap\u0131lar ard\u0131na kadar a\u00e7\u0131ld\u0131. \u0130\u015fin ger\u00e7e\u011fini bilenler susturulunca s\u00f6z, aya\u011fa d\u00fc\u015ft\u00fc. O g\u00fcn bug\u00fcn tasavvuf ve mutasavv\u0131flar\u0131 hakiki ve\u00e7heleriyle tan\u0131mak imk\u00e2ns\u0131z h\u00e2le geldi. Ger\u00e7ek arifler ise bu manzaray\u0131 ac\u0131 tebess\u00fcmlerle seyretti. Mevl\u00e2n\u00e2 ve meslekta\u015flar\u0131n\u0131 herkes kendine g\u00f6re tan\u0131d\u0131 ve tan\u0131tt\u0131. Kimi h\u00fcmanist dedi, kimi panteist. Kimi 677 say\u0131l\u0131 kanuna alk\u0131\u015f tuttu, kimi beyaz entarili \u201cd\u00f6nen dervi\u015f\u201dlere. Bu arada ger\u00e7ek olmayan yanl\u0131\u015flar birbirini kovalad\u0131. Hz. Pir&#8217;in dedi\u011fi oldu: \u201cHerkes beni kendine dost edindi. Fakat i\u00e7imdeki s\u0131rlar\u0131 kimse ara\u015ft\u0131rmad\u0131.\u201d \u0130\u015fte, Mevlev\u00ee k\u00fclt\u00fcr\u00fcyle i\u00e7 i\u00e7e olan bir ailede b\u00fcy\u00fcyen ve uzun zamandan beri bu tecellileri seyreden Kudsi Erguner, ho\u015f olmayan manzaralardan bir kesit sunuyor. Mevlev\u00eeli\u011fin temel kaynaklar\u0131na bakarak yorumlar\u0131n\u0131 aktar\u0131yor. D\u00fc\u015f\u00fcnmek isteyenlere yard\u0131mc\u0131 olmak istiyor.    Prof. Dr. Mustafa Kara  <\/p>\n","protected":false},"excerpt":{"rendered":"<p>Mevl\u00e2n\u00e2&#8217;dan \u00fc\u00e7 y\u00fcz sene \u00f6nce ya\u015fam\u0131\u015f olan Ebu&#8217;l-Hasan B\u00fb\u015fenc\u00ee \u015f\u00f6yle demi\u015fti: \u201cD\u00fcn tasavvufun ad\u0131 yoktu ama hakikati vard\u0131. Bug\u00fcn ise ad\u0131 var, kendi yok.\u201d Mevl\u00e2n\u00e2&#8217;n\u0131n me\u015fhur<span class=\"excerpt-hellip\"> [\u2026]<\/span><\/p>\n","protected":false},"featured_media":0,"template":"","meta":{"_monsterinsights_skip_tracking":false,"_monsterinsights_sitenote_active":false,"_monsterinsights_sitenote_note":"","_monsterinsights_sitenote_category":0},"product_brand":[],"product_cat":[12718,12719],"product_tag":[],"class_list":{"0":"post-745862","1":"product","2":"type-product","3":"status-publish","5":"product_cat-din","6":"product_cat-islam","7":"pa_cilt-ciltsiz","8":"pa_tur-kitap","9":"pa_yayinevi-albaraka-yayinlari","10":"pa_yazar-kudsi-erguner","12":"first","13":"instock","14":"sale","15":"shipping-taxable","16":"purchasable","17":"product-type-simple"},"_links":{"self":[{"href":"https:\/\/roveyayinevi.com.tr\/index.php\/wp-json\/wp\/v2\/product\/745862","targetHints":{"allow":["GET"]}}],"collection":[{"href":"https:\/\/roveyayinevi.com.tr\/index.php\/wp-json\/wp\/v2\/product"}],"about":[{"href":"https:\/\/roveyayinevi.com.tr\/index.php\/wp-json\/wp\/v2\/types\/product"}],"wp:attachment":[{"href":"https:\/\/roveyayinevi.com.tr\/index.php\/wp-json\/wp\/v2\/media?parent=745862"}],"wp:term":[{"taxonomy":"product_brand","embeddable":true,"href":"https:\/\/roveyayinevi.com.tr\/index.php\/wp-json\/wp\/v2\/product_brand?post=745862"},{"taxonomy":"product_cat","embeddable":true,"href":"https:\/\/roveyayinevi.com.tr\/index.php\/wp-json\/wp\/v2\/product_cat?post=745862"},{"taxonomy":"product_tag","embeddable":true,"href":"https:\/\/roveyayinevi.com.tr\/index.php\/wp-json\/wp\/v2\/product_tag?post=745862"}],"curies":[{"name":"wp","href":"https:\/\/api.w.org\/{rel}","templated":true}]}}