{"id":745861,"date":"2025-08-28T02:29:36","date_gmt":"2025-08-27T23:29:36","guid":{"rendered":"https:\/\/roveyayinevi.com.tr\/index.php\/urun\/bazen-duslere-renkler-karisir-ciltli\/"},"modified":"2026-04-16T02:58:23","modified_gmt":"2026-04-15T23:58:23","slug":"bazen-duslere-renkler-karisir-ciltli","status":"publish","type":"product","link":"https:\/\/roveyayinevi.com.tr\/index.php\/urun\/bazen-duslere-renkler-karisir-ciltli\/","title":{"rendered":"Bazen D\u00fc\u015flere Renkler Kar\u0131\u015f\u0131r (Ciltli)"},"content":{"rendered":"<p>\u201cAlevlerden h\u0131zla ka\u00e7\u0131p son kalan t\u00fcnele girdik. Ay parlakl\u0131\u011f\u0131n\u0131 yava\u015f yava\u015f yitirmi\u015f, biz yine karanl\u0131\u011fa g\u00f6m\u00fclmeye ba\u015flam\u0131\u015ft\u0131k. Buras\u0131 devasa bire ebru teknesi gibiydi.   S\u00fctunlar\u0131n aras\u0131ndan ge\u00e7tik, kocaman y\u0131lan sa\u00e7l\u0131 bir ta\u015fla g\u00f6z g\u00f6ze geldik.\u201d   Me\u011fer bilmecenin yan\u0131t\u0131 ne yerin yedi kat dibindeki t\u00fcnellerde ne de deniz kabuklar\u0131n\u0131n i\u00e7indeydi.   Cevap hemen elimin alt\u0131ndayd\u0131!<\/p>\n","protected":false},"excerpt":{"rendered":"<p>\u201cAlevlerden h\u0131zla ka\u00e7\u0131p son kalan t\u00fcnele girdik. Ay parlakl\u0131\u011f\u0131n\u0131 yava\u015f yava\u015f yitirmi\u015f, biz yine karanl\u0131\u011fa g\u00f6m\u00fclmeye ba\u015flam\u0131\u015ft\u0131k. Buras\u0131 devasa bire ebru teknesi gibiydi. S\u00fctunlar\u0131n aras\u0131ndan ge\u00e7tik,<span class=\"excerpt-hellip\"> [\u2026]<\/span><\/p>\n","protected":false},"featured_media":0,"template":"","meta":{"_monsterinsights_skip_tracking":false,"_monsterinsights_sitenote_active":false,"_monsterinsights_sitenote_note":"","_monsterinsights_sitenote_category":0},"product_brand":[],"product_cat":[12274,12284],"product_tag":[],"class_list":{"0":"post-745861","1":"product","2":"type-product","3":"status-publish","5":"product_cat-cocuk-ve-genclik-kitaplari","6":"product_cat-hikayeler","7":"pa_cilt-ciltli","8":"pa_tur-kitap","9":"pa_yayinevi-albaraka-yayinlari","10":"pa_yazar-elif-yemenici","12":"first","13":"instock","14":"sale","15":"shipping-taxable","16":"purchasable","17":"product-type-simple"},"_links":{"self":[{"href":"https:\/\/roveyayinevi.com.tr\/index.php\/wp-json\/wp\/v2\/product\/745861","targetHints":{"allow":["GET"]}}],"collection":[{"href":"https:\/\/roveyayinevi.com.tr\/index.php\/wp-json\/wp\/v2\/product"}],"about":[{"href":"https:\/\/roveyayinevi.com.tr\/index.php\/wp-json\/wp\/v2\/types\/product"}],"wp:attachment":[{"href":"https:\/\/roveyayinevi.com.tr\/index.php\/wp-json\/wp\/v2\/media?parent=745861"}],"wp:term":[{"taxonomy":"product_brand","embeddable":true,"href":"https:\/\/roveyayinevi.com.tr\/index.php\/wp-json\/wp\/v2\/product_brand?post=745861"},{"taxonomy":"product_cat","embeddable":true,"href":"https:\/\/roveyayinevi.com.tr\/index.php\/wp-json\/wp\/v2\/product_cat?post=745861"},{"taxonomy":"product_tag","embeddable":true,"href":"https:\/\/roveyayinevi.com.tr\/index.php\/wp-json\/wp\/v2\/product_tag?post=745861"}],"curies":[{"name":"wp","href":"https:\/\/api.w.org\/{rel}","templated":true}]}}