{"id":745859,"date":"2025-08-28T02:29:34","date_gmt":"2025-08-27T23:29:34","guid":{"rendered":"https:\/\/roveyayinevi.com.tr\/index.php\/urun\/politika-analizi-etkili-sorun-cozmenin-sekiz-asamali-yolu\/"},"modified":"2026-04-16T02:58:23","modified_gmt":"2026-04-15T23:58:23","slug":"politika-analizi-etkili-sorun-cozmenin-sekiz-asamali-yolu","status":"publish","type":"product","link":"https:\/\/roveyayinevi.com.tr\/index.php\/urun\/politika-analizi-etkili-sorun-cozmenin-sekiz-asamali-yolu\/","title":{"rendered":"Politika Analizi: Etkili Sorun \u00c7\u00f6zmenin Sekiz A\u015famal\u0131 Yolu"},"content":{"rendered":"<p>Politika analizi bilimden ziyade bir sanatt\u0131r. Y\u00f6ntemden oldu\u011fu kadar sezgiden de faydalan\u0131r. Bu nedenle do\u011fru cevaplar\u0131 aramaya y\u00f6nelmeden \u00f6nce do\u011fru sorular\u0131 sormal\u0131s\u0131n\u0131z.     Temelleri Eugene Bardach\u2019\u0131n California \u00dcniversitesi Berkeley\u2019de otuz be\u015f y\u0131l boyunca verdi\u011fi politika analizi seminerlerinde at\u0131lan bu kitap; zorlay\u0131c\u0131 entelekt\u00fcel, siyasi ve mant\u0131ksal bask\u0131lar alt\u0131ndaki okuyucunun kafas\u0131ndaki karma\u015f\u0131kl\u0131\u011f\u0131 ve endi\u015feyi gidermesine yard\u0131m etmeyi ama\u00e7l\u0131yor.   Sekiz A\u015famal\u0131 Yol\u2019un ad\u0131mlar\u0131n\u0131 a\u00e7\u0131klarken ger\u00e7ek raporlardan yap\u0131lan al\u0131nt\u0131larla, bir yandan politika alternatiflerinin istenmeyen sonu\u00e7lar\u0131n\u0131 \u00f6ng\u00f6rmek i\u00e7in tavsiyelerde bulunuyor, di\u011fer yandan da bir politikan\u0131n kabul edilmesi ve uygulanmas\u0131 noktas\u0131nda dinamik d\u00fc\u015f\u00fcnmenin \u00f6nemine dikkat \u00e7ekiyor.     Akl\u0131n\u0131zdan \u00f6b\u00fcr t\u00fcrl\u00fc u\u00e7up gidebilecek \u00f6nemli g\u00f6rev ve tercihleri size hat\u0131rlatmak \u00fczere olu\u015fturulan Sekiz A\u015famal\u0131 Yol yakla\u015f\u0131m\u0131, sadece politika analistleri ve \u00f6\u011frenciler i\u00e7in de\u011fil, herhangi bir sebepten \u00f6t\u00fcr\u00fc d\u00fcnyaya bir politika uygulay\u0131c\u0131s\u0131n\u0131n g\u00f6z\u00fcnden bakmaya \u00e7al\u0131\u015fan herkes i\u00e7in pratik bir rehber niteli\u011findedir.  <\/p>\n","protected":false},"excerpt":{"rendered":"<p>Politika analizi bilimden ziyade bir sanatt\u0131r. Y\u00f6ntemden oldu\u011fu kadar sezgiden de faydalan\u0131r. Bu nedenle do\u011fru cevaplar\u0131 aramaya y\u00f6nelmeden \u00f6nce do\u011fru sorular\u0131 sormal\u0131s\u0131n\u0131z. Temelleri Eugene Bardach\u2019\u0131n California<span class=\"excerpt-hellip\"> [\u2026]<\/span><\/p>\n","protected":false},"featured_media":0,"template":"","meta":{"_monsterinsights_skip_tracking":false,"_monsterinsights_sitenote_active":false,"_monsterinsights_sitenote_note":"","_monsterinsights_sitenote_category":0},"product_brand":[],"product_cat":[20333,13043],"product_tag":[],"class_list":{"0":"post-745859","1":"product","2":"type-product","3":"status-publish","5":"product_cat-diger-ekonomi","6":"product_cat-ekonomi","7":"pa_cilt-ciltsiz","8":"pa_tur-kitap","9":"pa_yayinevi-albaraka-yayinlari","10":"pa_yazar-eugene-bardach-eric-patasnick","12":"first","13":"instock","14":"sale","15":"shipping-taxable","16":"purchasable","17":"product-type-simple"},"_links":{"self":[{"href":"https:\/\/roveyayinevi.com.tr\/index.php\/wp-json\/wp\/v2\/product\/745859","targetHints":{"allow":["GET"]}}],"collection":[{"href":"https:\/\/roveyayinevi.com.tr\/index.php\/wp-json\/wp\/v2\/product"}],"about":[{"href":"https:\/\/roveyayinevi.com.tr\/index.php\/wp-json\/wp\/v2\/types\/product"}],"wp:attachment":[{"href":"https:\/\/roveyayinevi.com.tr\/index.php\/wp-json\/wp\/v2\/media?parent=745859"}],"wp:term":[{"taxonomy":"product_brand","embeddable":true,"href":"https:\/\/roveyayinevi.com.tr\/index.php\/wp-json\/wp\/v2\/product_brand?post=745859"},{"taxonomy":"product_cat","embeddable":true,"href":"https:\/\/roveyayinevi.com.tr\/index.php\/wp-json\/wp\/v2\/product_cat?post=745859"},{"taxonomy":"product_tag","embeddable":true,"href":"https:\/\/roveyayinevi.com.tr\/index.php\/wp-json\/wp\/v2\/product_tag?post=745859"}],"curies":[{"name":"wp","href":"https:\/\/api.w.org\/{rel}","templated":true}]}}