{"id":745857,"date":"2025-08-28T02:29:31","date_gmt":"2025-08-27T23:29:31","guid":{"rendered":"https:\/\/roveyayinevi.com.tr\/index.php\/urun\/bir-iletisim-bicimi-olarak-cinayet\/"},"modified":"2025-12-30T11:01:43","modified_gmt":"2025-12-30T08:01:43","slug":"bir-iletisim-bicimi-olarak-cinayet","status":"publish","type":"product","link":"https:\/\/roveyayinevi.com.tr\/index.php\/urun\/bir-iletisim-bicimi-olarak-cinayet\/","title":{"rendered":"Bir \u0130leti\u015fim Bi\u00e7imi Olarak Cinayet"},"content":{"rendered":"<p>Bir g\u00fcn pusulan\u0131z\u0131 kaybedersiniz. Nas\u0131l oldu\u011fu, o s\u0131rada yan\u0131n\u0131zda kimin oldu\u011fu, bu durumun sorumlulu\u011funu y\u00fckleyecek birini bulup bulamad\u0131\u011f\u0131n\u0131z durumu de\u011fi\u015ftirmeyebilir. Bu kaybedi\u015f, kaybolman\u0131n anahtar\u0131 olur. Varsayarak ad\u0131m atmaya devam etti\u011finiz zeminin kaymas\u0131, dengenizin bozulmas\u0131 art\u0131k an meselesidir. Ger\u00e7ekler sanr\u0131ya, d\u00fc\u015f\u00fcnceler saplant\u0131ya, gelecek ise ge\u00e7mi\u015fin \u00e7\u00f6z\u00fclmesi art\u0131k m\u00fcmk\u00fcn olmayan k\u0131r\u0131lma anlar\u0131na s\u0131k\u0131\u015f\u0131r kal\u0131r. Bir \u0130leti\u015fim Bi\u00e7imi Olarak Cinayet bu s\u0131k\u0131\u015fm\u0131\u015fl\u0131kta a\u015fk, evlilik, insan ili\u015fkileri ve psikozlar \u00fczerine bir roman. <\/p>\n","protected":false},"excerpt":{"rendered":"<p>Bir g\u00fcn pusulan\u0131z\u0131 kaybedersiniz. Nas\u0131l oldu\u011fu, o s\u0131rada yan\u0131n\u0131zda kimin oldu\u011fu, bu durumun sorumlulu\u011funu y\u00fckleyecek birini bulup bulamad\u0131\u011f\u0131n\u0131z durumu de\u011fi\u015ftirmeyebilir. Bu kaybedi\u015f, kaybolman\u0131n anahtar\u0131 olur. Varsayarak<span class=\"excerpt-hellip\"> [\u2026]<\/span><\/p>\n","protected":false},"featured_media":0,"template":"","meta":{"_monsterinsights_skip_tracking":false,"_monsterinsights_sitenote_active":false,"_monsterinsights_sitenote_note":"","_monsterinsights_sitenote_category":0},"product_brand":[],"product_cat":[12291,50487],"product_tag":[],"class_list":{"0":"post-745857","1":"product","2":"type-product","3":"status-publish","5":"product_cat-edebiyat","6":"product_cat-kurgu","7":"pa_cilt-ciltsiz","8":"pa_tur-kitap","9":"pa_yayinevi-arte","10":"pa_yazar-sibel-izmirli","12":"first","13":"instock","14":"sale","15":"shipping-taxable","16":"purchasable","17":"product-type-simple"},"_links":{"self":[{"href":"https:\/\/roveyayinevi.com.tr\/index.php\/wp-json\/wp\/v2\/product\/745857","targetHints":{"allow":["GET"]}}],"collection":[{"href":"https:\/\/roveyayinevi.com.tr\/index.php\/wp-json\/wp\/v2\/product"}],"about":[{"href":"https:\/\/roveyayinevi.com.tr\/index.php\/wp-json\/wp\/v2\/types\/product"}],"wp:attachment":[{"href":"https:\/\/roveyayinevi.com.tr\/index.php\/wp-json\/wp\/v2\/media?parent=745857"}],"wp:term":[{"taxonomy":"product_brand","embeddable":true,"href":"https:\/\/roveyayinevi.com.tr\/index.php\/wp-json\/wp\/v2\/product_brand?post=745857"},{"taxonomy":"product_cat","embeddable":true,"href":"https:\/\/roveyayinevi.com.tr\/index.php\/wp-json\/wp\/v2\/product_cat?post=745857"},{"taxonomy":"product_tag","embeddable":true,"href":"https:\/\/roveyayinevi.com.tr\/index.php\/wp-json\/wp\/v2\/product_tag?post=745857"}],"curies":[{"name":"wp","href":"https:\/\/api.w.org\/{rel}","templated":true}]}}