{"id":745852,"date":"2025-08-28T02:29:26","date_gmt":"2025-08-27T23:29:26","guid":{"rendered":"https:\/\/roveyayinevi.com.tr\/index.php\/urun\/bizans-siir-antolojisi\/"},"modified":"2026-04-16T02:58:23","modified_gmt":"2026-04-15T23:58:23","slug":"bizans-siir-antolojisi","status":"publish","type":"product","link":"https:\/\/roveyayinevi.com.tr\/index.php\/urun\/bizans-siir-antolojisi\/","title":{"rendered":"Bizans \u015eiir Antolojisi"},"content":{"rendered":"<p>Bizans \u015eiir Antolojisi, yakla\u015f\u0131k altm\u0131\u015f Bizans \u015fiirinin Yunanca orijinal metinlerini ve T\u00fcrk\u00e7e \u00e7evirilerini, kapsaml\u0131 notlar ve \u015fair incelemeleriyle birlikte sunmaktad\u0131r. Yaln\u0131zca siyasi ve dini konular\u0131 de\u011fil, g\u00fcnl\u00fck hayat, sava\u015f ve a\u015fk gibi \u00e7ok geni\u015f bir konu yelpazesini kapsayan Bizans \u015fiiri, edebi nitelikleri, yans\u0131tt\u0131\u011f\u0131 duygular ve g\u00fcndelik ya\u015fam sahneleriyle sadece alan\u0131n uzmanlar\u0131n\u0131n de\u011fil, her okuyucunun ilgisini \u00e7ekecektir. Bu kitapta okur, Bizans \u0130stanbul\u2019undaki yap\u0131lar, atl\u0131 araba yar\u0131\u015flar\u0131 ve sokaklarda i\u015fitilen diller \u00fczerine dizeler bulacak, bir manast\u0131rdaki g\u00fcnl\u00fck hayat\u0131 veya bir imparatorluk d\u00fc\u011f\u00fcn\u00fcn\u00fc, hatta deniz \u00fcr\u00fcnleriyle bezenmi\u015f zengin bir sofray\u0131 anlatan \u015fiirlerle kar\u015f\u0131la\u015facakt\u0131r. Agathias\u2019\u0131n n\u00fcktedan a\u015fk m\u0131sralar\u0131ndan, Pisidial\u0131 Georgios\u2019un imparatorlu\u011fun askeri ba\u015far\u0131lar\u0131n\u0131 \u00f6vd\u00fc\u011f\u00fc dizelere, Nazianzoslu Gregorios\u2019un derin ve hisli dini \u015fiirlerinden Psellos\u2019un t\u0131p tart\u0131\u015fmalar\u0131na, bu antoloji Bizans edebiyat\u0131n\u0131n ve k\u00fclt\u00fcr\u00fcn\u00fcn zenginli\u011fini yans\u0131tmaktad\u0131r. <\/p>\n","protected":false},"excerpt":{"rendered":"<p>Bizans \u015eiir Antolojisi, yakla\u015f\u0131k altm\u0131\u015f Bizans \u015fiirinin Yunanca orijinal metinlerini ve T\u00fcrk\u00e7e \u00e7evirilerini, kapsaml\u0131 notlar ve \u015fair incelemeleriyle birlikte sunmaktad\u0131r. Yaln\u0131zca siyasi ve dini konular\u0131 de\u011fil,<span class=\"excerpt-hellip\"> [\u2026]<\/span><\/p>\n","protected":false},"featured_media":0,"template":"","meta":{"_monsterinsights_skip_tracking":false,"_monsterinsights_sitenote_active":false,"_monsterinsights_sitenote_note":"","_monsterinsights_sitenote_category":0},"product_brand":[],"product_cat":[13072,12291],"product_tag":[],"class_list":{"0":"post-745852","1":"product","2":"type-product","3":"status-publish","5":"product_cat-arastirma-inceleme-referans","6":"product_cat-edebiyat","7":"pa_cilt-ciltsiz","8":"pa_tur-kitap","9":"pa_yayinevi-alfa-yayinlari","10":"pa_yazar-kolektif","12":"first","13":"instock","14":"sale","15":"shipping-taxable","16":"purchasable","17":"product-type-simple"},"_links":{"self":[{"href":"https:\/\/roveyayinevi.com.tr\/index.php\/wp-json\/wp\/v2\/product\/745852","targetHints":{"allow":["GET"]}}],"collection":[{"href":"https:\/\/roveyayinevi.com.tr\/index.php\/wp-json\/wp\/v2\/product"}],"about":[{"href":"https:\/\/roveyayinevi.com.tr\/index.php\/wp-json\/wp\/v2\/types\/product"}],"wp:attachment":[{"href":"https:\/\/roveyayinevi.com.tr\/index.php\/wp-json\/wp\/v2\/media?parent=745852"}],"wp:term":[{"taxonomy":"product_brand","embeddable":true,"href":"https:\/\/roveyayinevi.com.tr\/index.php\/wp-json\/wp\/v2\/product_brand?post=745852"},{"taxonomy":"product_cat","embeddable":true,"href":"https:\/\/roveyayinevi.com.tr\/index.php\/wp-json\/wp\/v2\/product_cat?post=745852"},{"taxonomy":"product_tag","embeddable":true,"href":"https:\/\/roveyayinevi.com.tr\/index.php\/wp-json\/wp\/v2\/product_tag?post=745852"}],"curies":[{"name":"wp","href":"https:\/\/api.w.org\/{rel}","templated":true}]}}