{"id":745848,"date":"2025-08-28T02:29:20","date_gmt":"2025-08-27T23:29:20","guid":{"rendered":"https:\/\/roveyayinevi.com.tr\/index.php\/urun\/yeni-siirler\/"},"modified":"2026-04-16T02:58:22","modified_gmt":"2026-04-15T23:58:22","slug":"yeni-siirler","status":"publish","type":"product","link":"https:\/\/roveyayinevi.com.tr\/index.php\/urun\/yeni-siirler\/","title":{"rendered":"Yeni \u015eiirler"},"content":{"rendered":"<p>Lawrence\u2019a g\u00f6re bir \u015fair, duygular\u0131n\u0131n en d\u00fcr\u00fcst ifadesi olan kendi sesiyle, bilin\u00e7sizce konu\u015fmal\u0131d\u0131r. \u015eiirde kendisini Romantikler\u2019in savundu\u011fu \u2018organik\u2019 ve \u2018anlat\u0131msal bi\u00e7em\u2019 yakla\u015f\u0131m\u0131na odaklam\u0131\u015ft\u0131r. Glicksberg,  \u201cYeni \u015eiirler\u2019in (New Poems) Amerikan bask\u0131s\u0131na yazd\u0131\u011f\u0131 \u00f6ns\u00f6zde s\u00f6yledi\u011fi gibi, \u015fiirinde ya\u015fam\u0131n de\u011fi\u015fken, ak\u0131\u015fkan, hareketli ve \u00f6ng\u00f6r\u00fclemez niteli\u011fini sezdirmeyi ba\u015farm\u0131\u015ft\u0131r.\u201d diyerek, yine de onun \u015fiir sanat\u0131ndaki \u015fapka \u00e7\u0131kart\u0131las\u0131 \u00e7abas\u0131n\u0131 anmaktan geri duramam\u0131\u015ft\u0131r. <\/p>\n","protected":false},"excerpt":{"rendered":"<p>Lawrence\u2019a g\u00f6re bir \u015fair, duygular\u0131n\u0131n en d\u00fcr\u00fcst ifadesi olan kendi sesiyle, bilin\u00e7sizce konu\u015fmal\u0131d\u0131r. \u015eiirde kendisini Romantikler\u2019in savundu\u011fu \u2018organik\u2019 ve \u2018anlat\u0131msal bi\u00e7em\u2019 yakla\u015f\u0131m\u0131na odaklam\u0131\u015ft\u0131r. Glicksberg, \u201cYeni \u015eiirler\u2019in<span class=\"excerpt-hellip\"> [\u2026]<\/span><\/p>\n","protected":false},"featured_media":0,"template":"","meta":{"_monsterinsights_skip_tracking":false,"_monsterinsights_sitenote_active":false,"_monsterinsights_sitenote_note":"","_monsterinsights_sitenote_category":0},"product_brand":[],"product_cat":[12291,12509],"product_tag":[],"class_list":{"0":"post-745848","1":"product","2":"type-product","3":"status-publish","5":"product_cat-edebiyat","6":"product_cat-siir","7":"pa_cilt-ciltsiz","8":"pa_tur-kitap","9":"pa_yayinevi-medakitap-yayinlari","10":"pa_yazar-d-h-lawrence","12":"first","13":"instock","14":"sale","15":"shipping-taxable","16":"purchasable","17":"product-type-simple"},"_links":{"self":[{"href":"https:\/\/roveyayinevi.com.tr\/index.php\/wp-json\/wp\/v2\/product\/745848","targetHints":{"allow":["GET"]}}],"collection":[{"href":"https:\/\/roveyayinevi.com.tr\/index.php\/wp-json\/wp\/v2\/product"}],"about":[{"href":"https:\/\/roveyayinevi.com.tr\/index.php\/wp-json\/wp\/v2\/types\/product"}],"wp:attachment":[{"href":"https:\/\/roveyayinevi.com.tr\/index.php\/wp-json\/wp\/v2\/media?parent=745848"}],"wp:term":[{"taxonomy":"product_brand","embeddable":true,"href":"https:\/\/roveyayinevi.com.tr\/index.php\/wp-json\/wp\/v2\/product_brand?post=745848"},{"taxonomy":"product_cat","embeddable":true,"href":"https:\/\/roveyayinevi.com.tr\/index.php\/wp-json\/wp\/v2\/product_cat?post=745848"},{"taxonomy":"product_tag","embeddable":true,"href":"https:\/\/roveyayinevi.com.tr\/index.php\/wp-json\/wp\/v2\/product_tag?post=745848"}],"curies":[{"name":"wp","href":"https:\/\/api.w.org\/{rel}","templated":true}]}}