{"id":745847,"date":"2025-08-28T02:29:18","date_gmt":"2025-08-27T23:29:18","guid":{"rendered":"https:\/\/roveyayinevi.com.tr\/index.php\/urun\/cehennemde-bir-ev\/"},"modified":"2026-04-16T02:58:22","modified_gmt":"2026-04-15T23:58:22","slug":"cehennemde-bir-ev","status":"publish","type":"product","link":"https:\/\/roveyayinevi.com.tr\/index.php\/urun\/cehennemde-bir-ev\/","title":{"rendered":"Cehennemde Bir Ev"},"content":{"rendered":"<p>Kal\u0131n g\u00f6zl\u00fckleri olan, sa\u00e7\u0131n\u0131 arkada topuz yapm\u0131\u015f bir kad\u0131n yan\u0131ma geliyor ve bak\u0131m ekibinin ancak gelecek hafta gelebilece\u011fini s\u00f6yl\u00fcyor. Nerede kalaca\u011f\u0131m belli de\u011fil. Yak\u0131nda mesai bitecek ve buradan ayr\u0131lmam gerekiyor.   \u201cEmin olmadan cennete yerle\u015ftiremeyiz,\u201d diyor b\u00f6l\u00fcm\u00fcn m\u00fcd\u00fcr\u00fc. \u201cAma birka\u00e7 g\u00fcnl\u00fc\u011f\u00fcne cehennemde bir ev ayarlayabiliriz. Ne de olsa ge\u00e7ici bir s\u00fcre&#8230;\u201d   Cehennem hayat\u0131m b\u00f6yle ba\u015fl\u0131yor. Evde sular akm\u0131yor, internet h\u0131z\u0131 \u00e7ok d\u00fc\u015f\u00fck. Yine de sab\u0131rla bekliyorum; birka\u00e7 g\u00fcne kadar bak\u0131m ekibi gelecek ve hesaplar yap\u0131labilecek. Ev arkada\u015f\u0131m halime \u00e7ok g\u00fcl\u00fcyor. \u201cBu kadar saf bir adam\u0131n yolu cehenneme nas\u0131l d\u00fc\u015fer?\u201d diye soruyor. <\/p>\n","protected":false},"excerpt":{"rendered":"<p>Kal\u0131n g\u00f6zl\u00fckleri olan, sa\u00e7\u0131n\u0131 arkada topuz yapm\u0131\u015f bir kad\u0131n yan\u0131ma geliyor ve bak\u0131m ekibinin ancak gelecek hafta gelebilece\u011fini s\u00f6yl\u00fcyor. Nerede kalaca\u011f\u0131m belli de\u011fil. Yak\u0131nda mesai bitecek<span class=\"excerpt-hellip\"> [\u2026]<\/span><\/p>\n","protected":false},"featured_media":0,"template":"","meta":{"_monsterinsights_skip_tracking":false,"_monsterinsights_sitenote_active":false,"_monsterinsights_sitenote_note":"","_monsterinsights_sitenote_category":0},"product_brand":[],"product_cat":[12291,18202],"product_tag":[],"class_list":{"0":"post-745847","1":"product","2":"type-product","3":"status-publish","5":"product_cat-edebiyat","6":"product_cat-hikaye","7":"pa_cilt-ciltsiz","8":"pa_tur-kitap","9":"pa_yayinevi-medakitap-yayinlari","10":"pa_yazar-gokhan-tok","12":"first","13":"instock","14":"sale","15":"shipping-taxable","16":"purchasable","17":"product-type-simple"},"_links":{"self":[{"href":"https:\/\/roveyayinevi.com.tr\/index.php\/wp-json\/wp\/v2\/product\/745847","targetHints":{"allow":["GET"]}}],"collection":[{"href":"https:\/\/roveyayinevi.com.tr\/index.php\/wp-json\/wp\/v2\/product"}],"about":[{"href":"https:\/\/roveyayinevi.com.tr\/index.php\/wp-json\/wp\/v2\/types\/product"}],"wp:attachment":[{"href":"https:\/\/roveyayinevi.com.tr\/index.php\/wp-json\/wp\/v2\/media?parent=745847"}],"wp:term":[{"taxonomy":"product_brand","embeddable":true,"href":"https:\/\/roveyayinevi.com.tr\/index.php\/wp-json\/wp\/v2\/product_brand?post=745847"},{"taxonomy":"product_cat","embeddable":true,"href":"https:\/\/roveyayinevi.com.tr\/index.php\/wp-json\/wp\/v2\/product_cat?post=745847"},{"taxonomy":"product_tag","embeddable":true,"href":"https:\/\/roveyayinevi.com.tr\/index.php\/wp-json\/wp\/v2\/product_tag?post=745847"}],"curies":[{"name":"wp","href":"https:\/\/api.w.org\/{rel}","templated":true}]}}