{"id":745846,"date":"2025-08-28T02:29:16","date_gmt":"2025-08-27T23:29:16","guid":{"rendered":"https:\/\/roveyayinevi.com.tr\/index.php\/urun\/kendi-halinde-bir-olu\/"},"modified":"2026-04-16T02:58:22","modified_gmt":"2026-04-15T23:58:22","slug":"kendi-halinde-bir-olu","status":"publish","type":"product","link":"https:\/\/roveyayinevi.com.tr\/index.php\/urun\/kendi-halinde-bir-olu\/","title":{"rendered":"Kendi Halinde Bir \u00d6l\u00fc"},"content":{"rendered":"<p>her sabah kap\u0131dan \u00e7\u0131kman\u0131n \u00f6lmesiyle d\u00f6nerken bo\u011fulman\u0131n yas\u0131d\u0131r i\u00e7inize k\u0131r\u0131lan \u0131\u015f\u0131k her karanl\u0131k avlayacak bir cenin bulur oysa her \u00f6l\u00fcm yak\u0131lmam\u0131\u015f olman\u0131n mutlulu\u011fudur topra\u011f\u0131n kuytusunda a\u015fk karn\u0131n\u0131zda dans eden s\u0131cakl\u0131k kar\u0131nca ayaklar\u0131n\u0131 ararken \u00e7ocuk d\u00fc\u015f\u00fcne d\u00fc\u015f\u00fcne \u00e7i\u00e7ekte \u00e7ar\u015f\u0131 kalabal\u0131\u011f\u0131nda kaybolman\u0131n k\u00e2busudur b\u00fcy\u00fcmek geceler b\u00fcy\u00fcr   -uyan\u0131nca olur \u00e7ocuk- <\/p>\n","protected":false},"excerpt":{"rendered":"<p>her sabah kap\u0131dan \u00e7\u0131kman\u0131n \u00f6lmesiyle d\u00f6nerken bo\u011fulman\u0131n yas\u0131d\u0131r i\u00e7inize k\u0131r\u0131lan \u0131\u015f\u0131k her karanl\u0131k avlayacak bir cenin bulur oysa her \u00f6l\u00fcm yak\u0131lmam\u0131\u015f olman\u0131n mutlulu\u011fudur topra\u011f\u0131n kuytusunda a\u015fk<span class=\"excerpt-hellip\"> [\u2026]<\/span><\/p>\n","protected":false},"featured_media":0,"template":"","meta":{"_monsterinsights_skip_tracking":false,"_monsterinsights_sitenote_active":false,"_monsterinsights_sitenote_note":"","_monsterinsights_sitenote_category":0},"product_brand":[],"product_cat":[12291,12509],"product_tag":[],"class_list":{"0":"post-745846","1":"product","2":"type-product","3":"status-publish","5":"product_cat-edebiyat","6":"product_cat-siir","7":"pa_cilt-ciltsiz","8":"pa_tur-kitap","9":"pa_yayinevi-medakitap-yayinlari","10":"pa_yazar-beytullah-kilic","12":"first","13":"instock","14":"sale","15":"shipping-taxable","16":"purchasable","17":"product-type-simple"},"_links":{"self":[{"href":"https:\/\/roveyayinevi.com.tr\/index.php\/wp-json\/wp\/v2\/product\/745846","targetHints":{"allow":["GET"]}}],"collection":[{"href":"https:\/\/roveyayinevi.com.tr\/index.php\/wp-json\/wp\/v2\/product"}],"about":[{"href":"https:\/\/roveyayinevi.com.tr\/index.php\/wp-json\/wp\/v2\/types\/product"}],"wp:attachment":[{"href":"https:\/\/roveyayinevi.com.tr\/index.php\/wp-json\/wp\/v2\/media?parent=745846"}],"wp:term":[{"taxonomy":"product_brand","embeddable":true,"href":"https:\/\/roveyayinevi.com.tr\/index.php\/wp-json\/wp\/v2\/product_brand?post=745846"},{"taxonomy":"product_cat","embeddable":true,"href":"https:\/\/roveyayinevi.com.tr\/index.php\/wp-json\/wp\/v2\/product_cat?post=745846"},{"taxonomy":"product_tag","embeddable":true,"href":"https:\/\/roveyayinevi.com.tr\/index.php\/wp-json\/wp\/v2\/product_tag?post=745846"}],"curies":[{"name":"wp","href":"https:\/\/api.w.org\/{rel}","templated":true}]}}