{"id":745845,"date":"2025-08-28T02:29:16","date_gmt":"2025-08-27T23:29:16","guid":{"rendered":"https:\/\/roveyayinevi.com.tr\/index.php\/urun\/hakikat-sonrasi-guc-oyunu-olarak-bilgi\/"},"modified":"2026-04-16T02:58:22","modified_gmt":"2026-04-15T23:58:22","slug":"hakikat-sonrasi-guc-oyunu-olarak-bilgi","status":"publish","type":"product","link":"https:\/\/roveyayinevi.com.tr\/index.php\/urun\/hakikat-sonrasi-guc-oyunu-olarak-bilgi\/","title":{"rendered":"Hakikat Sonras\u0131 \u2013G\u00fc\u00e7 Oyunu Olarak Bilgi"},"content":{"rendered":"<p>\u201cSteve Fuller, bu kitapta \u2018hakikat sonras\u0131\u2019 kavram\u0131n\u0131 yeni bir analiz d\u00fczeyine ta\u015f\u0131yor. Hakikatin kurumsal tarihini \u2018oyunun kurallar\u0131\u2019 \u00fczerinden ele al\u0131yor.\u201d \u2013Stephen Turner \u201cFuller, hakikat sonras\u0131 durumuna batm\u0131\u015f d\u00fcnyan\u0131n k\u0131yametin e\u015fi\u011finde olmad\u0131\u011f\u0131na dair ikna edici etrafl\u0131ca bir tart\u0131\u015fma sunuyor. Fuller\u2019in a\u00e7\u0131k g\u00f6r\u00fc\u015fl\u00fc sorgulamas\u0131, hakikat sonras\u0131 \u00fczerine yay\u0131nlar\u0131n \u00e7o\u011funun durdu\u011fu noktan\u0131n \u00f6tesine bir bak\u0131\u015f at\u0131yor.\u201d \u2013Lucia Toman \u201cBu kitap, hakikat sonras\u0131 epistemik pop\u00fclist ko\u015fullarda rol oynayan meselelerin bir a\u00e7\u0131klamas\u0131n\u0131 sunuyor ve bunlar\u0131n k\u00f6keninin ayd\u0131nlat\u0131c\u0131 bir \u015fekilde izini s\u00fcr\u00fcyor.\u201d \u2013Fred D\u2019Agostino \u2018Hakikat sonras\u0131\u2019n\u0131n belirleyici \u00f6zelli\u011fi, g\u00f6r\u00fcn\u00fc\u015f ile ger\u00e7eklik aras\u0131nda hi\u00e7bir zaman tam olarak ay\u0131rt edilemeyen ayr\u0131md\u0131r. Bu asl\u0131nda hakikat sonras\u0131nda en g\u00fc\u00e7l\u00fc g\u00f6r\u00fcn\u00fc\u015f\u00fcn nihayetinde ger\u00e7eklik yerine ge\u00e7ti\u011fi anlam\u0131na gelir. K\u0131sacas\u0131 bir g\u00fc\u00e7 oyunudur bu. Hakikat sonras\u0131 (post-truth) terimi her ne kadar Trump ve Boris Johnson gibi politik fig\u00fcrlerle hayat\u0131m\u0131za girmi\u015f olsa da, k\u00f6kleri felsefe, sosyoloji ve politik teorinin derinliklerinde yatmaktad\u0131r. Felsefede Platon\u2019dan Kuhn ve Popper\u2019a uzanan bu tarih, klasik sosyolojide Makyavelci gelene\u011fe ve Pareto\u2019ya dek uzanmaktad\u0131r. \u0130nsan kaynaklar\u0131n\u0131n do\u011fu\u015fu, medya, tarih ve ekonominin epistemik yap\u0131larla etkile\u015fimi; k\u0131sacas\u0131 bilginin tarih boyu kuramsal ve kurumsal a\u011flar i\u00e7erisindeki dola\u015f\u0131m\u0131 kitab\u0131n temel sorunudur. Kitap, hakikat sonras\u0131 durumunun hem politika ve iktisat hem de bilim ve felsefe a\u00e7\u0131s\u0131ndan anlam\u0131n\u0131 Fuller\u2019in \u00f6zg\u00fcn bak\u0131\u015f a\u00e7\u0131s\u0131yla ele al\u0131yor. <\/p>\n","protected":false},"excerpt":{"rendered":"<p>\u201cSteve Fuller, bu kitapta \u2018hakikat sonras\u0131\u2019 kavram\u0131n\u0131 yeni bir analiz d\u00fczeyine ta\u015f\u0131yor. Hakikatin kurumsal tarihini \u2018oyunun kurallar\u0131\u2019 \u00fczerinden ele al\u0131yor.\u201d \u2013Stephen Turner \u201cFuller, hakikat sonras\u0131 durumuna<span class=\"excerpt-hellip\"> [\u2026]<\/span><\/p>\n","protected":false},"featured_media":0,"template":"","meta":{"_monsterinsights_skip_tracking":false,"_monsterinsights_sitenote_active":false,"_monsterinsights_sitenote_note":"","_monsterinsights_sitenote_category":0},"product_brand":[],"product_cat":[12389,12388],"product_tag":[],"class_list":{"0":"post-745845","1":"product","2":"type-product","3":"status-publish","5":"product_cat-diger-felsefe","6":"product_cat-felsefe","7":"pa_cilt-ciltsiz","8":"pa_tur-kitap","9":"pa_yayinevi-fol-kitap","10":"pa_yazar-steve-fuller","12":"first","13":"instock","14":"sale","15":"shipping-taxable","16":"purchasable","17":"product-type-simple"},"_links":{"self":[{"href":"https:\/\/roveyayinevi.com.tr\/index.php\/wp-json\/wp\/v2\/product\/745845","targetHints":{"allow":["GET"]}}],"collection":[{"href":"https:\/\/roveyayinevi.com.tr\/index.php\/wp-json\/wp\/v2\/product"}],"about":[{"href":"https:\/\/roveyayinevi.com.tr\/index.php\/wp-json\/wp\/v2\/types\/product"}],"wp:attachment":[{"href":"https:\/\/roveyayinevi.com.tr\/index.php\/wp-json\/wp\/v2\/media?parent=745845"}],"wp:term":[{"taxonomy":"product_brand","embeddable":true,"href":"https:\/\/roveyayinevi.com.tr\/index.php\/wp-json\/wp\/v2\/product_brand?post=745845"},{"taxonomy":"product_cat","embeddable":true,"href":"https:\/\/roveyayinevi.com.tr\/index.php\/wp-json\/wp\/v2\/product_cat?post=745845"},{"taxonomy":"product_tag","embeddable":true,"href":"https:\/\/roveyayinevi.com.tr\/index.php\/wp-json\/wp\/v2\/product_tag?post=745845"}],"curies":[{"name":"wp","href":"https:\/\/api.w.org\/{rel}","templated":true}]}}