{"id":745844,"date":"2025-08-28T02:29:15","date_gmt":"2025-08-27T23:29:15","guid":{"rendered":"https:\/\/roveyayinevi.com.tr\/index.php\/urun\/henri-bergson-degisimin-felsefesi\/"},"modified":"2026-04-16T02:58:22","modified_gmt":"2026-04-15T23:58:22","slug":"henri-bergson-degisimin-felsefesi","status":"publish","type":"product","link":"https:\/\/roveyayinevi.com.tr\/index.php\/urun\/henri-bergson-degisimin-felsefesi\/","title":{"rendered":"Henri Bergson \u2013De\u011fi\u015fimin Felsefesi"},"content":{"rendered":"<p>Bergson i\u00e7in ya\u015fam bir yaratma s\u00fcrecidir: Bir anda ger\u00e7ekle\u015fen ya da kesintili bir s\u00fcre\u00e7 de\u011fil, durmaks\u0131z\u0131n her an ger\u00e7ekle\u015fen bir s\u00fcre\u00e7. T\u0131pk\u0131 bir nehrin ak\u0131\u015f\u0131 gibi ya\u015fam da kesintisiz ilerler, s\u00fcr\u00fcp gider. Bu anlamda Bergson felsefesi bir ya\u015fam felsefesidir. Bergson felsefesini, kendisinden \u00f6nce gelen t\u00fcm antik ve modern sistemlerden ay\u0131ran \u015fey budur. Zek\u00e2, bizim ya\u015fam dedi\u011fimiz faaliyetin ama\u00e7lar\u0131na hizmet etmek i\u00e7in bi\u00e7imlenmi\u015ftir. Ya\u015fam bilgi i\u00e7in de\u011fildir, bilgi ya\u015fam i\u00e7indir. Felsefenin temel g\u00f6revi bilimin yapamad\u0131\u011f\u0131 \u015feyi yapmakt\u0131r: yani ya\u015fam\u0131 kavramak. Ger\u00e7eklik kat\u0131 bir madde ya da d\u00fc\u015f\u00fcnen bellek de\u011fil, ya\u015fayan, yarat\u0131c\u0131 tek\u00e2m\u00fcld\u00fcr. Bu kitap, \u00e7a\u011fda\u015f felsefeye ve K\u0131ta felsefesine y\u00f6n veren en \u00f6nemli isimlerden Henri Bergson d\u00fc\u015f\u00fcncesine giri\u015f yapmaktad\u0131r.  Filozofun temel kavramlar\u0131, zek\u00e2 ve madde, sezgi ve \u00f6zg\u00fcrl\u00fck, bellek ve hareket; yarat\u0131c\u0131 tek\u00e2m\u00fcl ve ya\u015fam ba\u011flam\u0131nda sunulmaktad\u0131r. Bergson felsefesinin en \u00e7etrefilli k\u0131s\u0131mlar\u0131n\u0131 bile olduk\u00e7a a\u00e7\u0131k bir bi\u00e7imde dile getiren kitab\u0131n en ilgi \u00e7ekici yanlar\u0131ndan birisi de \u015fudur: Bergson bizzat kendi felsefesi \u00fczerine olan bu kitab\u0131 okuyarak yaz\u0131m s\u00fcrecine d\u00e2hil olmu\u015f ve \u201cDe\u011fi\u015fimin Felsefesi\u201d ad\u0131n\u0131 da kendisi koymu\u015ftur.<\/p>\n","protected":false},"excerpt":{"rendered":"<p>Bergson i\u00e7in ya\u015fam bir yaratma s\u00fcrecidir: Bir anda ger\u00e7ekle\u015fen ya da kesintili bir s\u00fcre\u00e7 de\u011fil, durmaks\u0131z\u0131n her an ger\u00e7ekle\u015fen bir s\u00fcre\u00e7. T\u0131pk\u0131 bir nehrin ak\u0131\u015f\u0131 gibi<span class=\"excerpt-hellip\"> [\u2026]<\/span><\/p>\n","protected":false},"featured_media":0,"template":"","meta":{"_monsterinsights_skip_tracking":false,"_monsterinsights_sitenote_active":false,"_monsterinsights_sitenote_note":"","_monsterinsights_sitenote_category":0},"product_brand":[],"product_cat":[12389,12388],"product_tag":[],"class_list":{"0":"post-745844","1":"product","2":"type-product","3":"status-publish","5":"product_cat-diger-felsefe","6":"product_cat-felsefe","7":"pa_cilt-ciltsiz","8":"pa_tur-kitap","9":"pa_yayinevi-fol-kitap","10":"pa_yazar-h-wildon-carr","12":"first","13":"instock","14":"sale","15":"shipping-taxable","16":"purchasable","17":"product-type-simple"},"_links":{"self":[{"href":"https:\/\/roveyayinevi.com.tr\/index.php\/wp-json\/wp\/v2\/product\/745844","targetHints":{"allow":["GET"]}}],"collection":[{"href":"https:\/\/roveyayinevi.com.tr\/index.php\/wp-json\/wp\/v2\/product"}],"about":[{"href":"https:\/\/roveyayinevi.com.tr\/index.php\/wp-json\/wp\/v2\/types\/product"}],"wp:attachment":[{"href":"https:\/\/roveyayinevi.com.tr\/index.php\/wp-json\/wp\/v2\/media?parent=745844"}],"wp:term":[{"taxonomy":"product_brand","embeddable":true,"href":"https:\/\/roveyayinevi.com.tr\/index.php\/wp-json\/wp\/v2\/product_brand?post=745844"},{"taxonomy":"product_cat","embeddable":true,"href":"https:\/\/roveyayinevi.com.tr\/index.php\/wp-json\/wp\/v2\/product_cat?post=745844"},{"taxonomy":"product_tag","embeddable":true,"href":"https:\/\/roveyayinevi.com.tr\/index.php\/wp-json\/wp\/v2\/product_tag?post=745844"}],"curies":[{"name":"wp","href":"https:\/\/api.w.org\/{rel}","templated":true}]}}