{"id":745843,"date":"2025-08-28T02:29:14","date_gmt":"2025-08-27T23:29:14","guid":{"rendered":"https:\/\/roveyayinevi.com.tr\/index.php\/urun\/milliyetcilik-ve-modernizm\/"},"modified":"2026-04-16T02:58:22","modified_gmt":"2026-04-15T23:58:22","slug":"milliyetcilik-ve-modernizm","status":"publish","type":"product","link":"https:\/\/roveyayinevi.com.tr\/index.php\/urun\/milliyetcilik-ve-modernizm\/","title":{"rendered":"Milliyet\u00e7ilik ve Modernizm"},"content":{"rendered":"<p>Milliyet\u00e7ilik son iki y\u00fczy\u0131la damgas\u0131n\u0131 vurmu\u015f en \u00f6nemli ak\u0131mlardan ve olgulardan biri. Sal\u0131verildi\u011finde taraftarlar\u0131na g\u00f6re \u2018\u015fanl\u0131\u2019 zaferlere ula\u015ft\u0131rabilen ama tarihin de g\u00f6sterdi\u011fi \u00fczere ne varsa \u00f6n\u00fcne kat\u0131p g\u00f6t\u00fcrebilen, sonu gelmez \u2018kanl\u0131\u2019 husumetlere yol a\u00e7\u0131p kom\u015fuyu kom\u015fuya k\u0131rd\u0131ran, nehrin iki yakas\u0131n\u0131 ate\u015ften bir perdeyle ay\u0131ran korkutucu ve dizginlenemez bir g\u00fcce sahip. \u00dcstelik bug\u00fcn de sa\u011f ve salim. 20. y\u00fczy\u0131la yaral\u0131 \u00e7ehresini kazand\u0131rm\u0131\u015f, iki d\u00fcnya sava\u015f\u0131n\u0131n alt\u0131nda imzas\u0131 olan bu g\u00fc\u00e7, y\u00fczy\u0131l\u0131n sonlar\u0131ndaki \u00f6ng\u00f6r\u00fclerin aksine zay\u0131flamak \u015f\u00f6yle dursun, ba\u015fta Do\u011fu Avrupa, Kafkasya, Yak\u0131ndo\u011fu ve Ortado\u011fu olmak \u00fczere, d\u00fcnyan\u0131n d\u00f6rt bir yan\u0131nda bug\u00fcn tekrar y\u00fckseli\u015fe ge\u00e7ti. Peki, bu y\u00fckseli\u015f nas\u0131l a\u00e7\u0131klanabilir? Milletler ve milliyet\u00e7ilik, modernli\u011fin bize arma\u011fan\u0131 olan yeni bir olgu mu, yoksa k\u00f6kleri tarihin derinlerine mi uzan\u0131yor? Milliyet\u00e7ili\u011fin \u00e7e\u015fitleri neler? \u0130nsanlar\u0131 ortak bir ama\u00e7 etraf\u0131nda kenetleyip seferber edebilen milliyet\u00e7i hareketler bu g\u00fc\u00e7lerini nelerden al\u0131yor? Milliyet\u00e7ilik \u00e7al\u0131\u015fmalar\u0131 alan\u0131n\u0131n kurucusu ve \u00f6nde gelen tarihsel sosyologlardan Anthony D. Smith, bu kitapta, milliyet\u00e7ili\u011fin ve millet fikrinin soyk\u00fct\u00fc\u011f\u00fcn\u00fc \u00e7\u0131karma giri\u015fimleriyle hesapla\u015f\u0131yor. Gellner, Mann, Anderson, Armstrong, Geertz, Giddens, Hobsbawm, Kedourie, Hroch, Holowitz gibi alan\u0131n \u00f6nde gelen isimleriyle girdi\u011fi tart\u0131\u015fmada milliyet\u00e7ili\u011fin unsurlar\u0131n\u0131 ve bu olguyu ele alan teorilerin zay\u0131f ve g\u00fc\u00e7l\u00fc yanlar\u0131n\u0131 ortaya koyuyor. Milliyet\u00e7ilik ile modernizmin tarihte i\u00e7 i\u00e7e ge\u00e7mi\u015f anlat\u0131s\u0131n\u0131n dola\u015f\u0131k yumaklar\u0131n\u0131 \u00e7\u00f6zerek, bize bug\u00fcn\u00fc ve yak\u0131n gelece\u011fi anlamam\u0131za da izin veren, kolay okunur bir yol haritas\u0131 sunuyor.<\/p>\n","protected":false},"excerpt":{"rendered":"<p>Milliyet\u00e7ilik son iki y\u00fczy\u0131la damgas\u0131n\u0131 vurmu\u015f en \u00f6nemli ak\u0131mlardan ve olgulardan biri. Sal\u0131verildi\u011finde taraftarlar\u0131na g\u00f6re \u2018\u015fanl\u0131\u2019 zaferlere ula\u015ft\u0131rabilen ama tarihin de g\u00f6sterdi\u011fi \u00fczere ne varsa \u00f6n\u00fcne<span class=\"excerpt-hellip\"> [\u2026]<\/span><\/p>\n","protected":false},"featured_media":0,"template":"","meta":{"_monsterinsights_skip_tracking":false,"_monsterinsights_sitenote_active":false,"_monsterinsights_sitenote_note":"","_monsterinsights_sitenote_category":0},"product_brand":[],"product_cat":[12337,14706],"product_tag":[],"class_list":{"0":"post-745843","1":"product","2":"type-product","3":"status-publish","5":"product_cat-politika-siyaset","6":"product_cat-siyaset-bilimi","7":"pa_cilt-ciltsiz","8":"pa_tur-kitap","9":"pa_yayinevi-fol-kitap","10":"pa_yazar-anthony-d-smith","12":"first","13":"instock","14":"sale","15":"shipping-taxable","16":"purchasable","17":"product-type-simple"},"_links":{"self":[{"href":"https:\/\/roveyayinevi.com.tr\/index.php\/wp-json\/wp\/v2\/product\/745843","targetHints":{"allow":["GET"]}}],"collection":[{"href":"https:\/\/roveyayinevi.com.tr\/index.php\/wp-json\/wp\/v2\/product"}],"about":[{"href":"https:\/\/roveyayinevi.com.tr\/index.php\/wp-json\/wp\/v2\/types\/product"}],"wp:attachment":[{"href":"https:\/\/roveyayinevi.com.tr\/index.php\/wp-json\/wp\/v2\/media?parent=745843"}],"wp:term":[{"taxonomy":"product_brand","embeddable":true,"href":"https:\/\/roveyayinevi.com.tr\/index.php\/wp-json\/wp\/v2\/product_brand?post=745843"},{"taxonomy":"product_cat","embeddable":true,"href":"https:\/\/roveyayinevi.com.tr\/index.php\/wp-json\/wp\/v2\/product_cat?post=745843"},{"taxonomy":"product_tag","embeddable":true,"href":"https:\/\/roveyayinevi.com.tr\/index.php\/wp-json\/wp\/v2\/product_tag?post=745843"}],"curies":[{"name":"wp","href":"https:\/\/api.w.org\/{rel}","templated":true}]}}