{"id":745838,"date":"2025-08-28T02:29:05","date_gmt":"2025-08-27T23:29:05","guid":{"rendered":"https:\/\/roveyayinevi.com.tr\/index.php\/urun\/solaris\/"},"modified":"2025-08-30T14:37:54","modified_gmt":"2025-08-30T11:37:54","slug":"solaris","status":"publish","type":"product","link":"https:\/\/roveyayinevi.com.tr\/index.php\/urun\/solaris\/","title":{"rendered":"Solaris"},"content":{"rendered":"<p>\u201cStanislaw Lem g\u00fcn\u00fcm\u00fcz\u00fcn en inan\u0131lmaz zek\u00e2s\u0131na sahip, bilge ve komik yazar\u0131d\u0131r.\u201d \u2013Anthony Burgess   \u0130nsano\u011flu kendi i\u00e7inde olan biteni anlamadan evrenin s\u0131rlar\u0131n\u0131 ger\u00e7ekten anlayabilir mi?   Psikolog Kris Kelvin ara\u015ft\u0131rma yapmak i\u00e7in Solaris gezegenindeki istasyona gelir. Biliminsanlar\u0131 y\u0131llar boyunca gezegenin y\u00fczeyini kaplayan okyanusu canl\u0131 ve bilin\u00e7li bir varl\u0131k kabul etmi\u015f ve ileti\u015fim kurmaya \u00e7abalam\u0131\u015ft\u0131r ama bu \u00e7abalar\u0131 okyanusun yarat\u0131lar\u0131n\u0131 s\u0131nfland\u0131rmaktan \u00f6teye gidememi\u015ftir. \u00d6nceden yap\u0131lan izinsiz bir deneye okyanus beklenmedik bir tepki verince ara\u015ft\u0131rmac\u0131lar okyanustan gelen ziyaret\u00e7ilerin kar\u015f\u0131s\u0131nda bast\u0131r\u0131lm\u0131\u015f an\u0131lar\u0131yla ve kendi insan do\u011falar\u0131yla y\u00fczle\u015fmek zorunda kal\u0131r.   \u201cKutsal Ba\u011flant\u0131\u2019n\u0131n \u015f\u00f6valyeleri say\u0131yoruz kendimizi. Bu da ikinci sahtelik. \u0130nsandan ba\u015fka bir \u015fey aram\u0131yoruz biz. Ba\u015fka d\u00fcnyalara ihtiyac\u0131m\u0131z yok. Ayna laz\u0131m bize.\u201d <\/p>\n","protected":false},"excerpt":{"rendered":"<p>\u201cStanislaw Lem g\u00fcn\u00fcm\u00fcz\u00fcn en inan\u0131lmaz zek\u00e2s\u0131na sahip, bilge ve komik yazar\u0131d\u0131r.\u201d \u2013Anthony Burgess \u0130nsano\u011flu kendi i\u00e7inde olan biteni anlamadan evrenin s\u0131rlar\u0131n\u0131 ger\u00e7ekten anlayabilir mi? Psikolog Kris<span class=\"excerpt-hellip\"> [\u2026]<\/span><\/p>\n","protected":false},"featured_media":0,"template":"","meta":{"_monsterinsights_skip_tracking":false,"_monsterinsights_sitenote_active":false,"_monsterinsights_sitenote_note":"","_monsterinsights_sitenote_category":0},"product_brand":[],"product_cat":[12540,12291],"product_tag":[],"class_list":{"0":"post-745838","1":"product","2":"type-product","3":"status-publish","5":"product_cat-bilim-kurgu","6":"product_cat-edebiyat","7":"pa_cilt-ciltsiz","8":"pa_tur-kitap","9":"pa_yayinevi-alfa-yayinlari","10":"pa_yazar-stanislaw-lem","12":"first","13":"instock","14":"sale","15":"shipping-taxable","16":"purchasable","17":"product-type-simple"},"_links":{"self":[{"href":"https:\/\/roveyayinevi.com.tr\/index.php\/wp-json\/wp\/v2\/product\/745838","targetHints":{"allow":["GET"]}}],"collection":[{"href":"https:\/\/roveyayinevi.com.tr\/index.php\/wp-json\/wp\/v2\/product"}],"about":[{"href":"https:\/\/roveyayinevi.com.tr\/index.php\/wp-json\/wp\/v2\/types\/product"}],"wp:attachment":[{"href":"https:\/\/roveyayinevi.com.tr\/index.php\/wp-json\/wp\/v2\/media?parent=745838"}],"wp:term":[{"taxonomy":"product_brand","embeddable":true,"href":"https:\/\/roveyayinevi.com.tr\/index.php\/wp-json\/wp\/v2\/product_brand?post=745838"},{"taxonomy":"product_cat","embeddable":true,"href":"https:\/\/roveyayinevi.com.tr\/index.php\/wp-json\/wp\/v2\/product_cat?post=745838"},{"taxonomy":"product_tag","embeddable":true,"href":"https:\/\/roveyayinevi.com.tr\/index.php\/wp-json\/wp\/v2\/product_tag?post=745838"}],"curies":[{"name":"wp","href":"https:\/\/api.w.org\/{rel}","templated":true}]}}