{"id":745837,"date":"2025-08-28T02:29:05","date_gmt":"2025-08-27T23:29:05","guid":{"rendered":"https:\/\/roveyayinevi.com.tr\/index.php\/urun\/divrigi-kalesi-kazilari3-metal-buluntular\/"},"modified":"2026-04-16T02:58:22","modified_gmt":"2026-04-15T23:58:22","slug":"divrigi-kalesi-kazilari3-metal-buluntular","status":"publish","type":"product","link":"https:\/\/roveyayinevi.com.tr\/index.php\/urun\/divrigi-kalesi-kazilari3-metal-buluntular\/","title":{"rendered":"Divri\u011fi Kalesi Kaz\u0131lar\u0131:3 Metal Buluntular"},"content":{"rendered":"<p>UNESCO D\u00fcnya Miras Listesi\u2019nde yer alan Divri\u011fi Ulu Cami, Divri\u011fi\u2019nin uluslararas\u0131 alanda tan\u0131nmas\u0131nda \u00f6nemli bir rol oynam\u0131\u015ft\u0131r. Prof. Dr. Erdal Eser taraf\u0131ndan y\u00fcr\u00fct\u00fclen Divri\u011fi Kalesi kaz\u0131lar\u0131nda da Arkeoloji ve Sanat Tarihi bak\u0131m\u0131ndan son derece \u00f6nemli verilere ula\u015f\u0131lm\u0131\u015f, bu veriler s\u0131ras\u0131yla yay\u0131mlanmaya ba\u015flanm\u0131\u015ft\u0131r. Divri\u011fi Kalesi Kaz\u0131lar\u0131n\u0131n 3. Cildi olan bu kitapta, kaz\u0131larda bulunan metal eserler incelenmi\u015ftir. Kitap; siyah-beyaz resimler, \u00e7izimler, tablolar ve geni\u015f bir kaynak\u00e7a ile zenginle\u015ftirilmi\u015ftir. <\/p>\n","protected":false},"excerpt":{"rendered":"<p>UNESCO D\u00fcnya Miras Listesi\u2019nde yer alan Divri\u011fi Ulu Cami, Divri\u011fi\u2019nin uluslararas\u0131 alanda tan\u0131nmas\u0131nda \u00f6nemli bir rol oynam\u0131\u015ft\u0131r. Prof. Dr. Erdal Eser taraf\u0131ndan y\u00fcr\u00fct\u00fclen Divri\u011fi Kalesi kaz\u0131lar\u0131nda<span class=\"excerpt-hellip\"> [\u2026]<\/span><\/p>\n","protected":false},"featured_media":0,"template":"","meta":{"_monsterinsights_skip_tracking":false,"_monsterinsights_sitenote_active":false,"_monsterinsights_sitenote_note":"","_monsterinsights_sitenote_category":0},"product_brand":[],"product_cat":[12408,14197],"product_tag":[],"class_list":{"0":"post-745837","1":"product","2":"type-product","3":"status-publish","5":"product_cat-sanat","6":"product_cat-sanat-tarihi","7":"pa_cilt-ciltsiz","8":"pa_tur-kitap","9":"pa_yayinevi-myrina-yayinlari","10":"pa_yazar-derya-acar","12":"first","13":"instock","14":"sale","15":"shipping-taxable","16":"purchasable","17":"product-type-simple"},"_links":{"self":[{"href":"https:\/\/roveyayinevi.com.tr\/index.php\/wp-json\/wp\/v2\/product\/745837","targetHints":{"allow":["GET"]}}],"collection":[{"href":"https:\/\/roveyayinevi.com.tr\/index.php\/wp-json\/wp\/v2\/product"}],"about":[{"href":"https:\/\/roveyayinevi.com.tr\/index.php\/wp-json\/wp\/v2\/types\/product"}],"wp:attachment":[{"href":"https:\/\/roveyayinevi.com.tr\/index.php\/wp-json\/wp\/v2\/media?parent=745837"}],"wp:term":[{"taxonomy":"product_brand","embeddable":true,"href":"https:\/\/roveyayinevi.com.tr\/index.php\/wp-json\/wp\/v2\/product_brand?post=745837"},{"taxonomy":"product_cat","embeddable":true,"href":"https:\/\/roveyayinevi.com.tr\/index.php\/wp-json\/wp\/v2\/product_cat?post=745837"},{"taxonomy":"product_tag","embeddable":true,"href":"https:\/\/roveyayinevi.com.tr\/index.php\/wp-json\/wp\/v2\/product_tag?post=745837"}],"curies":[{"name":"wp","href":"https:\/\/api.w.org\/{rel}","templated":true}]}}