{"id":745836,"date":"2025-08-28T02:29:04","date_gmt":"2025-08-27T23:29:04","guid":{"rendered":"https:\/\/roveyayinevi.com.tr\/index.php\/urun\/aradigin-o-isaret\/"},"modified":"2026-04-16T02:58:22","modified_gmt":"2026-04-15T23:58:22","slug":"aradigin-o-isaret","status":"publish","type":"product","link":"https:\/\/roveyayinevi.com.tr\/index.php\/urun\/aradigin-o-isaret\/","title":{"rendered":"Arad\u0131\u011f\u0131n \u201cO\u201d \u0130\u015faret"},"content":{"rendered":"<p>\u00dclkemizin \u00f6nde gelen Bilin\u00e7alt\u0131 ve Enerji Terapisti \u00c7a\u011fla Joy\u2019un, b\u00fcy\u00fck bir emek ve titizlikle haz\u0131rlad\u0131\u011f\u0131 \u201cArad\u0131\u011f\u0131n \u2018O\u2019 \u0130\u015faret\u201d adl\u0131 kitab\u0131 onun derin bilgi ve deneyimlerini yans\u0131t\u0131yor. Kitapta her biri yeni bir g\u00fcnde okunmas\u0131 planlanan 96 adet yaz\u0131 bulunmaktad\u0131r. \u201cKe\u015fkelerinizi, iyikilere d\u00f6n\u00fc\u015ft\u00fcrmenin tek yolu ya\u015fad\u0131klar\u0131n\u0131z\u0131n size katt\u0131\u011f\u0131 hediyeyi g\u00f6rmektir. Birey olarak manevi geli\u015fime, ruhsal fark\u0131ndal\u0131\u011fa ihtiya\u00e7 duyuyoruz.\u201d \u201cBu sabah, onurland\u0131rd\u0131\u011f\u0131n ve sayg\u0131 duydu\u011fun bir g\u00fcn olsun! Unutma! En b\u00fcy\u00fck hediye sensin.\u201d \u201c\u015eimdi insanlar\u0131 tan\u0131maya \u00e7al\u0131\u015fmay\u0131 b\u0131rak\u0131p, Kendini tan\u0131ma, bilme, fark etme zaman\u0131n. \u015eimdi senin zaman\u0131n.\u201d <\/p>\n","protected":false},"excerpt":{"rendered":"<p>\u00dclkemizin \u00f6nde gelen Bilin\u00e7alt\u0131 ve Enerji Terapisti \u00c7a\u011fla Joy\u2019un, b\u00fcy\u00fck bir emek ve titizlikle haz\u0131rlad\u0131\u011f\u0131 \u201cArad\u0131\u011f\u0131n \u2018O\u2019 \u0130\u015faret\u201d adl\u0131 kitab\u0131 onun derin bilgi ve deneyimlerini yans\u0131t\u0131yor.<span class=\"excerpt-hellip\"> [\u2026]<\/span><\/p>\n","protected":false},"featured_media":0,"template":"","meta":{"_monsterinsights_skip_tracking":false,"_monsterinsights_sitenote_active":false,"_monsterinsights_sitenote_note":"","_monsterinsights_sitenote_category":0},"product_brand":[],"product_cat":[12364,12376],"product_tag":[],"class_list":{"0":"post-745836","1":"product","2":"type-product","3":"status-publish","5":"product_cat-genel-konular","6":"product_cat-kisisel-gelisim","7":"pa_cilt-ciltsiz","8":"pa_tur-kitap","9":"pa_yayinevi-myrina-yayinlari","10":"pa_yazar-cagla-joy","12":"first","13":"instock","14":"sale","15":"shipping-taxable","16":"purchasable","17":"product-type-simple"},"_links":{"self":[{"href":"https:\/\/roveyayinevi.com.tr\/index.php\/wp-json\/wp\/v2\/product\/745836","targetHints":{"allow":["GET"]}}],"collection":[{"href":"https:\/\/roveyayinevi.com.tr\/index.php\/wp-json\/wp\/v2\/product"}],"about":[{"href":"https:\/\/roveyayinevi.com.tr\/index.php\/wp-json\/wp\/v2\/types\/product"}],"wp:attachment":[{"href":"https:\/\/roveyayinevi.com.tr\/index.php\/wp-json\/wp\/v2\/media?parent=745836"}],"wp:term":[{"taxonomy":"product_brand","embeddable":true,"href":"https:\/\/roveyayinevi.com.tr\/index.php\/wp-json\/wp\/v2\/product_brand?post=745836"},{"taxonomy":"product_cat","embeddable":true,"href":"https:\/\/roveyayinevi.com.tr\/index.php\/wp-json\/wp\/v2\/product_cat?post=745836"},{"taxonomy":"product_tag","embeddable":true,"href":"https:\/\/roveyayinevi.com.tr\/index.php\/wp-json\/wp\/v2\/product_tag?post=745836"}],"curies":[{"name":"wp","href":"https:\/\/api.w.org\/{rel}","templated":true}]}}