{"id":745835,"date":"2025-08-28T02:29:03","date_gmt":"2025-08-27T23:29:03","guid":{"rendered":"https:\/\/roveyayinevi.com.tr\/index.php\/urun\/cagdas-sanat-sahtekar-mi\/"},"modified":"2026-04-16T02:58:22","modified_gmt":"2026-04-15T23:58:22","slug":"cagdas-sanat-sahtekar-mi","status":"publish","type":"product","link":"https:\/\/roveyayinevi.com.tr\/index.php\/urun\/cagdas-sanat-sahtekar-mi\/","title":{"rendered":"\u00c7a\u011fda\u015f Sanat Sahtekar m\u0131?"},"content":{"rendered":"<p>Sanat alan\u0131ndaki yar\u0131\u015f, takibinde bulunanlar\u0131, Leonardo\u2019nun Mona Lisa\u2019s\u0131 ile Maurizio\u2019nun Komedyen\u2019i aras\u0131nda taraf olmaya itiyor. Sorunun, olas\u0131 cevaplar\u0131 kadar derinli\u011fi bulunmuyor; Hangisi sanat? Mona Lisa\u2019n\u0131n ne yap\u0131p edip Cattelan\u2019\u0131n duvara bantlad\u0131\u011f\u0131 me\u015fhur muzunu alt etti\u011fi g\u00f6r\u00fcl\u00fcyor. Muzun taraftar\u0131 da bir \u015feyler s\u00f6ylemek istiyor; sanat\u0131n yolculu\u011funu, yirminci y\u00fczy\u0131l\u0131n ba\u015f\u0131ndan g\u00fcn\u00fcm\u00fcze kadar neler ya\u015fand\u0131\u011f\u0131n\u0131 bilmeyenler yorum yapmamal\u0131lar diyerek eksik oldu\u011funu d\u00fc\u015f\u00fcnd\u00fc\u011f\u00fc o entelekt\u00fcel bilgisizli\u011fe ate\u015f p\u00fcsk\u00fcr\u00fcyor. Ne ki iki farkl\u0131 g\u00f6r\u00fc\u015f\u00fcn ortak bir paydada bulu\u015fabilmesi hen\u00fcz m\u00fcmk\u00fcn g\u00f6r\u00fcnm\u00fcyor. Son b\u00f6l\u00fcmde s\u00f6yleyece\u011fimi \u015fimdi s\u00f6yleyeyim; t\u00fcm bunlar beyhude bir \u00e7aba\u2026  <\/p>\n","protected":false},"excerpt":{"rendered":"<p>Sanat alan\u0131ndaki yar\u0131\u015f, takibinde bulunanlar\u0131, Leonardo\u2019nun Mona Lisa\u2019s\u0131 ile Maurizio\u2019nun Komedyen\u2019i aras\u0131nda taraf olmaya itiyor. Sorunun, olas\u0131 cevaplar\u0131 kadar derinli\u011fi bulunmuyor; Hangisi sanat? Mona Lisa\u2019n\u0131n ne<span class=\"excerpt-hellip\"> [\u2026]<\/span><\/p>\n","protected":false},"featured_media":0,"template":"","meta":{"_monsterinsights_skip_tracking":false,"_monsterinsights_sitenote_active":false,"_monsterinsights_sitenote_note":"","_monsterinsights_sitenote_category":0},"product_brand":[],"product_cat":[44608,12408],"product_tag":[],"class_list":{"0":"post-745835","1":"product","2":"type-product","3":"status-publish","5":"product_cat-diger-sanat","6":"product_cat-sanat","7":"pa_cilt-ciltsiz","8":"pa_tur-kitap","9":"pa_yayinevi-myrina-yayinlari","10":"pa_yazar-alp-dogu-eser","12":"first","13":"instock","14":"sale","15":"shipping-taxable","16":"purchasable","17":"product-type-simple"},"_links":{"self":[{"href":"https:\/\/roveyayinevi.com.tr\/index.php\/wp-json\/wp\/v2\/product\/745835","targetHints":{"allow":["GET"]}}],"collection":[{"href":"https:\/\/roveyayinevi.com.tr\/index.php\/wp-json\/wp\/v2\/product"}],"about":[{"href":"https:\/\/roveyayinevi.com.tr\/index.php\/wp-json\/wp\/v2\/types\/product"}],"wp:attachment":[{"href":"https:\/\/roveyayinevi.com.tr\/index.php\/wp-json\/wp\/v2\/media?parent=745835"}],"wp:term":[{"taxonomy":"product_brand","embeddable":true,"href":"https:\/\/roveyayinevi.com.tr\/index.php\/wp-json\/wp\/v2\/product_brand?post=745835"},{"taxonomy":"product_cat","embeddable":true,"href":"https:\/\/roveyayinevi.com.tr\/index.php\/wp-json\/wp\/v2\/product_cat?post=745835"},{"taxonomy":"product_tag","embeddable":true,"href":"https:\/\/roveyayinevi.com.tr\/index.php\/wp-json\/wp\/v2\/product_tag?post=745835"}],"curies":[{"name":"wp","href":"https:\/\/api.w.org\/{rel}","templated":true}]}}