{"id":745834,"date":"2025-08-28T02:29:01","date_gmt":"2025-08-27T23:29:01","guid":{"rendered":"https:\/\/roveyayinevi.com.tr\/index.php\/urun\/benim-urkek-sesim\/"},"modified":"2026-04-16T02:58:22","modified_gmt":"2026-04-15T23:58:22","slug":"benim-urkek-sesim","status":"publish","type":"product","link":"https:\/\/roveyayinevi.com.tr\/index.php\/urun\/benim-urkek-sesim\/","title":{"rendered":"Benim \u00dcrkek Sesim"},"content":{"rendered":"<p>\u015eiir Okuma Yar\u0131\u015fmas\u0131\u2019n\u0131n afi\u015fini g\u00f6r\u00fcnce kalbim g\u00fcm g\u00fcm \u00e7arpmaya ba\u015flad\u0131. Ruhum co\u015fkun bir \u0131rma\u011fa d\u00f6nd\u00fc. Korktum. Ger\u00e7ekten korktum. \u00c7ok endi\u015feliydim. Di\u011fer \u00e7ocuklar benim i\u00e7in, \u201cNeden konu\u015fmuyor?\u201d diye sordu\u011fundaysa korku ve endi\u015fe \u00e7enemi tir tir titretti. Feride \u00d6\u011fretmen onlara, \u201cHepimiz s\u00f6yleyecek bir \u015fark\u0131ya sahibiz ancak onu istedi\u011fimiz zaman s\u00f6yleriz,\u201d dedi. Bu kitap \u00e7ocuklar\u0131n kendilerini ke\u015ffetmelerine yard\u0131mc\u0131 olacak, seslerini bulmalar\u0131n\u0131 sa\u011flayacak ve onlara cesaret verecek.<\/p>\n","protected":false},"excerpt":{"rendered":"<p>\u015eiir Okuma Yar\u0131\u015fmas\u0131\u2019n\u0131n afi\u015fini g\u00f6r\u00fcnce kalbim g\u00fcm g\u00fcm \u00e7arpmaya ba\u015flad\u0131. Ruhum co\u015fkun bir \u0131rma\u011fa d\u00f6nd\u00fc. Korktum. Ger\u00e7ekten korktum. \u00c7ok endi\u015feliydim. Di\u011fer \u00e7ocuklar benim i\u00e7in, \u201cNeden konu\u015fmuyor?\u201d<span class=\"excerpt-hellip\"> [\u2026]<\/span><\/p>\n","protected":false},"featured_media":0,"template":"","meta":{"_monsterinsights_skip_tracking":false,"_monsterinsights_sitenote_active":false,"_monsterinsights_sitenote_note":"","_monsterinsights_sitenote_category":0},"product_brand":[],"product_cat":[12274,12284],"product_tag":[],"class_list":{"0":"post-745834","1":"product","2":"type-product","3":"status-publish","5":"product_cat-cocuk-ve-genclik-kitaplari","6":"product_cat-hikayeler","7":"pa_cilt-ciltsiz","8":"pa_tur-kitap","9":"pa_yayinevi-albaraka-yayinlari","10":"pa_yazar-joseph-coelho","12":"first","13":"instock","14":"sale","15":"shipping-taxable","16":"purchasable","17":"product-type-simple"},"_links":{"self":[{"href":"https:\/\/roveyayinevi.com.tr\/index.php\/wp-json\/wp\/v2\/product\/745834","targetHints":{"allow":["GET"]}}],"collection":[{"href":"https:\/\/roveyayinevi.com.tr\/index.php\/wp-json\/wp\/v2\/product"}],"about":[{"href":"https:\/\/roveyayinevi.com.tr\/index.php\/wp-json\/wp\/v2\/types\/product"}],"wp:attachment":[{"href":"https:\/\/roveyayinevi.com.tr\/index.php\/wp-json\/wp\/v2\/media?parent=745834"}],"wp:term":[{"taxonomy":"product_brand","embeddable":true,"href":"https:\/\/roveyayinevi.com.tr\/index.php\/wp-json\/wp\/v2\/product_brand?post=745834"},{"taxonomy":"product_cat","embeddable":true,"href":"https:\/\/roveyayinevi.com.tr\/index.php\/wp-json\/wp\/v2\/product_cat?post=745834"},{"taxonomy":"product_tag","embeddable":true,"href":"https:\/\/roveyayinevi.com.tr\/index.php\/wp-json\/wp\/v2\/product_tag?post=745834"}],"curies":[{"name":"wp","href":"https:\/\/api.w.org\/{rel}","templated":true}]}}