{"id":745832,"date":"2025-08-28T02:28:58","date_gmt":"2025-08-27T23:28:58","guid":{"rendered":"https:\/\/roveyayinevi.com.tr\/index.php\/urun\/benim-babam-2\/"},"modified":"2026-04-16T02:58:22","modified_gmt":"2026-04-15T23:58:22","slug":"benim-babam-2","status":"publish","type":"product","link":"https:\/\/roveyayinevi.com.tr\/index.php\/urun\/benim-babam-2\/","title":{"rendered":"Benim Babam"},"content":{"rendered":"<p>Babam hi\u00e7bir zaman uzay\u0131n derinliklerine giden bir uzay gemisine binmedi ya da gizli ajan olmad\u0131. Hi\u00e7 araba yar\u0131\u015f\u0131 da kazanmad\u0131. Filmlerdeki ve reklamlardaki gibi s\u00fcrekli seyahat eden, \u00e7ok me\u015fgul bir baba de\u011fil. Ama benim babam\u2026 Birlikte vakit ge\u00e7irmek isteyebilece\u011finiz biri ve bana g\u00f6re d\u00fcnyan\u0131n en iyi babas\u0131!<\/p>\n","protected":false},"excerpt":{"rendered":"<p>Babam hi\u00e7bir zaman uzay\u0131n derinliklerine giden bir uzay gemisine binmedi ya da gizli ajan olmad\u0131. Hi\u00e7 araba yar\u0131\u015f\u0131 da kazanmad\u0131. Filmlerdeki ve reklamlardaki gibi s\u00fcrekli seyahat<span class=\"excerpt-hellip\"> [\u2026]<\/span><\/p>\n","protected":false},"featured_media":0,"template":"","meta":{"_monsterinsights_skip_tracking":false,"_monsterinsights_sitenote_active":false,"_monsterinsights_sitenote_note":"","_monsterinsights_sitenote_category":0},"product_brand":[],"product_cat":[12274,12284],"product_tag":[],"class_list":{"0":"post-745832","1":"product","2":"type-product","3":"status-publish","5":"product_cat-cocuk-ve-genclik-kitaplari","6":"product_cat-hikayeler","7":"pa_cilt-ciltsiz","8":"pa_tur-kitap","9":"pa_yayinevi-albaraka-yayinlari","10":"pa_yazar-susan-quinn","12":"first","13":"instock","14":"sale","15":"shipping-taxable","16":"purchasable","17":"product-type-simple"},"_links":{"self":[{"href":"https:\/\/roveyayinevi.com.tr\/index.php\/wp-json\/wp\/v2\/product\/745832","targetHints":{"allow":["GET"]}}],"collection":[{"href":"https:\/\/roveyayinevi.com.tr\/index.php\/wp-json\/wp\/v2\/product"}],"about":[{"href":"https:\/\/roveyayinevi.com.tr\/index.php\/wp-json\/wp\/v2\/types\/product"}],"wp:attachment":[{"href":"https:\/\/roveyayinevi.com.tr\/index.php\/wp-json\/wp\/v2\/media?parent=745832"}],"wp:term":[{"taxonomy":"product_brand","embeddable":true,"href":"https:\/\/roveyayinevi.com.tr\/index.php\/wp-json\/wp\/v2\/product_brand?post=745832"},{"taxonomy":"product_cat","embeddable":true,"href":"https:\/\/roveyayinevi.com.tr\/index.php\/wp-json\/wp\/v2\/product_cat?post=745832"},{"taxonomy":"product_tag","embeddable":true,"href":"https:\/\/roveyayinevi.com.tr\/index.php\/wp-json\/wp\/v2\/product_tag?post=745832"}],"curies":[{"name":"wp","href":"https:\/\/api.w.org\/{rel}","templated":true}]}}