{"id":745829,"date":"2025-08-28T02:28:46","date_gmt":"2025-08-27T23:28:46","guid":{"rendered":"https:\/\/roveyayinevi.com.tr\/index.php\/urun\/hayvan-katliamlari-ve-himaye\/"},"modified":"2026-04-16T02:58:22","modified_gmt":"2026-04-15T23:58:22","slug":"hayvan-katliamlari-ve-himaye","status":"publish","type":"product","link":"https:\/\/roveyayinevi.com.tr\/index.php\/urun\/hayvan-katliamlari-ve-himaye\/","title":{"rendered":"Hayvan Katliamlar\u0131 ve Himaye"},"content":{"rendered":"<p>Daha c\u0327ok Ortac\u0327ag\u0306 Avrupas\u0131, kediler ve veba o\u0308zelinde akla gelse de, tarihin belli do\u0308nemlerinde kedi ve ko\u0308pekler bas\u0327ta olmak u\u0308zere birc\u0327ok hayvan katliam\u0131 oldu ve bu katliamlar insan-hayvan ilis\u0327kisinin ne derece kat\u0131las\u0327abileceg\u0306ini go\u0308sterdi. O\u0308mer Obuz, Osmanl\u0131\u2019dan Erken Cumhuriyet\u2019e Hayvan Katliamlar\u0131 ve Himaye: Kediler, Ko\u0308pekler, Kargalar adl\u0131 kitab\u0131nda, II. Mahmud do\u0308neminden erken Cumhuriyet do\u0308nemine kadar ele ald\u0131g\u0306\u0131 su\u0308rec\u0327te, \u201car\u0131za\u201d olarak go\u0308ru\u0308lerek medenilig\u0306e ayk\u0131r\u0131 oldug\u0306u gerekc\u0327esiyle damgalan\u0131p bir imha politikas\u0131na ta\u0302bi tutulan kedi, ko\u0308pek ve kargalar\u0131n izini su\u0308ru\u0308yor. Bu izi su\u0308rerken, esasen hayvanlar\u0131n Osmanl\u0131 toplumunun daha o\u0308nceki do\u0308nemlerinde ne kadar deg\u0306erli kabul edilip himaye edildiklerine de eg\u0306iliyor. Osmanl\u0131-erken Cumhuriyet tarihyaz\u0131m\u0131nda go\u0308z ard\u0131 edilen hayvanlar\u0131n ak\u0131betine ve do\u0308nemin iktidarlar\u0131n\u0131n yo\u0308netim tarz\u0131 ve bunun halk nezdinde nas\u0131l kars\u0327\u0131l\u0131k buldug\u0306una dair deg\u0306erli bir kitap&#8230; \u201c(&#8230;) sokak hayvanlar\u0131, a\u0302deta medeniles\u0327menin o\u0308nu\u0308nde temel bir engel olarak go\u0308ru\u0308lerek mutlak bir sorun haline getirildiler. Y\u0131llar y\u0131l\u0131 mesele o\u0308yle harland\u0131, o\u0308yle gerekc\u0327eler ins\u0327a edildi ki ko\u0308peklerin, kargalar\u0131n ve kedilerin yas\u0327amlar\u0131, insanl\u0131g\u0306\u0131n elinde denge ve merhametin yok oldug\u0306u bir cehenneme do\u0308ndu\u0308.\u201d O\u0308MER OBUZ<\/p>\n","protected":false},"excerpt":{"rendered":"<p>Daha c\u0327ok Ortac\u0327ag\u0306 Avrupas\u0131, kediler ve veba o\u0308zelinde akla gelse de, tarihin belli do\u0308nemlerinde kedi ve ko\u0308pekler bas\u0327ta olmak u\u0308zere birc\u0327ok hayvan katliam\u0131 oldu ve bu<span class=\"excerpt-hellip\"> [\u2026]<\/span><\/p>\n","protected":false},"featured_media":0,"template":"","meta":{"_monsterinsights_skip_tracking":false,"_monsterinsights_sitenote_active":false,"_monsterinsights_sitenote_note":"","_monsterinsights_sitenote_category":0},"product_brand":[],"product_cat":[12312,12304],"product_tag":[],"class_list":{"0":"post-745829","1":"product","2":"type-product","3":"status-publish","5":"product_cat-diger","6":"product_cat-tarih","7":"pa_cilt-ciltsiz","8":"pa_tur-kitap","9":"pa_yayinevi-iletisim-yayinlari","10":"pa_yazar-omer-obuz","12":"first","13":"instock","14":"sale","15":"shipping-taxable","16":"purchasable","17":"product-type-simple"},"_links":{"self":[{"href":"https:\/\/roveyayinevi.com.tr\/index.php\/wp-json\/wp\/v2\/product\/745829","targetHints":{"allow":["GET"]}}],"collection":[{"href":"https:\/\/roveyayinevi.com.tr\/index.php\/wp-json\/wp\/v2\/product"}],"about":[{"href":"https:\/\/roveyayinevi.com.tr\/index.php\/wp-json\/wp\/v2\/types\/product"}],"wp:attachment":[{"href":"https:\/\/roveyayinevi.com.tr\/index.php\/wp-json\/wp\/v2\/media?parent=745829"}],"wp:term":[{"taxonomy":"product_brand","embeddable":true,"href":"https:\/\/roveyayinevi.com.tr\/index.php\/wp-json\/wp\/v2\/product_brand?post=745829"},{"taxonomy":"product_cat","embeddable":true,"href":"https:\/\/roveyayinevi.com.tr\/index.php\/wp-json\/wp\/v2\/product_cat?post=745829"},{"taxonomy":"product_tag","embeddable":true,"href":"https:\/\/roveyayinevi.com.tr\/index.php\/wp-json\/wp\/v2\/product_tag?post=745829"}],"curies":[{"name":"wp","href":"https:\/\/api.w.org\/{rel}","templated":true}]}}