{"id":745828,"date":"2025-08-28T02:28:45","date_gmt":"2025-08-27T23:28:45","guid":{"rendered":"https:\/\/roveyayinevi.com.tr\/index.php\/urun\/eglencesiz-eglence\/"},"modified":"2026-04-16T02:58:22","modified_gmt":"2026-04-15T23:58:22","slug":"eglencesiz-eglence","status":"publish","type":"product","link":"https:\/\/roveyayinevi.com.tr\/index.php\/urun\/eglencesiz-eglence\/","title":{"rendered":"E\u011flencesiz E\u011flence"},"content":{"rendered":"<p>\u201cBenimsedig\u0306i yol(lar) ve uygulad\u0131g\u0306\u0131 yo\u0308ntem(ler) ne olursa olsun Cumhuriyet eg\u0306lenceyi, eg\u0306lenceden \u2018yal\u0131tm\u0131s\u0327t\u0131r.\u2019 Neredeyse eg\u0306lencesiz eg\u0306lence, Erken Cumhuriyet Do\u0308nemi eg\u0306lence hayat\u0131n\u0131n gayri resmi\u0302 s\u0327iar\u0131d\u0131r. (&#8230;) Cumhuriyet, tu\u0308m so\u0308ylemleriyle ve bunlar\u0131n s\u0327ekillendirdig\u0306i anlat\u0131lar\u0131yla, Mustafa Kemal Atatu\u0308rk ve bayrak gibi her yerde ve her zaman go\u0308ru\u0308lebilecek sembolleriyle, eg\u0306lencenin disipline edilerek du\u0308zenlenmesi zorunlu ve ciddi bir toplumsal edim oldug\u0306u kabulu\u0308nu\u0308 egemen k\u0131lmay\u0131 bas\u0327arm\u0131s\u0327 go\u0308ru\u0308nmektedir.\u201d Mehmet Kendirci, Eg\u0306lencesiz Eg\u0306lence\u2019de erken cumhuriyet do\u0308neminin eg\u0306lence politikas\u0131n\u0131 analiz ediyor. Sefahat ic\u0327inde yozlas\u0327m\u0131s\u0327, Bizans kal\u0131nt\u0131s\u0131 olarak go\u0308ru\u0308len I\u0307stanbul\u2019a kars\u0327\u0131, temiz ruhlu ve yozlas\u0327mam\u0131s\u0327 \u201cTu\u0308rk\u201d say\u0131lan Anadolu\u2019yu (ve Ankara\u2019y\u0131) yu\u0308celten bir anlay\u0131s\u0327 var bu politikan\u0131n arkas\u0131nda. Eg\u0306lence hayat\u0131n\u0131, kurulmakta olan \u201cyeni Tu\u0308rkiye\u201dye uygun ve \u201cmodern\u201d bir s\u0327ekilde \u201cdisiplinli ve du\u0308zenli\u201d k\u0131lma aray\u0131s\u0327\u0131 var. Eg\u0306lencesiz Eg\u0306lence, o\u0308zellikle do\u0308nemin edebiyat\u0131ndan yararlanarak, eg\u0306lencenin nas\u0131l kamusallas\u0327t\u0131r\u0131ld\u0131g\u0306\u0131n\u0131 ve ritu\u0308elles\u0327tirildig\u0306ini inceliyor. I\u0307c\u0327ki siyasetine, balolara, tiyatrolara, konserlere, mu\u0308samerelere, halk oyunlar\u0131na bak\u0131yor. Tas\u0327rada eg\u0306lenceyi \u201ckurumlas\u0327t\u0131rma\u201d c\u0327abalar\u0131na ve buna es\u0327lik eden sorunlara go\u0308z at\u0131yor. \u201cTu\u0308rkiye\u2019nin ruhunu\u201d anlamak ic\u0327in ufuk ac\u0327\u0131c\u0131 bir c\u0327al\u0131s\u0327ma.<\/p>\n","protected":false},"excerpt":{"rendered":"<p>\u201cBenimsedig\u0306i yol(lar) ve uygulad\u0131g\u0306\u0131 yo\u0308ntem(ler) ne olursa olsun Cumhuriyet eg\u0306lenceyi, eg\u0306lenceden \u2018yal\u0131tm\u0131s\u0327t\u0131r.\u2019 Neredeyse eg\u0306lencesiz eg\u0306lence, Erken Cumhuriyet Do\u0308nemi eg\u0306lence hayat\u0131n\u0131n gayri resmi\u0302 s\u0327iar\u0131d\u0131r. (&#8230;) Cumhuriyet, tu\u0308m<span class=\"excerpt-hellip\"> [\u2026]<\/span><\/p>\n","protected":false},"featured_media":0,"template":"","meta":{"_monsterinsights_skip_tracking":false,"_monsterinsights_sitenote_active":false,"_monsterinsights_sitenote_note":"","_monsterinsights_sitenote_category":0},"product_brand":[],"product_cat":[13590,12337],"product_tag":[],"class_list":{"0":"post-745828","1":"product","2":"type-product","3":"status-publish","5":"product_cat-arastirma-inceleme-politika-siyaset","6":"product_cat-politika-siyaset","7":"pa_cilt-ciltsiz","8":"pa_tur-kitap","9":"pa_yayinevi-iletisim-yayinlari","10":"pa_yazar-mehmet-kendirci","12":"first","13":"instock","14":"sale","15":"shipping-taxable","16":"purchasable","17":"product-type-simple"},"_links":{"self":[{"href":"https:\/\/roveyayinevi.com.tr\/index.php\/wp-json\/wp\/v2\/product\/745828","targetHints":{"allow":["GET"]}}],"collection":[{"href":"https:\/\/roveyayinevi.com.tr\/index.php\/wp-json\/wp\/v2\/product"}],"about":[{"href":"https:\/\/roveyayinevi.com.tr\/index.php\/wp-json\/wp\/v2\/types\/product"}],"wp:attachment":[{"href":"https:\/\/roveyayinevi.com.tr\/index.php\/wp-json\/wp\/v2\/media?parent=745828"}],"wp:term":[{"taxonomy":"product_brand","embeddable":true,"href":"https:\/\/roveyayinevi.com.tr\/index.php\/wp-json\/wp\/v2\/product_brand?post=745828"},{"taxonomy":"product_cat","embeddable":true,"href":"https:\/\/roveyayinevi.com.tr\/index.php\/wp-json\/wp\/v2\/product_cat?post=745828"},{"taxonomy":"product_tag","embeddable":true,"href":"https:\/\/roveyayinevi.com.tr\/index.php\/wp-json\/wp\/v2\/product_tag?post=745828"}],"curies":[{"name":"wp","href":"https:\/\/api.w.org\/{rel}","templated":true}]}}