{"id":745827,"date":"2025-08-28T02:28:44","date_gmt":"2025-08-27T23:28:44","guid":{"rendered":"https:\/\/roveyayinevi.com.tr\/index.php\/urun\/cennet-2\/"},"modified":"2025-11-21T08:36:12","modified_gmt":"2025-11-21T05:36:12","slug":"cennet-2","status":"publish","type":"product","link":"https:\/\/roveyayinevi.com.tr\/index.php\/urun\/cennet-2\/","title":{"rendered":"Cennet"},"content":{"rendered":"<p>Cennet , Nobel Edebiyat \u00d6d\u00fcll\u00fc Abdulrazak Gurnah\u2019tan efsanelerle, d\u00fc\u015flerle, geleneksel inan\u0131\u015flarla bezeli bir Afrika panoramas\u0131. B\u00fcy\u00fck bir d\u00f6n\u00fc\u015f\u00fcm\u00fcn e\u015fi\u011findeki Afrika k\u0131tas\u0131nda k\u00fc\u00e7\u00fck bir \u00e7ocu\u011fun, Yusuf\u2019un b\u00fcy\u00fcme ve hayatta kalma m\u00fccadelesi anlat\u0131l\u0131yor Cennet \u2019te. Babas\u0131n\u0131n borcu y\u00fcz\u00fcnden Aziz ad\u0131nda bir t\u00fcccara sat\u0131lan Yusuf, ailesinden on iki ya\u015f\u0131ndayken ayr\u0131lmak zorunda kal\u0131yor. Bir d\u00fckk\u00e2nda tezg\u00e2htarl\u0131ktan kervanla sefere \u00e7\u0131kmaya kadar t\u00fcrl\u00fc i\u015flere ko\u015fuluyor. H\u0131ristiyan ve M\u00fcsl\u00fcman, Afrikal\u0131 ve Avrupal\u0131, zengin ve yoksul \u00e7at\u0131\u015fmalar\u0131n\u0131n aras\u0131nda, ge\u00e7mi\u015finden gelen ac\u0131y\u0131 ve gelece\u011fe d\u00f6n\u00fck belirsizli\u011fi alt etmeye \u00e7al\u0131\u015f\u0131yor. Gurnah, \u00e7etrefil Afrika co\u011frafyas\u0131n\u0131n derinliklerine do\u011fru mesafe katederek k\u0131tan\u0131n politik ve k\u00fclt\u00fcrel gerilimlerini Yusuf\u2019un g\u00f6z\u00fcnden okuyucuya yans\u0131t\u0131yor. \u201cAbdulrazak Gurnah, otuz y\u0131l\u0131 a\u015fk\u0131n s\u00fcredir, sessiz ve sars\u0131lmaz bir inan\u00e7la, tarihin unutulmu\u015f k\u00f6\u015felerinde kalan \u015feyler hakk\u0131nda yaz\u0131yor.\u201d Maaza Mengiste<\/p>\n","protected":false},"excerpt":{"rendered":"<p>Cennet , Nobel Edebiyat \u00d6d\u00fcll\u00fc Abdulrazak Gurnah\u2019tan efsanelerle, d\u00fc\u015flerle, geleneksel inan\u0131\u015flarla bezeli bir Afrika panoramas\u0131. B\u00fcy\u00fck bir d\u00f6n\u00fc\u015f\u00fcm\u00fcn e\u015fi\u011findeki Afrika k\u0131tas\u0131nda k\u00fc\u00e7\u00fck bir \u00e7ocu\u011fun, Yusuf\u2019un b\u00fcy\u00fcme<span class=\"excerpt-hellip\"> [\u2026]<\/span><\/p>\n","protected":false},"featured_media":0,"template":"","meta":{"_monsterinsights_skip_tracking":false,"_monsterinsights_sitenote_active":false,"_monsterinsights_sitenote_note":"","_monsterinsights_sitenote_category":0},"product_brand":[],"product_cat":[12291,18202],"product_tag":[],"class_list":{"0":"post-745827","1":"product","2":"type-product","3":"status-publish","5":"product_cat-edebiyat","6":"product_cat-hikaye","7":"pa_cilt-ciltsiz","8":"pa_tur-kitap","9":"pa_yayinevi-iletisim-yayinlari","10":"pa_yazar-abdulrazak-gurnah","12":"first","13":"instock","14":"sale","15":"shipping-taxable","16":"purchasable","17":"product-type-simple"},"_links":{"self":[{"href":"https:\/\/roveyayinevi.com.tr\/index.php\/wp-json\/wp\/v2\/product\/745827","targetHints":{"allow":["GET"]}}],"collection":[{"href":"https:\/\/roveyayinevi.com.tr\/index.php\/wp-json\/wp\/v2\/product"}],"about":[{"href":"https:\/\/roveyayinevi.com.tr\/index.php\/wp-json\/wp\/v2\/types\/product"}],"wp:attachment":[{"href":"https:\/\/roveyayinevi.com.tr\/index.php\/wp-json\/wp\/v2\/media?parent=745827"}],"wp:term":[{"taxonomy":"product_brand","embeddable":true,"href":"https:\/\/roveyayinevi.com.tr\/index.php\/wp-json\/wp\/v2\/product_brand?post=745827"},{"taxonomy":"product_cat","embeddable":true,"href":"https:\/\/roveyayinevi.com.tr\/index.php\/wp-json\/wp\/v2\/product_cat?post=745827"},{"taxonomy":"product_tag","embeddable":true,"href":"https:\/\/roveyayinevi.com.tr\/index.php\/wp-json\/wp\/v2\/product_tag?post=745827"}],"curies":[{"name":"wp","href":"https:\/\/api.w.org\/{rel}","templated":true}]}}