{"id":745826,"date":"2025-08-28T02:28:43","date_gmt":"2025-08-27T23:28:43","guid":{"rendered":"https:\/\/roveyayinevi.com.tr\/index.php\/urun\/sihirli-agac-evi-cizgi-roman-3-piramidin-sirri\/"},"modified":"2026-04-16T02:58:22","modified_gmt":"2026-04-15T23:58:22","slug":"sihirli-agac-evi-cizgi-roman-3-piramidin-sirri","status":"publish","type":"product","link":"https:\/\/roveyayinevi.com.tr\/index.php\/urun\/sihirli-agac-evi-cizgi-roman-3-piramidin-sirri\/","title":{"rendered":"Sihirli A\u011fa\u00e7 Evi -\u00c7izgi Roman- 3: Piramidin S\u0131rr\u0131"},"content":{"rendered":"<p>D\u00fcnya \u00e7ocuklar\u0131n\u0131n sevgilisi Sihirli A\u011fa\u00e7 Evi \u015fimdi \u00e7izgi roman! P\u0130RAM\u0130D\u0130N \u0130\u00c7\u0130NDE KONU\u015eAN B\u0130R MUMYA VAR! Sihirli A\u011fa\u00e7 Evi, Tim ve Lea&#8217;y\u0131 bu kez Eski M\u0131s\u0131r&#8217;a u\u00e7uruyor. Gizemli kara kedinin pe\u015fine tak\u0131l\u0131nca kendilerini bir piramidin i\u00e7inde buluyorlar. Burada binlerce y\u0131ll\u0131k bir bilmeceyi \u00e7\u00f6zmek i\u00e7in yard\u0131ma ihtiyac\u0131 olan mumya krali\u00e7eyle kar\u015f\u0131la\u015f\u0131yorlar. \u0130ki karde\u015f ona yard\u0131m edecek&#8230; Tabii e\u011fer piramidin labirentlerinde yollar\u0131n\u0131 bulabilirlerse! Tim ve Lea ile zamanda yolculu\u011fa haz\u0131r m\u0131s\u0131n? Sihirli A\u011fa\u00e7 Evi serisi hakk\u0131nda: K\u00fc\u00e7\u00fck okurlar\u0131 hem okuma keyfi hem de tarihteki farkl\u0131 k\u00fclt\u00fcrlerle tan\u0131\u015ft\u0131ran Sihirli A\u011fa\u00e7 Evi serisi bu y\u00f6n\u00fcyle sadece d\u00fcnyan\u0131n d\u00f6rt bir yan\u0131ndaki \u00e7ocuklar\u0131n de\u011fil, anne babalar ve e\u011fitimcilerin de g\u00f6zdesi oldu. New York Times \u00e7oksatanlar listesinde bir numaraya kadar \u00e7\u0131k\u0131p be\u015f y\u0131ldan uzun bir s\u00fcre bu listede kalmay\u0131 ba\u015faran, 33 dilde 130 milyondan fazla satan bu \u00f6d\u00fcll\u00fc seri, \u015fimdi rengarenk ve soluksuz okutan \u00e7izimleriyle \u00e7izgi roman format\u0131nda okurunun kar\u015f\u0131s\u0131nda. <\/p>\n","protected":false},"excerpt":{"rendered":"<p>D\u00fcnya \u00e7ocuklar\u0131n\u0131n sevgilisi Sihirli A\u011fa\u00e7 Evi \u015fimdi \u00e7izgi roman! P\u0130RAM\u0130D\u0130N \u0130\u00c7\u0130NDE KONU\u015eAN B\u0130R MUMYA VAR! Sihirli A\u011fa\u00e7 Evi, Tim ve Lea&#8217;y\u0131 bu kez Eski M\u0131s\u0131r&#8217;a u\u00e7uruyor.<span class=\"excerpt-hellip\"> [\u2026]<\/span><\/p>\n","protected":false},"featured_media":0,"template":"","meta":{"_monsterinsights_skip_tracking":false,"_monsterinsights_sitenote_active":false,"_monsterinsights_sitenote_note":"","_monsterinsights_sitenote_category":0},"product_brand":[],"product_cat":[12689,12274],"product_tag":[],"class_list":{"0":"post-745826","1":"product","2":"type-product","3":"status-publish","5":"product_cat-cizgi-roman-cocuk-ve-genclik-kitaplari","6":"product_cat-cocuk-ve-genclik-kitaplari","7":"pa_cilt-ciltsiz","8":"pa_tur-kitap","9":"pa_yayinevi-domingo-yayinevi","10":"pa_yazar-mary-pope-osborne","12":"first","13":"instock","14":"sale","15":"shipping-taxable","16":"purchasable","17":"product-type-simple"},"_links":{"self":[{"href":"https:\/\/roveyayinevi.com.tr\/index.php\/wp-json\/wp\/v2\/product\/745826","targetHints":{"allow":["GET"]}}],"collection":[{"href":"https:\/\/roveyayinevi.com.tr\/index.php\/wp-json\/wp\/v2\/product"}],"about":[{"href":"https:\/\/roveyayinevi.com.tr\/index.php\/wp-json\/wp\/v2\/types\/product"}],"wp:attachment":[{"href":"https:\/\/roveyayinevi.com.tr\/index.php\/wp-json\/wp\/v2\/media?parent=745826"}],"wp:term":[{"taxonomy":"product_brand","embeddable":true,"href":"https:\/\/roveyayinevi.com.tr\/index.php\/wp-json\/wp\/v2\/product_brand?post=745826"},{"taxonomy":"product_cat","embeddable":true,"href":"https:\/\/roveyayinevi.com.tr\/index.php\/wp-json\/wp\/v2\/product_cat?post=745826"},{"taxonomy":"product_tag","embeddable":true,"href":"https:\/\/roveyayinevi.com.tr\/index.php\/wp-json\/wp\/v2\/product_tag?post=745826"}],"curies":[{"name":"wp","href":"https:\/\/api.w.org\/{rel}","templated":true}]}}