{"id":745825,"date":"2025-08-28T02:28:42","date_gmt":"2025-08-27T23:28:42","guid":{"rendered":"https:\/\/roveyayinevi.com.tr\/index.php\/urun\/unity-2d-kullanarak-c-ogrenin\/"},"modified":"2025-12-30T11:01:42","modified_gmt":"2025-12-30T08:01:42","slug":"unity-2d-kullanarak-c-ogrenin","status":"publish","type":"product","link":"https:\/\/roveyayinevi.com.tr\/index.php\/urun\/unity-2d-kullanarak-c-ogrenin\/","title":{"rendered":"Unity 2D Kullanarak C# \u00d6\u011frenin"},"content":{"rendered":"<p>C# programlama dili ile yeni tan\u0131\u015fanlar i\u00e7in bu kitap, 30 ad\u0131mda nesne y\u00f6nelimli programlamada kullan\u0131lan soyut kavramlar\u0131, \u00f6rnek bir Unity 2D oyun projesi \u00fczerinden, somuta d\u00f6n\u00fc\u015ft\u00fcrmeyi ve anla\u015f\u0131l\u0131r k\u0131lmay\u0131 hedeflemektedir. Sekt\u00f6rdeki \u00f6rneklerinden farkl\u0131 olarak kulland\u0131\u011f\u0131 ilerlemeli ad\u0131mlar-teorik konular sarmal\u0131 y\u00f6ntemi sayesinde, teorik konular\u0131 e\u015f zamanl\u0131 prati\u011fe d\u00f6n\u00fc\u015ft\u00fcrerek kavramlar\u0131n ve best practice\u2019lerin zihin haritas\u0131na kolayl\u0131kla yerle\u015fmesini sa\u011flar. Sahip oldu\u011fu i\u00e7erik s\u0131ras\u0131, tamam\u0131yla bu y\u00f6nteme g\u00f6re olu\u015fturuldu\u011fundan, kitap \u00f6nceki \u00f6\u011frenmeleri destekleyen s\u00fcre\u00e7ler ve ipu\u00e7lar\u0131 sunar. \u0130\u00c7\u0130NDEK\u0130LER: C# Hakk\u0131nda Genel Bilgiler  C# Aray\u00fcz Kavram\u0131 C# E\u015f Yordam Kavram\u0131 C# Kaps\u00fclleme Kavram\u0131 Singleton Tasar\u0131m Deseni C# Yap\u0131c\u0131 Metotlar C# CallBack Mekanizmalar\u0131 C# Lambda \u0130fadeleri C# Delegate ve Event Kavramlar\u0131 C# Eri\u015fim Belirleyiciler T\u00fcm Kodlar ve A\u00e7\u0131klamalar\u0131  Unity\u2019de Bir Script\u2019in Hayat D\u00f6ng\u00fcs\u00fc Unity Edit\u00f6r\u00fcn\u00fc Yak\u0131ndan Tan\u0131ma Unity\u2019de Kodlama Prensipleri Unity\u2019de Olay Tasar\u0131m\u0131 Unity\u2019de Kullan\u0131lan \u00d6nemli S\u0131n\u0131flar Unity\u2019de Prefab Kavram\u0131 iTween ile Nesnelere Hareket Kazand\u0131rma UnityEvent Kavram\u0131 Dijital Anlamda Oyunla\u015ft\u0131rma Elementleri Oyuna Ses ve Efekt Ekleme Area Effector 2D ve Di\u011fer Bile\u015fenler <\/p>\n","protected":false},"excerpt":{"rendered":"<p>C# programlama dili ile yeni tan\u0131\u015fanlar i\u00e7in bu kitap, 30 ad\u0131mda nesne y\u00f6nelimli programlamada kullan\u0131lan soyut kavramlar\u0131, \u00f6rnek bir Unity 2D oyun projesi \u00fczerinden, somuta d\u00f6n\u00fc\u015ft\u00fcrmeyi<span class=\"excerpt-hellip\"> [\u2026]<\/span><\/p>\n","protected":false},"featured_media":0,"template":"","meta":{"_monsterinsights_skip_tracking":false,"_monsterinsights_sitenote_active":false,"_monsterinsights_sitenote_note":"","_monsterinsights_sitenote_category":0},"product_brand":[],"product_cat":[13005,37328],"product_tag":[],"class_list":{"0":"post-745825","1":"product","2":"type-product","3":"status-publish","5":"product_cat-bilim-muhendislik","6":"product_cat-diger-bilim-muhendislik","7":"pa_cilt-ciltsiz","8":"pa_tur-kitap","9":"pa_yayinevi-abakus-kitap","10":"pa_yazar-baris-saybak","12":"first","13":"instock","14":"sale","15":"shipping-taxable","16":"purchasable","17":"product-type-simple"},"_links":{"self":[{"href":"https:\/\/roveyayinevi.com.tr\/index.php\/wp-json\/wp\/v2\/product\/745825","targetHints":{"allow":["GET"]}}],"collection":[{"href":"https:\/\/roveyayinevi.com.tr\/index.php\/wp-json\/wp\/v2\/product"}],"about":[{"href":"https:\/\/roveyayinevi.com.tr\/index.php\/wp-json\/wp\/v2\/types\/product"}],"wp:attachment":[{"href":"https:\/\/roveyayinevi.com.tr\/index.php\/wp-json\/wp\/v2\/media?parent=745825"}],"wp:term":[{"taxonomy":"product_brand","embeddable":true,"href":"https:\/\/roveyayinevi.com.tr\/index.php\/wp-json\/wp\/v2\/product_brand?post=745825"},{"taxonomy":"product_cat","embeddable":true,"href":"https:\/\/roveyayinevi.com.tr\/index.php\/wp-json\/wp\/v2\/product_cat?post=745825"},{"taxonomy":"product_tag","embeddable":true,"href":"https:\/\/roveyayinevi.com.tr\/index.php\/wp-json\/wp\/v2\/product_tag?post=745825"}],"curies":[{"name":"wp","href":"https:\/\/api.w.org\/{rel}","templated":true}]}}