{"id":745823,"date":"2025-08-28T02:28:39","date_gmt":"2025-08-27T23:28:39","guid":{"rendered":"https:\/\/roveyayinevi.com.tr\/index.php\/urun\/skandar-ve-unicorn-hirsizi\/"},"modified":"2026-04-16T02:58:22","modified_gmt":"2026-04-15T23:58:22","slug":"skandar-ve-unicorn-hirsizi","status":"publish","type":"product","link":"https:\/\/roveyayinevi.com.tr\/index.php\/urun\/skandar-ve-unicorn-hirsizi\/","title":{"rendered":"Skandar Ve Unicorn H\u0131rs\u0131z\u0131"},"content":{"rendered":"<p>Skandar Smith\u2019in en b\u00fcy\u00fck hayali, Anakara\u2019daki hayat\u0131n\u0131 geride b\u0131rak\u0131p herkesten gizlenen unicornlar\u0131n ya\u015fad\u0131\u011f\u0131 Ada\u2019ya binici olarak kabul edilmekti. Bu y\u00fczden uzun y\u0131llar boyunca tek bir s\u0131nav i\u00e7in \u00e7al\u0131\u015ft\u0131: Kulu\u00e7kahane s\u0131nav\u0131!   Bu zorlu s\u0131nav\u0131 ge\u00e7erse Ada\u2019ya gidip \u00f6zel bir binici olacak, onu bekleyen unicornuyla ba\u011f kurabilecek ve element sihrini kullanabilecekti. Ne var ki s\u0131nav g\u00fcn\u00fc gelip \u00e7att\u0131\u011f\u0131nda i\u015fler Skandar\u2019\u0131n umdu\u011fu gibi gitmedi. Unicornlara ve gelece\u011fe dair t\u00fcm umutlar\u0131 t\u00fckendi\u011fi s\u0131rada evlerine gelen gizemli bir kad\u0131n, onu Ada\u2019ya davet etti.   Orada bir yandan eski okulundakilere hi\u00e7 benzemeyen arkada\u015flar edinecek, bir yandan da destans\u0131 g\u00f6ky\u00fcz\u00fc sava\u015flar\u0131, tehlikeli u\u00e7u\u015flar ve k\u0131yas\u0131ya rekabetle dolu yepyeni bir d\u00fcnya ke\u015ffedecekti. Ancak Skandar\u2019\u0131n hen\u00fcz bilmedi\u011fi b\u00fcy\u00fck bir s\u0131r vard\u0131 ve a\u00e7\u0131\u011fa \u00e7\u0131karsa bir daha hi\u00e7bir \u015fey eskisi gibi olmayacakt\u0131.   Unicornlar daha \u00f6nce hi\u00e7 anlat\u0131lmam\u0131\u015f destans\u0131 hik\u00e2yeleriyle bu kitapta hayat buluyor. S\u0131rad\u0131\u015f\u0131 kahramanlar, unutulmaz dostluklar, g\u00f6rkemli element sihirleri ve nefes kesici yar\u0131\u015flarla dolu bir maceraya haz\u0131r m\u0131s\u0131n\u0131z?  <\/p>\n","protected":false},"excerpt":{"rendered":"<p>Skandar Smith\u2019in en b\u00fcy\u00fck hayali, Anakara\u2019daki hayat\u0131n\u0131 geride b\u0131rak\u0131p herkesten gizlenen unicornlar\u0131n ya\u015fad\u0131\u011f\u0131 Ada\u2019ya binici olarak kabul edilmekti. Bu y\u00fczden uzun y\u0131llar boyunca tek bir s\u0131nav<span class=\"excerpt-hellip\"> [\u2026]<\/span><\/p>\n","protected":false},"featured_media":0,"template":"","meta":{"_monsterinsights_skip_tracking":false,"_monsterinsights_sitenote_active":false,"_monsterinsights_sitenote_note":"","_monsterinsights_sitenote_category":0},"product_brand":[],"product_cat":[12291,14777],"product_tag":[],"class_list":{"0":"post-745823","1":"product","2":"type-product","3":"status-publish","5":"product_cat-edebiyat","6":"product_cat-fantastik","7":"pa_cilt-ciltsiz","8":"pa_tur-kitap","9":"pa_yayinevi-epsilon-yayinlari","10":"pa_yazar-a-f-steadman","12":"first","13":"instock","14":"sale","15":"shipping-taxable","16":"purchasable","17":"product-type-simple"},"_links":{"self":[{"href":"https:\/\/roveyayinevi.com.tr\/index.php\/wp-json\/wp\/v2\/product\/745823","targetHints":{"allow":["GET"]}}],"collection":[{"href":"https:\/\/roveyayinevi.com.tr\/index.php\/wp-json\/wp\/v2\/product"}],"about":[{"href":"https:\/\/roveyayinevi.com.tr\/index.php\/wp-json\/wp\/v2\/types\/product"}],"wp:attachment":[{"href":"https:\/\/roveyayinevi.com.tr\/index.php\/wp-json\/wp\/v2\/media?parent=745823"}],"wp:term":[{"taxonomy":"product_brand","embeddable":true,"href":"https:\/\/roveyayinevi.com.tr\/index.php\/wp-json\/wp\/v2\/product_brand?post=745823"},{"taxonomy":"product_cat","embeddable":true,"href":"https:\/\/roveyayinevi.com.tr\/index.php\/wp-json\/wp\/v2\/product_cat?post=745823"},{"taxonomy":"product_tag","embeddable":true,"href":"https:\/\/roveyayinevi.com.tr\/index.php\/wp-json\/wp\/v2\/product_tag?post=745823"}],"curies":[{"name":"wp","href":"https:\/\/api.w.org\/{rel}","templated":true}]}}