{"id":745822,"date":"2025-08-28T02:28:39","date_gmt":"2025-08-27T23:28:39","guid":{"rendered":"https:\/\/roveyayinevi.com.tr\/index.php\/urun\/iyi-bir-ebeveyn-oldugunuzu-nasil-anlarsiniz\/"},"modified":"2026-04-16T02:58:22","modified_gmt":"2026-04-15T23:58:22","slug":"iyi-bir-ebeveyn-oldugunuzu-nasil-anlarsiniz","status":"publish","type":"product","link":"https:\/\/roveyayinevi.com.tr\/index.php\/urun\/iyi-bir-ebeveyn-oldugunuzu-nasil-anlarsiniz\/","title":{"rendered":"\u0130yi Bir Ebeveyn Oldu\u011funuzu Nas\u0131l Anlars\u0131n\u0131z?"},"content":{"rendered":"<p>M\u00fckemmel bir ebeveyn olamayaca\u011f\u0131n\u0131z\u0131 ve olman\u0131z gerekmedi\u011fini kabul etmek \u00f6zg\u00fcrle\u015ftirir \u00e7\u00fcnk\u00fc yeterince iyi olmak, b\u00fcy\u00fck bir ba\u015far\u0131d\u0131r! \u0130yi Bir Ebeveyn Oldu\u011funuzu Nas\u0131l Anlars\u0131n\u0131z?, olduk\u00e7a \u00f6nemli ve ayn\u0131 zamanda zorlu bir yolculuk olan \u00e7ocuk yeti\u015ftirme s\u00fcrecinde size rehberlik edecek on iki temel ebeveynlik ilkesi sunar. Bu ilkeler, \u00e7ocu\u011funuzla ili\u015fkinizi geli\u015ftirmenize destek sa\u011flarken zorlu zamanlar ve davran\u0131\u015flarla ba\u015fa \u00e7\u0131kmak i\u00e7in stratejiler sunar ve ebeveynli\u011finizin daha tatmin edici, e\u011flenceli ve \u00f6d\u00fcllendirici olmas\u0131na yard\u0131mc\u0131 olur. Caroline Penney, \u00e7ocuklar\u0131na hayat yolculuklar\u0131nda iyi bir ba\u015flang\u0131\u00e7 sunmak isteyen ebeveynler ve veliler i\u00e7in e\u015fsiz ve de\u011ferli bir kaynak sunuyor. Bir aile terapisti olarak uzun y\u0131llara dayanan deneyiminden yola \u00e7\u0131karak \u00e7ocu\u011funuzun kendine g\u00fcvenen, yetenekli ve t\u00fcm potansiyeline ula\u015fabilen biri olmas\u0131na nas\u0131l yard\u0131mc\u0131 olabilece\u011finizi detaylar\u0131yla a\u00e7\u0131kl\u0131yor. Kitapta yer alan \u00e7ok say\u0131da ger\u00e7ek ya\u015fam hik\u00e2yesi ise yaln\u0131z olmad\u0131\u011f\u0131n\u0131z\u0131 ve sorunlar\u0131n\u0131z\u0131n san\u0131lan\u0131n aksine o kadar da karma\u015f\u0131k olmad\u0131\u011f\u0131n\u0131 g\u00f6zler \u00f6n\u00fcne seriyor. Bu kitap, aile i\u00e7i ileti\u015fiminizi g\u00fc\u00e7lendirirken \u00e7ocuklar\u0131n\u0131z\u0131n \u00f6zg\u00fcvenini ve \u00f6zsayg\u0131s\u0131n\u0131 art\u0131racak!<\/p>\n","protected":false},"excerpt":{"rendered":"<p>M\u00fckemmel bir ebeveyn olamayaca\u011f\u0131n\u0131z\u0131 ve olman\u0131z gerekmedi\u011fini kabul etmek \u00f6zg\u00fcrle\u015ftirir \u00e7\u00fcnk\u00fc yeterince iyi olmak, b\u00fcy\u00fck bir ba\u015far\u0131d\u0131r! \u0130yi Bir Ebeveyn Oldu\u011funuzu Nas\u0131l Anlars\u0131n\u0131z?, olduk\u00e7a \u00f6nemli ve<span class=\"excerpt-hellip\"> [\u2026]<\/span><\/p>\n","protected":false},"featured_media":0,"template":"","meta":{"_monsterinsights_skip_tracking":false,"_monsterinsights_sitenote_active":false,"_monsterinsights_sitenote_note":"","_monsterinsights_sitenote_category":0},"product_brand":[],"product_cat":[12831,12324],"product_tag":[],"class_list":{"0":"post-745822","1":"product","2":"type-product","3":"status-publish","5":"product_cat-aile-ve-cocuk","6":"product_cat-sosyoloji","7":"pa_cilt-ciltsiz","8":"pa_tur-kitap","9":"pa_yayinevi-sola-unitas","10":"pa_yazar-caroline-penney","12":"first","13":"instock","14":"sale","15":"shipping-taxable","16":"purchasable","17":"product-type-simple"},"_links":{"self":[{"href":"https:\/\/roveyayinevi.com.tr\/index.php\/wp-json\/wp\/v2\/product\/745822","targetHints":{"allow":["GET"]}}],"collection":[{"href":"https:\/\/roveyayinevi.com.tr\/index.php\/wp-json\/wp\/v2\/product"}],"about":[{"href":"https:\/\/roveyayinevi.com.tr\/index.php\/wp-json\/wp\/v2\/types\/product"}],"wp:attachment":[{"href":"https:\/\/roveyayinevi.com.tr\/index.php\/wp-json\/wp\/v2\/media?parent=745822"}],"wp:term":[{"taxonomy":"product_brand","embeddable":true,"href":"https:\/\/roveyayinevi.com.tr\/index.php\/wp-json\/wp\/v2\/product_brand?post=745822"},{"taxonomy":"product_cat","embeddable":true,"href":"https:\/\/roveyayinevi.com.tr\/index.php\/wp-json\/wp\/v2\/product_cat?post=745822"},{"taxonomy":"product_tag","embeddable":true,"href":"https:\/\/roveyayinevi.com.tr\/index.php\/wp-json\/wp\/v2\/product_tag?post=745822"}],"curies":[{"name":"wp","href":"https:\/\/api.w.org\/{rel}","templated":true}]}}