{"id":745820,"date":"2025-08-28T02:28:36","date_gmt":"2025-08-27T23:28:36","guid":{"rendered":"https:\/\/roveyayinevi.com.tr\/index.php\/urun\/uzakta-bir-dag-yakinda-bir-macera\/"},"modified":"2026-04-16T02:58:22","modified_gmt":"2026-04-15T23:58:22","slug":"uzakta-bir-dag-yakinda-bir-macera","status":"publish","type":"product","link":"https:\/\/roveyayinevi.com.tr\/index.php\/urun\/uzakta-bir-dag-yakinda-bir-macera\/","title":{"rendered":"Uzakta Bir Da\u011f , Yak\u0131nda Bir Macera"},"content":{"rendered":"<p>\u2013 Uzak, uzak, uzak\u2026 Bu s\u00f6zc\u00fc\u011f\u00fc duyunca ilk ne geliyor akl\u0131na? \u2013 Da\u011flar! \u00c7\u00fcnk\u00fc onlar \u00e7ok uzakta. Gel bak, g\u00f6stereyim sana!   Felsefeci ve e\u011fitmen \u00d6zge \u00d6zdemir, K\u00fc\u00e7\u00fck D\u00fc\u015f\u00fcn\u00fcrler Serisi\u2019ni \u00e7ocuklar\u0131n ak\u0131l y\u00fcr\u00fctme ve kavramsalla\u015ft\u0131rma becerilerini erken ya\u015fta harekete ge\u00e7irmeyi ama\u00e7layan \u00c7ocuklar i\u00e7in Felsefe (P4C) y\u00f6nteminden ilham alarak yazd\u0131. K\u00fc\u00e7\u00fck D\u00fc\u015f\u00fcn\u00fcrler Serisi, \u00f6\u011frenme yolculu\u011funa ezberleyerek de\u011fil kavrayarak ba\u015flaman\u0131n, sonraki \u00f6\u011frenmelerin \u00f6n\u00fcn\u00fc a\u00e7t\u0131\u011f\u0131 ilkesinden hareket ediyor ve okul\u00f6ncesi e\u011fitimi program\u0131nda yer alan kavramlara odaklan\u0131yor.   Bu kitapta kahramanlar\u0131m\u0131z, \u201cUzak ve yak\u0131n nedir?\u201d diye soruyor. Bizi mek\u00e2nda, zamanda ve duyguda uzak ya da yak\u0131n olmak \u00fczerine d\u00fc\u015f\u00fcnmeye ve soru\u015fturmaya davet ediyor. G\u00f6k\u00e7e Akg\u00fcl ise kahramanlar\u0131 sayfalar\u0131n aras\u0131nda gezdirdi\u011fi e\u011flenceli \u00e7izimleriyle bu davete, g\u00f6rsel olarak da \u00f6zg\u00fcn bir nitelik kat\u0131yor.   <\/p>\n","protected":false},"excerpt":{"rendered":"<p>\u2013 Uzak, uzak, uzak\u2026 Bu s\u00f6zc\u00fc\u011f\u00fc duyunca ilk ne geliyor akl\u0131na? \u2013 Da\u011flar! \u00c7\u00fcnk\u00fc onlar \u00e7ok uzakta. Gel bak, g\u00f6stereyim sana! Felsefeci ve e\u011fitmen \u00d6zge \u00d6zdemir,<span class=\"excerpt-hellip\"> [\u2026]<\/span><\/p>\n","protected":false},"featured_media":0,"template":"","meta":{"_monsterinsights_skip_tracking":false,"_monsterinsights_sitenote_active":false,"_monsterinsights_sitenote_note":"","_monsterinsights_sitenote_category":0},"product_brand":[],"product_cat":[12274,15842],"product_tag":[],"class_list":{"0":"post-745820","1":"product","2":"type-product","3":"status-publish","5":"product_cat-cocuk-ve-genclik-kitaplari","6":"product_cat-egitici-kitaplar","7":"pa_cilt-ciltsiz","8":"pa_tur-kitap","9":"pa_yayinevi-redhouse-kidz-yayinlari","10":"pa_yazar-ozge-ozdemir","12":"first","13":"instock","14":"sale","15":"shipping-taxable","16":"purchasable","17":"product-type-simple"},"_links":{"self":[{"href":"https:\/\/roveyayinevi.com.tr\/index.php\/wp-json\/wp\/v2\/product\/745820","targetHints":{"allow":["GET"]}}],"collection":[{"href":"https:\/\/roveyayinevi.com.tr\/index.php\/wp-json\/wp\/v2\/product"}],"about":[{"href":"https:\/\/roveyayinevi.com.tr\/index.php\/wp-json\/wp\/v2\/types\/product"}],"wp:attachment":[{"href":"https:\/\/roveyayinevi.com.tr\/index.php\/wp-json\/wp\/v2\/media?parent=745820"}],"wp:term":[{"taxonomy":"product_brand","embeddable":true,"href":"https:\/\/roveyayinevi.com.tr\/index.php\/wp-json\/wp\/v2\/product_brand?post=745820"},{"taxonomy":"product_cat","embeddable":true,"href":"https:\/\/roveyayinevi.com.tr\/index.php\/wp-json\/wp\/v2\/product_cat?post=745820"},{"taxonomy":"product_tag","embeddable":true,"href":"https:\/\/roveyayinevi.com.tr\/index.php\/wp-json\/wp\/v2\/product_tag?post=745820"}],"curies":[{"name":"wp","href":"https:\/\/api.w.org\/{rel}","templated":true}]}}