{"id":745819,"date":"2025-08-28T02:28:34","date_gmt":"2025-08-27T23:28:34","guid":{"rendered":"https:\/\/roveyayinevi.com.tr\/index.php\/urun\/yeni-cocuk\/"},"modified":"2026-04-16T02:58:22","modified_gmt":"2026-04-15T23:58:22","slug":"yeni-cocuk","status":"publish","type":"product","link":"https:\/\/roveyayinevi.com.tr\/index.php\/urun\/yeni-cocuk\/","title":{"rendered":"Yeni \u00c7ocuk"},"content":{"rendered":"<p>Hayat\u0131nda her \u015fey yolundayd\u0131.\u00c7ok sevdi\u011fi bir ailesi vard\u0131. Belki birk\u0131z karde\u015fi olsa daha mutlu olabilirdi.Ama olsun, yine deailesinden memnundu. Okulunu seviyordu. Tabii bir insanokulunu ne kadar sevebilirse o kadar&#8230;En az\u0131ndan dersleri fena say\u0131lmazd\u0131.Arkada\u015flar\u0131 da bazen \u00e7ekilmezolsalar da genel olarak iyi insanlard\u0131.Hayat\u0131nda eksik olan tek bir \u015feyvard\u0131, o da a\u015fk. Peki a\u015fk\u0131 bulabilecek miydi? Yoksaa\u015fk m\u0131 onu bulacakt\u0131?<\/p>\n","protected":false},"excerpt":{"rendered":"<p>Hayat\u0131nda her \u015fey yolundayd\u0131.\u00c7ok sevdi\u011fi bir ailesi vard\u0131. Belki birk\u0131z karde\u015fi olsa daha mutlu olabilirdi.Ama olsun, yine deailesinden memnundu. Okulunu seviyordu. Tabii bir insanokulunu ne kadar<span class=\"excerpt-hellip\"> [\u2026]<\/span><\/p>\n","protected":false},"featured_media":0,"template":"","meta":{"_monsterinsights_skip_tracking":false,"_monsterinsights_sitenote_active":false,"_monsterinsights_sitenote_note":"","_monsterinsights_sitenote_category":0},"product_brand":[],"product_cat":[12291,50487],"product_tag":[],"class_list":{"0":"post-745819","1":"product","2":"type-product","3":"status-publish","5":"product_cat-edebiyat","6":"product_cat-kurgu","7":"pa_cilt-ciltsiz","8":"pa_tur-kitap","9":"pa_yayinevi-epsilon-yayinlari","10":"pa_yazar-elif-gaye-canakci","12":"first","13":"instock","14":"sale","15":"shipping-taxable","16":"purchasable","17":"product-type-simple"},"_links":{"self":[{"href":"https:\/\/roveyayinevi.com.tr\/index.php\/wp-json\/wp\/v2\/product\/745819","targetHints":{"allow":["GET"]}}],"collection":[{"href":"https:\/\/roveyayinevi.com.tr\/index.php\/wp-json\/wp\/v2\/product"}],"about":[{"href":"https:\/\/roveyayinevi.com.tr\/index.php\/wp-json\/wp\/v2\/types\/product"}],"wp:attachment":[{"href":"https:\/\/roveyayinevi.com.tr\/index.php\/wp-json\/wp\/v2\/media?parent=745819"}],"wp:term":[{"taxonomy":"product_brand","embeddable":true,"href":"https:\/\/roveyayinevi.com.tr\/index.php\/wp-json\/wp\/v2\/product_brand?post=745819"},{"taxonomy":"product_cat","embeddable":true,"href":"https:\/\/roveyayinevi.com.tr\/index.php\/wp-json\/wp\/v2\/product_cat?post=745819"},{"taxonomy":"product_tag","embeddable":true,"href":"https:\/\/roveyayinevi.com.tr\/index.php\/wp-json\/wp\/v2\/product_tag?post=745819"}],"curies":[{"name":"wp","href":"https:\/\/api.w.org\/{rel}","templated":true}]}}