{"id":745816,"date":"2025-08-28T02:28:31","date_gmt":"2025-08-27T23:28:31","guid":{"rendered":"https:\/\/roveyayinevi.com.tr\/index.php\/urun\/gece-nobeti\/"},"modified":"2026-04-16T02:58:22","modified_gmt":"2026-04-15T23:58:22","slug":"gece-nobeti","status":"publish","type":"product","link":"https:\/\/roveyayinevi.com.tr\/index.php\/urun\/gece-nobeti\/","title":{"rendered":"Gece N\u00f6beti"},"content":{"rendered":"<p>\u2026Bize tepkilerimizi kontrol etme g\u00fcc\u00fcn\u00fc veren ve bizi hayvanlardan ay\u0131ran, ak\u0131ld\u0131r\u2026   Te\u011fmen Iari, Tanis\u2019in uzak b\u00f6lgelerinden birinde ya\u015fayan bir tenjudur. Tap\u0131nak \u015f\u00f6valyelerine kat\u0131l\u0131r, sava\u015f bitti\u011findeyse s\u0131z\u0131nt\u0131 denen \u00e7atlaklarda ortaya \u00e7\u0131kan Dam\u0131zl\u0131k adl\u0131 canavarlar\u0131 durdurma g\u00f6revine ge\u00e7er. Gaer ise Iari\u2019yle \u00e7al\u0131\u015fmak i\u00e7in g\u00f6nderilmi\u015f bir vakar b\u00fcy\u00fckel\u00e7isidir ama esas g\u00f6revi ajanl\u0131kt\u0131r.   Sava\u015f bitti\u011finden beri kimseyi \u00f6ld\u00fcrmedi\u011fi bilinen rievlerden biri bir wi\u00e7uyu \u00f6ld\u00fcr\u00fcnce, olay\u0131 \u00e7\u00f6zme g\u00f6revi Gaer ve Iari\u2019ye verilir. \u0130kili, katilin pe\u015fine d\u00fc\u015fer ama olaylar, cinayetten \u00e7ok daha \u00f6teye uzanmaktad\u0131r.   K. Eason Gece N\u00f6beti\u2019nde \u015fa\u015f\u0131rt\u0131c\u0131 karakterlerle dolu zengin bir evren kuruyor ve okurlar\u0131n\u0131 ola\u011fan\u00fcst\u00fc bir bilimkurgu maceras\u0131na davet ediyor.   \u201cT\u00fcrleri harmanlayan hik\u00e2yelerden ho\u015flanan okurlar, Eason\u2019\u0131n bilimkurgu ve fantezi d\u00fcnyas\u0131na bay\u0131lacaklar!\u201d \u2013Booklist   \u201cMerak uyand\u0131ran karakterler\u2026 Aksiyon dolu bir gizem\u2026\u201d \u2013Jim C. Hines   \u201cY\u0131ld\u0131zlararas\u0131 entrika, bo\u015fluktan gelen k\u00e2buslar, katil robotlar ve b\u00fcy\u00fcl\u00fc kehanetler&#8230; Gece N\u00f6beti, \u015fimdiye kadarki en al\u0131\u015f\u0131lmad\u0131k ve e\u011flenceli dedektif \u00e7iftiyle bilimkurgu ve fantezinin m\u00fckemmel bir kar\u0131\u015f\u0131m\u0131.\u201d \u2013Stephen Blackmoore   \u201cEason, ayn\u0131 anda hem tuhaf hem de ger\u00e7ek hissettiren s\u00fcr\u00fckleyici ve karma\u015f\u0131k d\u00fcnyalar in\u015fa etme konusunda ger\u00e7ek bir yetene\u011fe sahip.\u201d \u2013The Quill to Live <\/p>\n","protected":false},"excerpt":{"rendered":"<p>\u2026Bize tepkilerimizi kontrol etme g\u00fcc\u00fcn\u00fc veren ve bizi hayvanlardan ay\u0131ran, ak\u0131ld\u0131r\u2026 Te\u011fmen Iari, Tanis\u2019in uzak b\u00f6lgelerinden birinde ya\u015fayan bir tenjudur. Tap\u0131nak \u015f\u00f6valyelerine kat\u0131l\u0131r, sava\u015f bitti\u011findeyse s\u0131z\u0131nt\u0131<span class=\"excerpt-hellip\"> [\u2026]<\/span><\/p>\n","protected":false},"featured_media":0,"template":"","meta":{"_monsterinsights_skip_tracking":false,"_monsterinsights_sitenote_active":false,"_monsterinsights_sitenote_note":"","_monsterinsights_sitenote_category":0},"product_brand":[],"product_cat":[12540,12291],"product_tag":[],"class_list":{"0":"post-745816","1":"product","2":"type-product","3":"status-publish","5":"product_cat-bilim-kurgu","6":"product_cat-edebiyat","7":"pa_cilt-ciltsiz","8":"pa_tur-kitap","9":"pa_yayinevi-the-kitap","10":"pa_yazar-k-eason","12":"first","13":"instock","14":"sale","15":"shipping-taxable","16":"purchasable","17":"product-type-simple"},"_links":{"self":[{"href":"https:\/\/roveyayinevi.com.tr\/index.php\/wp-json\/wp\/v2\/product\/745816","targetHints":{"allow":["GET"]}}],"collection":[{"href":"https:\/\/roveyayinevi.com.tr\/index.php\/wp-json\/wp\/v2\/product"}],"about":[{"href":"https:\/\/roveyayinevi.com.tr\/index.php\/wp-json\/wp\/v2\/types\/product"}],"wp:attachment":[{"href":"https:\/\/roveyayinevi.com.tr\/index.php\/wp-json\/wp\/v2\/media?parent=745816"}],"wp:term":[{"taxonomy":"product_brand","embeddable":true,"href":"https:\/\/roveyayinevi.com.tr\/index.php\/wp-json\/wp\/v2\/product_brand?post=745816"},{"taxonomy":"product_cat","embeddable":true,"href":"https:\/\/roveyayinevi.com.tr\/index.php\/wp-json\/wp\/v2\/product_cat?post=745816"},{"taxonomy":"product_tag","embeddable":true,"href":"https:\/\/roveyayinevi.com.tr\/index.php\/wp-json\/wp\/v2\/product_tag?post=745816"}],"curies":[{"name":"wp","href":"https:\/\/api.w.org\/{rel}","templated":true}]}}