{"id":745815,"date":"2025-08-28T02:28:29","date_gmt":"2025-08-27T23:28:29","guid":{"rendered":"https:\/\/roveyayinevi.com.tr\/index.php\/urun\/basketbol-ve-diger-seyler\/"},"modified":"2026-04-16T02:58:22","modified_gmt":"2026-04-15T23:58:22","slug":"basketbol-ve-diger-seyler","status":"publish","type":"product","link":"https:\/\/roveyayinevi.com.tr\/index.php\/urun\/basketbol-ve-diger-seyler\/","title":{"rendered":"Basketbol (ve Di\u011fer \u015eeyler)"},"content":{"rendered":"<p>Basketbol (ve Di\u011fer \u015eeyler) her bir b\u00f6l\u00fcmde farkl\u0131 bir basketbol sorusuna cevap veriyor. Ve bunlar, \u201cLarry Bird, Magic Johnson\u2019dan daha m\u0131 iyiydi?\u201d gibi kli\u015fe sorular de\u011fil, aksine do\u011fru bildiklerinizi g\u00f6zden ge\u00e7irmenizi sa\u011flayacak kadar k\u0131\u015fk\u0131rt\u0131c\u0131 ve zihin a\u00e7\u0131c\u0131 sorular:   Michael Jordan\u2019\u0131n hangi versiyonu en iyi Michael Jordan\u2019d\u0131? Kobe Bryant kariyeri boyunca ka\u00e7 y\u0131l ger\u00e7ekten ligin en iyi oyuncusuydu? T\u00fcm zamanlar\u0131n en iyi sma\u00e7\u00e7\u0131s\u0131 kim? En \u00f6nemli NBA \u015fampiyonlu\u011fu hangisidir? Allen Iverson m\u0131, Dwyane Wade mi basketbol tarihi i\u00e7in daha \u00f6nemlidir?   Shea Serrano bu sorulara, kendine \u00f6zg\u00fc zek\u00e2s\u0131n\u0131 ve bilgeli\u011fini kullanarak, detayl\u0131 istatistiklerle destekledi\u011fi arg\u00fcmanlarla cevap veriyor. Bazen do\u011fru bilinen yanl\u0131\u015flar\u0131, bazen de istatistiklerin gizledi\u011fi ger\u00e7ekleri ortaya \u00e7\u0131kar\u0131yor. Ama bunu rakamlar\u0131n so\u011fuk y\u00fcz\u00fcyle de\u011fil, e\u011flenceli, fantezi dolu varsay\u0131msal sorular sorarak yap\u0131yor:   E\u011fer 1997\u2019deki Karl Malone ile bir ay\u0131 bir sezonlu\u011funa yer de\u011fi\u015fselerdi, hangisi o sezon daha ba\u015far\u0131l\u0131 olurdu? Shaq ve Hakeem o teke tek ma\u00e7\u0131 yapm\u0131\u015f olsalard\u0131 neler ya\u015fan\u0131rd\u0131? \u0130mk\u00e2n\u0131n\u0131z olsayd\u0131 kimin \u00fcst\u00fcnden sma\u00e7 basmak isterdiniz?   Basketbolun en g\u00fczel anlar\u0131n\u0131, hik\u00e2yelerini ve efsanelerini tart\u0131\u015fan bu kitap, basketbolun mitolojisini e\u011flenerek ke\u015ffetmek isteyenlerin her zaman ba\u015fucunda duracak. \u201cAsla fark etmedi\u011finiz sorulara yan\u0131t veren hem e\u011flenceli hem de bilgilendirici bir kitap.\u201d \u2013Slam Magazine   \u201cE\u011flenceli dipnotlar ve muhte\u015fem \u00e7izimlerle dolu.\u201d \u2013Buzzfeed   \u201cZekice yaz\u0131lm\u0131\u015f, g\u00fczelce \u00e7izilmi\u015f. Basketbolseverler i\u00e7in olmazsa olmaz bir kaynak.\u201d \u2013Esquire <\/p>\n","protected":false},"excerpt":{"rendered":"<p>Basketbol (ve Di\u011fer \u015eeyler) her bir b\u00f6l\u00fcmde farkl\u0131 bir basketbol sorusuna cevap veriyor. Ve bunlar, \u201cLarry Bird, Magic Johnson\u2019dan daha m\u0131 iyiydi?\u201d gibi kli\u015fe sorular de\u011fil,<span class=\"excerpt-hellip\"> [\u2026]<\/span><\/p>\n","protected":false},"featured_media":0,"template":"","meta":{"_monsterinsights_skip_tracking":false,"_monsterinsights_sitenote_active":false,"_monsterinsights_sitenote_note":"","_monsterinsights_sitenote_category":0},"product_brand":[],"product_cat":[15563,15564],"product_tag":[],"class_list":{"0":"post-745815","1":"product","2":"type-product","3":"status-publish","5":"product_cat-hobi","6":"product_cat-spor","7":"pa_cilt-ciltsiz","8":"pa_tur-kitap","9":"pa_yayinevi-the-kitap","10":"pa_yazar-shea-serrano","12":"first","13":"instock","14":"sale","15":"shipping-taxable","16":"purchasable","17":"product-type-simple"},"_links":{"self":[{"href":"https:\/\/roveyayinevi.com.tr\/index.php\/wp-json\/wp\/v2\/product\/745815","targetHints":{"allow":["GET"]}}],"collection":[{"href":"https:\/\/roveyayinevi.com.tr\/index.php\/wp-json\/wp\/v2\/product"}],"about":[{"href":"https:\/\/roveyayinevi.com.tr\/index.php\/wp-json\/wp\/v2\/types\/product"}],"wp:attachment":[{"href":"https:\/\/roveyayinevi.com.tr\/index.php\/wp-json\/wp\/v2\/media?parent=745815"}],"wp:term":[{"taxonomy":"product_brand","embeddable":true,"href":"https:\/\/roveyayinevi.com.tr\/index.php\/wp-json\/wp\/v2\/product_brand?post=745815"},{"taxonomy":"product_cat","embeddable":true,"href":"https:\/\/roveyayinevi.com.tr\/index.php\/wp-json\/wp\/v2\/product_cat?post=745815"},{"taxonomy":"product_tag","embeddable":true,"href":"https:\/\/roveyayinevi.com.tr\/index.php\/wp-json\/wp\/v2\/product_tag?post=745815"}],"curies":[{"name":"wp","href":"https:\/\/api.w.org\/{rel}","templated":true}]}}