{"id":745810,"date":"2025-08-28T02:28:24","date_gmt":"2025-08-27T23:28:24","guid":{"rendered":"https:\/\/roveyayinevi.com.tr\/index.php\/urun\/calisma\/"},"modified":"2026-04-16T02:58:22","modified_gmt":"2026-04-15T23:58:22","slug":"calisma","status":"publish","type":"product","link":"https:\/\/roveyayinevi.com.tr\/index.php\/urun\/calisma\/","title":{"rendered":"\u00c7al\u0131\u015fma"},"content":{"rendered":"<p>Neden bu kadar \u00e7ok \u00e7al\u0131\u015f\u0131yoruz? \u00c7al\u0131\u015fma bizim kim oldu\u011fumuzu neden ve nas\u0131l belirliyor? Nas\u0131l oldu da \u00e7al\u0131\u015fma, hayat\u0131m\u0131za anlam ve de\u011fer katan, toplumsal stat\u00fcm\u00fcz\u00fc belirleyen, zaman\u0131m\u0131z\u0131 kimlerle ve nas\u0131l ge\u00e7irece\u011fimizi s\u00f6yleyen, \u00fcstelik bedenimizi, \u00e7evremizi, e\u015fitlik anlay\u0131\u015f\u0131m\u0131z\u0131 d\u00f6n\u00fc\u015ft\u00fcren bir \u015fey haline geldi?   D\u00fcnyan\u0131n \u00f6nde gelen antropologlar\u0131ndan James Suzman bu kitab\u0131nda, \u00e7al\u0131\u015fmayla kurdu\u011fumuz ili\u015fkinin 300 bin y\u0131ll\u0131k evrimini kayda ge\u00e7iriyor ve bu ili\u015fkinin g\u00fcn\u00fcm\u00fczde de k\u00f6kl\u00fc bir de\u011fi\u015fimden ge\u00e7ti\u011fini ve bu de\u011fi\u015fimin olas\u0131 sonu\u00e7lar\u0131n\u0131 g\u00f6steriyor.   \u201c\u00c7al\u0131\u015fman\u0131n ne oldu\u011fu konusundaki temel varsay\u0131mlar\u0131m\u0131za kar\u015f\u0131 \u00e7\u0131kan etkileyici bir \u00e7al\u0131\u015fma. Otomasyon, k\u00fcresel i\u015f piyasas\u0131n\u0131 b\u00fct\u00fcn\u00fcyle bozma tehdidi ta\u015f\u0131rken, \u00e7al\u0131\u015fman\u0131n ekonomik, psikolojik, hatta manevi \u00f6nemini bir an evvel yeniden g\u00f6zden ge\u00e7irmemiz gerekiyor. Suzman avc\u0131-toplay\u0131c\u0131lar\u0131n, \u015fempanzelerin, hatta ku\u015flar\u0131n ya\u015famlar\u0131n\u0131 irdeleyerek \u2018do\u011fal\u2019 kabul ettiklerimizin s\u0131kl\u0131kla finans gurular\u0131n\u0131n ve tar\u0131m dinlerinin \u015faibeli miras\u0131ndan ibaret oldu\u011funu vurguluyor. Umar\u0131m ge\u00e7mi\u015fte zaman\u0131m\u0131z\u0131 nas\u0131l ge\u00e7irdi\u011fimizi bilmek gelecekte daha makul se\u00e7imler yapmam\u0131z\u0131 sa\u011flayacakt\u0131r.\u201d Yuval Noah HARARI   \u201cBu ufuk a\u00e7\u0131c\u0131 \u2018derin tarih\u2019 \u00e7al\u0131\u015fmas\u0131nda antropolog James Suzman, insan do\u011fas\u0131 hakk\u0131ndaki anaak\u0131m ekonomik varsay\u0131mlar\u0131 sorguluyor ve modern k\u00fclt\u00fcrlerimizin artan e\u015fitsizlik sorununu anla\u015f\u0131l\u0131r k\u0131lmak i\u00e7in \u00f6nce ge\u00e7mi\u015fimizi anlamam\u0131z gerekti\u011fini iddia ediyor.\u201d New Statesman <\/p>\n","protected":false},"excerpt":{"rendered":"<p>Neden bu kadar \u00e7ok \u00e7al\u0131\u015f\u0131yoruz? \u00c7al\u0131\u015fma bizim kim oldu\u011fumuzu neden ve nas\u0131l belirliyor? Nas\u0131l oldu da \u00e7al\u0131\u015fma, hayat\u0131m\u0131za anlam ve de\u011fer katan, toplumsal stat\u00fcm\u00fcz\u00fc belirleyen, zaman\u0131m\u0131z\u0131<span class=\"excerpt-hellip\"> [\u2026]<\/span><\/p>\n","protected":false},"featured_media":0,"template":"","meta":{"_monsterinsights_skip_tracking":false,"_monsterinsights_sitenote_active":false,"_monsterinsights_sitenote_note":"","_monsterinsights_sitenote_category":0},"product_brand":[],"product_cat":[12305,12304],"product_tag":[],"class_list":{"0":"post-745810","1":"product","2":"type-product","3":"status-publish","5":"product_cat-dunya-tarihi","6":"product_cat-tarih","7":"pa_cilt-ciltsiz","8":"pa_tur-kitap","9":"pa_yayinevi-kolektif-kitap","10":"pa_yazar-james-suzman","12":"first","13":"instock","14":"sale","15":"shipping-taxable","16":"purchasable","17":"product-type-simple"},"_links":{"self":[{"href":"https:\/\/roveyayinevi.com.tr\/index.php\/wp-json\/wp\/v2\/product\/745810","targetHints":{"allow":["GET"]}}],"collection":[{"href":"https:\/\/roveyayinevi.com.tr\/index.php\/wp-json\/wp\/v2\/product"}],"about":[{"href":"https:\/\/roveyayinevi.com.tr\/index.php\/wp-json\/wp\/v2\/types\/product"}],"wp:attachment":[{"href":"https:\/\/roveyayinevi.com.tr\/index.php\/wp-json\/wp\/v2\/media?parent=745810"}],"wp:term":[{"taxonomy":"product_brand","embeddable":true,"href":"https:\/\/roveyayinevi.com.tr\/index.php\/wp-json\/wp\/v2\/product_brand?post=745810"},{"taxonomy":"product_cat","embeddable":true,"href":"https:\/\/roveyayinevi.com.tr\/index.php\/wp-json\/wp\/v2\/product_cat?post=745810"},{"taxonomy":"product_tag","embeddable":true,"href":"https:\/\/roveyayinevi.com.tr\/index.php\/wp-json\/wp\/v2\/product_tag?post=745810"}],"curies":[{"name":"wp","href":"https:\/\/api.w.org\/{rel}","templated":true}]}}