{"id":745807,"date":"2025-08-28T02:28:20","date_gmt":"2025-08-27T23:28:20","guid":{"rendered":"https:\/\/roveyayinevi.com.tr\/index.php\/urun\/bir-usudum-ki-seni-dusunurken\/"},"modified":"2026-04-16T02:58:21","modified_gmt":"2026-04-15T23:58:21","slug":"bir-usudum-ki-seni-dusunurken","status":"publish","type":"product","link":"https:\/\/roveyayinevi.com.tr\/index.php\/urun\/bir-usudum-ki-seni-dusunurken\/","title":{"rendered":"Bir \u00dc\u015f\u00fcd\u00fcm ki Seni D\u00fc\u015f\u00fcn\u00fcrken"},"content":{"rendered":"<p>Arkada\u015f dedi\u011fin, arkanda, yaslanaca\u011f\u0131n da\u011flar\u0131 \u0131sl\u0131\u011f\u0131 ile gezdiren \u00e7ocuktur.Arkada\u015f dedi\u011fin, tamahk\u00e2rl\u0131\u011f\u0131n rutubetli karanl\u0131\u011f\u0131na kanaat g\u00fcne\u015fini hediye edebilen serdenge\u00e7tidir.Arkada\u015f dedi\u011fin, hayata su ta\u015f\u0131yan g\u00f6n\u00fcl derelerini vicdan \u0131\u015f\u0131\u011f\u0131nda durulayan emek\u00e7idir.Arkada\u015f dedi\u011fin, hata ve yoksunluklar\u0131 s\u0131r ipine dizip bilinmezliklere d\u00f6ken sihirbazd\u0131r.Arkada\u015f dedi\u011fin, hesab\u0131 Hak\u2019tan \u00f6\u011frenip hesaps\u0131z i\u00e7tenlikler giyinmi\u015f usul dervi\u015ftir.Arkada\u015f dedi\u011fin, akl\u0131na hile gelmeyen, tipi tip \u015fapkal\u0131, su g\u00fcl\u00fc\u015fl\u00fc \u015fairdir.Arkada\u015f dedi\u011fin, eli vicdanla \u0131s\u0131nan, s\u0131cak t\u00fcrk\u00fcl\u00fc \u00e7oband\u0131r.Arkada\u015f dedi\u011fin, kendisinden sana gelen yolcudur.Arkada\u015f dedi\u011fin, Gazi Ya\u015fargille Can Y\u00fccel&#8217;dir.Arkada\u015f dedi\u011fin, sabra Mehmet Akif, hayata Naz\u0131m Hikmet&#8217;tir.Arkada\u015f dedi\u011fin, \u00e7\u00f6le su, &#8220;topra\u011fa&#8221; Veysel&#8217;dir.Arkada\u015f dedi\u011fin, mazluma Pir Sultan &#8220;yaradana&#8221; Yunus&#8217;tur.Arkada\u015f dedi\u011fin, duyguya d\u00fc\u015f\u00fcnce, cana ferahl\u0131kt\u0131r.Arkada\u015f dedi\u011fin, \u00fcmmetine Muhammed, milletine Mustafa Kemal&#8217;dir.Arkada\u015f dedi\u011fin &#8220;cand\u0131r&#8221; asl\u0131nda.<\/p>\n","protected":false},"excerpt":{"rendered":"<p>Arkada\u015f dedi\u011fin, arkanda, yaslanaca\u011f\u0131n da\u011flar\u0131 \u0131sl\u0131\u011f\u0131 ile gezdiren \u00e7ocuktur.Arkada\u015f dedi\u011fin, tamahk\u00e2rl\u0131\u011f\u0131n rutubetli karanl\u0131\u011f\u0131na kanaat g\u00fcne\u015fini hediye edebilen serdenge\u00e7tidir.Arkada\u015f dedi\u011fin, hayata su ta\u015f\u0131yan g\u00f6n\u00fcl derelerini vicdan \u0131\u015f\u0131\u011f\u0131nda<span class=\"excerpt-hellip\"> [\u2026]<\/span><\/p>\n","protected":false},"featured_media":0,"template":"","meta":{"_monsterinsights_skip_tracking":false,"_monsterinsights_sitenote_active":false,"_monsterinsights_sitenote_note":"","_monsterinsights_sitenote_category":0},"product_brand":[],"product_cat":[12291,18202],"product_tag":[],"class_list":{"0":"post-745807","1":"product","2":"type-product","3":"status-publish","5":"product_cat-edebiyat","6":"product_cat-hikaye","7":"pa_cilt-ciltsiz","8":"pa_tur-kitap","9":"pa_yayinevi-kitap-muptelasi-yayinlari","10":"pa_yazar-abbas-turan","12":"first","13":"instock","14":"sale","15":"shipping-taxable","16":"purchasable","17":"product-type-simple"},"_links":{"self":[{"href":"https:\/\/roveyayinevi.com.tr\/index.php\/wp-json\/wp\/v2\/product\/745807","targetHints":{"allow":["GET"]}}],"collection":[{"href":"https:\/\/roveyayinevi.com.tr\/index.php\/wp-json\/wp\/v2\/product"}],"about":[{"href":"https:\/\/roveyayinevi.com.tr\/index.php\/wp-json\/wp\/v2\/types\/product"}],"wp:attachment":[{"href":"https:\/\/roveyayinevi.com.tr\/index.php\/wp-json\/wp\/v2\/media?parent=745807"}],"wp:term":[{"taxonomy":"product_brand","embeddable":true,"href":"https:\/\/roveyayinevi.com.tr\/index.php\/wp-json\/wp\/v2\/product_brand?post=745807"},{"taxonomy":"product_cat","embeddable":true,"href":"https:\/\/roveyayinevi.com.tr\/index.php\/wp-json\/wp\/v2\/product_cat?post=745807"},{"taxonomy":"product_tag","embeddable":true,"href":"https:\/\/roveyayinevi.com.tr\/index.php\/wp-json\/wp\/v2\/product_tag?post=745807"}],"curies":[{"name":"wp","href":"https:\/\/api.w.org\/{rel}","templated":true}]}}