{"id":745805,"date":"2025-08-28T02:28:17","date_gmt":"2025-08-27T23:28:17","guid":{"rendered":"https:\/\/roveyayinevi.com.tr\/index.php\/urun\/abbas-turan-kitaplari-4-kitap-set\/"},"modified":"2026-04-16T02:58:21","modified_gmt":"2026-04-15T23:58:21","slug":"abbas-turan-kitaplari-4-kitap-set","status":"publish","type":"product","link":"https:\/\/roveyayinevi.com.tr\/index.php\/urun\/abbas-turan-kitaplari-4-kitap-set\/","title":{"rendered":"Abbas Turan Kitaplar\u0131 (4 Kitap Set)"},"content":{"rendered":"<p>SEN \u0130NSANSIN \u0130NSANLI\u011eI UNUTMA Ya\u015fayaca\u011f\u0131n\u0131z d\u00fcnyan\u0131n onurunuza, \u00f6zg\u00fcrl\u00fc\u011f\u00fcn\u00fcze ve d\u00fc\u015flerinize zeval vermeyecek kadar g\u00fczel olmas\u0131 ad\u0131na yorulmu\u015f ve yorulmakta olan insanlar\u0131n pi\u015fmanl\u0131\u011f\u0131na sebep olacak vurdumduymazl\u0131k yapmay\u0131n, hatta birileri siz vars\u0131n\u0131z diye umudunu umutsuzlara b\u00f6l\u00fc\u015ft\u00fcrmenin maviliklerine s\u00fcrebilmelidir at\u0131n\u0131. DA\u011eLAR YALNIZ \u00dc\u015e\u00dcR Bir an \u00f6nce kendime kimsesiz bir yer bulmal\u0131yd\u0131m, y\u00fcz\u00fcme bir su \u00e7almak, Musa\u2019n\u0131n boynundaki s\u0131z\u0131y\u0131 ald\u0131\u011f\u0131m dudaklar\u0131ma bir daha bakmak, ayaklar\u0131mdaki ate\u015fi topra\u011fa vermek, sa\u00e7lar\u0131m\u0131n diplerinden t\u00fctt\u00fc\u011f\u00fcn\u00fc sand\u0131\u011f\u0131m arzular\u0131n g\u00f6r\u00fcnmesinin \u00f6n\u00fcne ge\u00e7mek i\u00e7in bir \u015feyler yapmal\u0131yd\u0131m. Nereme elimi vursam Musa\u2019n\u0131n s\u0131ca\u011f\u0131yla deprem yerine d\u00f6nen bedenim, her ne d\u00fc\u015f\u00fcnsem koynundal\u0131\u011f\u0131 Musa\u2019n\u0131n. Gece\u2019nin korkun\u00e7lu\u011funu halayl\u0131 d\u00fc\u011f\u00fcnlere bulayan bir ho\u015fluk ile \u00e7alkalan\u0131yor i\u00e7im, g\u00f6zlerinin derinli\u011fine varmak i\u00e7in \u00f6lmek ise \u00f6lmek, gitmek ise gitmek. B\u0130R \u00dc\u015e\u00dcD\u00dcM K\u0130 SEN\u0130 D\u00dc\u015e\u00dcN\u00dcRKEN Arkada\u015f dedi\u011fin, arkanda, yaslanaca\u011f\u0131n da\u011flar\u0131 \u0131sl\u0131\u011f\u0131 ile gezdiren \u00e7ocuktur.Arkada\u015f dedi\u011fin, tamahk\u00e2rl\u0131\u011f\u0131n rutubetli karanl\u0131\u011f\u0131na kanaat g\u00fcne\u015fini hediye edebilen serdenge\u00e7tidir.Arkada\u015f dedi\u011fin, hayata su ta\u015f\u0131yan g\u00f6n\u00fcl derelerini vicdan \u0131\u015f\u0131\u011f\u0131nda durulayan emek\u00e7idir.Arkada\u015f dedi\u011fin, hata ve yoksunluklar\u0131 s\u0131r ipine dizip bilinmezliklere d\u00f6ken sihirbazd\u0131r.Arkada\u015f dedi\u011fin, hesab\u0131 Hak\u2019tan \u00f6\u011frenip hesaps\u0131z i\u00e7tenlikler giyinmi\u015f usul dervi\u015ftir.Arkada\u015f dedi\u011fin, akl\u0131na hile gelmeyen, tipi tip \u015fapkal\u0131, su g\u00fcl\u00fc\u015fl\u00fc \u015fairdir.Arkada\u015f dedi\u011fin, eli vicdanla \u0131s\u0131nan, s\u0131cak t\u00fcrk\u00fcl\u00fc \u00e7oband\u0131r.Arkada\u015f dedi\u011fin, kendisinden sana gelen yolcudur.Arkada\u015f dedi\u011fin, Gazi Ya\u015fargille Can Y\u00fccel&#8217;dir.Arkada\u015f dedi\u011fin, sabra Mehmet Akif, hayata Naz\u0131m Hikmet&#8217;tir.Arkada\u015f dedi\u011fin, \u00e7\u00f6le su, &#8220;topra\u011fa&#8221; Veysel&#8217;dir.Arkada\u015f dedi\u011fin, mazluma Pir Sultan &#8220;yaradana&#8221; Yunus&#8217;tur.Arkada\u015f dedi\u011fin, duyguya d\u00fc\u015f\u00fcnce, cana ferahl\u0131kt\u0131r.Arkada\u015f dedi\u011fin, \u00fcmmetine Muhammed, milletine Mustafa Kemal&#8217;dir. PAYINA YOK D\u00dc\u015eENLER   Abbas Turan\u2019\u0131 ilk tan\u0131d\u0131\u011f\u0131m g\u00fcnleri, O\u2019nun \u015fair g\u00f6nl\u00fc ile \u00e7\u0131kt\u0131\u011f\u0131 hikmeti yakalama seyahatinde \u015fiirlerinin yan\u0131 s\u0131ra, memleketimizin ya\u015fanm\u0131\u015f ve sonradan f\u0131kra niteli\u011fi kazanm\u0131\u015f olaylar\u0131n\u0131 anlat\u0131rken hat\u0131rl\u0131yorum. \u0130lkine, Dikmen Hac\u0131 Bekta\u015f K\u00fclt\u00fcr Merkezi\u2019nde kat\u0131ld\u0131\u011f\u0131m Ankara s\u00f6yle\u015filerinde de ayn\u0131 dili kullan\u0131rken dinledim O\u2019nu. Zaman ve dostlu\u011fumuz ilerledik\u00e7e, k\u00fclt\u00fcr\u00fcm\u00fcz\u00fcn ayr\u0131nt\u0131lar\u0131 i\u00e7inde par\u0131ldayan ki\u015fi ve olaylara olan yak\u0131n ilgisini de g\u00f6zlemledim. Ak\u0131c\u0131 ve \u015fiir dili ile ele ald\u0131\u011f\u0131 konular\u0131, Deli Kim Ki Mustafa adl\u0131 kitab\u0131nda da belirtti\u011fim \u00fczere \u201ckalp \u00e2leminden sevda t\u00fcrk\u00fcleri \u00e7\u0131\u011f\u0131rarak, ak\u0131ll\u0131lar\u0131 s\u0131k\u0131c\u0131, b\u0131kt\u0131r\u0131c\u0131 ve yalanc\u0131 d\u00fcnyalar\u0131ndan, delice bir gayretle haberdar etme\u201d amac\u0131yla edebi metinler haline getiriyor.Bu defa da, Pay\u0131na Yok D\u00fc\u015fenler ile aral\u0131yor ak\u0131ll\u0131lar\u0131n tela\u015f evinin kap\u0131s\u0131n\u0131. <\/p>\n","protected":false},"excerpt":{"rendered":"<p>SEN \u0130NSANSIN \u0130NSANLI\u011eI UNUTMA Ya\u015fayaca\u011f\u0131n\u0131z d\u00fcnyan\u0131n onurunuza, \u00f6zg\u00fcrl\u00fc\u011f\u00fcn\u00fcze ve d\u00fc\u015flerinize zeval vermeyecek kadar g\u00fczel olmas\u0131 ad\u0131na yorulmu\u015f ve yorulmakta olan insanlar\u0131n pi\u015fmanl\u0131\u011f\u0131na sebep olacak vurdumduymazl\u0131k yapmay\u0131n,<span class=\"excerpt-hellip\"> [\u2026]<\/span><\/p>\n","protected":false},"featured_media":0,"template":"","meta":{"_monsterinsights_skip_tracking":false,"_monsterinsights_sitenote_active":false,"_monsterinsights_sitenote_note":"","_monsterinsights_sitenote_category":0},"product_brand":[],"product_cat":[12291,12711],"product_tag":[],"class_list":{"0":"post-745805","1":"product","2":"type-product","3":"status-publish","5":"product_cat-edebiyat","6":"product_cat-roman-oyku","7":"pa_cilt-ciltsiz","8":"pa_tur-kitap","9":"pa_yayinevi-kitap-muptelasi-yayinlari","10":"pa_yazar-abbas-turan","12":"first","13":"instock","14":"sale","15":"shipping-taxable","16":"purchasable","17":"product-type-simple"},"_links":{"self":[{"href":"https:\/\/roveyayinevi.com.tr\/index.php\/wp-json\/wp\/v2\/product\/745805","targetHints":{"allow":["GET"]}}],"collection":[{"href":"https:\/\/roveyayinevi.com.tr\/index.php\/wp-json\/wp\/v2\/product"}],"about":[{"href":"https:\/\/roveyayinevi.com.tr\/index.php\/wp-json\/wp\/v2\/types\/product"}],"wp:attachment":[{"href":"https:\/\/roveyayinevi.com.tr\/index.php\/wp-json\/wp\/v2\/media?parent=745805"}],"wp:term":[{"taxonomy":"product_brand","embeddable":true,"href":"https:\/\/roveyayinevi.com.tr\/index.php\/wp-json\/wp\/v2\/product_brand?post=745805"},{"taxonomy":"product_cat","embeddable":true,"href":"https:\/\/roveyayinevi.com.tr\/index.php\/wp-json\/wp\/v2\/product_cat?post=745805"},{"taxonomy":"product_tag","embeddable":true,"href":"https:\/\/roveyayinevi.com.tr\/index.php\/wp-json\/wp\/v2\/product_tag?post=745805"}],"curies":[{"name":"wp","href":"https:\/\/api.w.org\/{rel}","templated":true}]}}