{"id":745802,"date":"2025-08-28T02:28:12","date_gmt":"2025-08-27T23:28:12","guid":{"rendered":"https:\/\/roveyayinevi.com.tr\/index.php\/urun\/berberdeki-papagan\/"},"modified":"2026-04-16T02:58:21","modified_gmt":"2026-04-15T23:58:21","slug":"berberdeki-papagan","status":"publish","type":"product","link":"https:\/\/roveyayinevi.com.tr\/index.php\/urun\/berberdeki-papagan\/","title":{"rendered":"Berberdeki Papa\u011fan"},"content":{"rendered":"<p>\u201cSanat, b\u00fcy\u00fck icat!\u201d Behi\u00e7 Ak, \u00e7ok sevilen roman koleksiyonunun yeni kitab\u0131nda, yine felsefi ve toplumsal bir konuya ustaca de\u011finiyor. Hik\u00e2yelerin ve sanat\u0131n, toplumlar\u0131n de\u011fi\u015fiminde oynad\u0131\u011f\u0131 rol\u00fc, mizahla harmanlad\u0131\u011f\u0131 katmanl\u0131 bir kurguyla anlat\u0131yor. D\u00fcnyan\u0131n en s\u0131rad\u0131\u015f\u0131 berberinin koltu\u011funa oturan \u00e7oluk \u00e7ocuk, kad\u0131n erkek herkes, kendini adeta sihirli bir tiyatro sahnesinde buluveriyor; bir hik\u00e2ye anlat\u0131l\u0131yor ve oyun ba\u015fl\u0131yor. Sanats\u0131z bir hayat\u0131n d\u00fcnyay\u0131 nas\u0131l durgunla\u015ft\u0131rd\u0131\u011f\u0131n\u0131 g\u00f6zler \u00f6n\u00fcne seren roman, her ya\u015ftan okuru s\u0131rad\u0131\u015f\u0131 bir d\u00fc\u015f\u00fcnce evrenine davet ediyor. \u00d6\u011fretmen Ferhunde Han\u0131m, sigortac\u0131 Sadi Bey ve o\u011fullar\u0131 Haluk, \u0130stanbul\u2019dan, k\u00fc\u00e7\u00fck bir kasabaya g\u00f6\u00e7 ederler. Ba\u015flarda s\u0131k\u0131c\u0131 g\u00f6r\u00fcnen kasaba, Haluk berberi ke\u015ffedince renklenmeye ba\u015flar. Berberlik h\u00fcnerini hik\u00e2ye anlat\u0131c\u0131l\u0131\u011f\u0131yla birle\u015ftirmi\u015f \u0130smail Bey, d\u00fckk\u00e2n\u0131ndaki ye\u015fil papa\u011fanla da konu\u015fabilmektedir. Haluk, yeni arkada\u015f\u0131 Menevi\u015f\u2019le birlikte, tepedeki koca gri binan\u0131n, tiyatrocu Turhan Bey\u2019in ve filozof papa\u011fan\u0131n gizemini \u00e7\u00f6zmeye u\u011fra\u015f\u0131r. \u00dcstelik, okuldaki \u00e7izgi film at\u00f6lyesini de tamamlamak zorundad\u0131r\u2026<\/p>\n","protected":false},"excerpt":{"rendered":"<p>\u201cSanat, b\u00fcy\u00fck icat!\u201d Behi\u00e7 Ak, \u00e7ok sevilen roman koleksiyonunun yeni kitab\u0131nda, yine felsefi ve toplumsal bir konuya ustaca de\u011finiyor. Hik\u00e2yelerin ve sanat\u0131n, toplumlar\u0131n de\u011fi\u015fiminde oynad\u0131\u011f\u0131 rol\u00fc,<span class=\"excerpt-hellip\"> [\u2026]<\/span><\/p>\n","protected":false},"featured_media":0,"template":"","meta":{"_monsterinsights_skip_tracking":false,"_monsterinsights_sitenote_active":false,"_monsterinsights_sitenote_note":"","_monsterinsights_sitenote_category":0},"product_brand":[],"product_cat":[12689,12274],"product_tag":[],"class_list":{"0":"post-745802","1":"product","2":"type-product","3":"status-publish","5":"product_cat-cizgi-roman-cocuk-ve-genclik-kitaplari","6":"product_cat-cocuk-ve-genclik-kitaplari","7":"pa_cilt-ciltsiz","8":"pa_tur-kitap","9":"pa_yayinevi-gunisigi-kitapligi","10":"pa_yazar-behic-ak","12":"first","13":"instock","14":"sale","15":"shipping-taxable","16":"purchasable","17":"product-type-simple"},"_links":{"self":[{"href":"https:\/\/roveyayinevi.com.tr\/index.php\/wp-json\/wp\/v2\/product\/745802","targetHints":{"allow":["GET"]}}],"collection":[{"href":"https:\/\/roveyayinevi.com.tr\/index.php\/wp-json\/wp\/v2\/product"}],"about":[{"href":"https:\/\/roveyayinevi.com.tr\/index.php\/wp-json\/wp\/v2\/types\/product"}],"wp:attachment":[{"href":"https:\/\/roveyayinevi.com.tr\/index.php\/wp-json\/wp\/v2\/media?parent=745802"}],"wp:term":[{"taxonomy":"product_brand","embeddable":true,"href":"https:\/\/roveyayinevi.com.tr\/index.php\/wp-json\/wp\/v2\/product_brand?post=745802"},{"taxonomy":"product_cat","embeddable":true,"href":"https:\/\/roveyayinevi.com.tr\/index.php\/wp-json\/wp\/v2\/product_cat?post=745802"},{"taxonomy":"product_tag","embeddable":true,"href":"https:\/\/roveyayinevi.com.tr\/index.php\/wp-json\/wp\/v2\/product_tag?post=745802"}],"curies":[{"name":"wp","href":"https:\/\/api.w.org\/{rel}","templated":true}]}}