{"id":745798,"date":"2025-08-28T02:28:06","date_gmt":"2025-08-27T23:28:06","guid":{"rendered":"https:\/\/roveyayinevi.com.tr\/index.php\/urun\/bilinc-ve-bilincdisi\/"},"modified":"2026-04-16T02:58:21","modified_gmt":"2026-04-15T23:58:21","slug":"bilinc-ve-bilincdisi","status":"publish","type":"product","link":"https:\/\/roveyayinevi.com.tr\/index.php\/urun\/bilinc-ve-bilincdisi\/","title":{"rendered":"Bilin\u00e7 ve Bilin\u00e7d\u0131\u015f\u0131"},"content":{"rendered":"<p>Bilin\u00e7 ve Bilin\u00e7d\u0131\u015f\u0131, Jung\u2019un 1933-1941 y\u0131llar\u0131 aras\u0131nda \u0130svi\u00e7re Federal Teknoloji Enstit\u00fcs\u00fc\u2019nde (ETH) verdi\u011fi ders\/konferanslar\u0131n 1934 yaz\u0131na ait cildidir. Bu dersler, kat\u0131l\u0131mc\u0131lar\u0131n notlar\u0131ndan yeniden olu\u015fturulmu\u015ftur. Jung\u2019un bu t\u00fcr seminer metinlerinde her zaman daha ula\u015f\u0131labilir bir dille kar\u015f\u0131la\u015f\u0131yoruz, zira bunlarda hem hitap edilen kitle zaman zaman genel bir kitle oluyor hem de Jung\u2019un s\u00f6zl\u00fc s\u00f6ylemi daha basit ve samimi oluyor. Buradaki 12 derste Jung\u2019un kuram\u0131n\u0131n art\u0131k bi\u00e7im alm\u0131\u015f bir haliyle kar\u015f\u0131la\u015f\u0131yoruz ve tam bu \u015fekil alm\u0131\u015fl\u0131klad\u0131r ki, Jung, kuram\u0131n\u0131n genelini dinleyicisine izah eder. Temel kavramlar, psikogalvanik y\u00f6ntem, \u00e7a\u011fr\u0131\u015f\u0131m testleri, r\u00fcya \u00e7\u00f6z\u00fcmlemesi, ki\u015filik tipleri vb. bir\u00e7ok Jungcu y\u00f6ntem ve anlay\u0131\u015flar derli toplu ve basit bir \u015fekilde ele al\u0131n\u0131r, baz\u0131 konulara Jung\u2019un zaman i\u00e7inde edindi\u011fi deneyimlerle katk\u0131lar yap\u0131l\u0131r, \u00e7e\u015fitli vaka ve deney \u00f6rnekleri verilir. Not d\u00f6k\u00fcmlerinin edit\u00f6rlerinden biri olan Ernst Falzeder\u2019\u0131n da s\u00f6zleriyle, \u201cJung\u2019un kendi \u2018Analitik Psikoloji \u00dczerine Giri\u015f Dersleri\u2019ne ho\u015f geldiniz.\u201d<\/p>\n","protected":false},"excerpt":{"rendered":"<p>Bilin\u00e7 ve Bilin\u00e7d\u0131\u015f\u0131, Jung\u2019un 1933-1941 y\u0131llar\u0131 aras\u0131nda \u0130svi\u00e7re Federal Teknoloji Enstit\u00fcs\u00fc\u2019nde (ETH) verdi\u011fi ders\/konferanslar\u0131n 1934 yaz\u0131na ait cildidir. Bu dersler, kat\u0131l\u0131mc\u0131lar\u0131n notlar\u0131ndan yeniden olu\u015fturulmu\u015ftur. Jung\u2019un bu<span class=\"excerpt-hellip\"> [\u2026]<\/span><\/p>\n","protected":false},"featured_media":0,"template":"","meta":{"_monsterinsights_skip_tracking":false,"_monsterinsights_sitenote_active":false,"_monsterinsights_sitenote_note":"","_monsterinsights_sitenote_category":0},"product_brand":[],"product_cat":[12358,12357],"product_tag":[],"class_list":{"0":"post-745798","1":"product","2":"type-product","3":"status-publish","5":"product_cat-genel-psikoloji","6":"product_cat-psikoloji","7":"pa_cilt-ciltsiz","8":"pa_tur-kitap","9":"pa_yayinevi-pinhan-yayincilik","10":"pa_yazar-carl-gustav-jung","12":"first","13":"instock","14":"sale","15":"shipping-taxable","16":"purchasable","17":"product-type-simple"},"_links":{"self":[{"href":"https:\/\/roveyayinevi.com.tr\/index.php\/wp-json\/wp\/v2\/product\/745798","targetHints":{"allow":["GET"]}}],"collection":[{"href":"https:\/\/roveyayinevi.com.tr\/index.php\/wp-json\/wp\/v2\/product"}],"about":[{"href":"https:\/\/roveyayinevi.com.tr\/index.php\/wp-json\/wp\/v2\/types\/product"}],"wp:attachment":[{"href":"https:\/\/roveyayinevi.com.tr\/index.php\/wp-json\/wp\/v2\/media?parent=745798"}],"wp:term":[{"taxonomy":"product_brand","embeddable":true,"href":"https:\/\/roveyayinevi.com.tr\/index.php\/wp-json\/wp\/v2\/product_brand?post=745798"},{"taxonomy":"product_cat","embeddable":true,"href":"https:\/\/roveyayinevi.com.tr\/index.php\/wp-json\/wp\/v2\/product_cat?post=745798"},{"taxonomy":"product_tag","embeddable":true,"href":"https:\/\/roveyayinevi.com.tr\/index.php\/wp-json\/wp\/v2\/product_tag?post=745798"}],"curies":[{"name":"wp","href":"https:\/\/api.w.org\/{rel}","templated":true}]}}